{"id":988535,"date":"2024-07-23T09:58:01","date_gmt":"2024-07-23T09:58:01","guid":{"rendered":"https:\/\/store.todsystem.com\/?post_type=product&#038;p=988535"},"modified":"2025-07-30T08:30:49","modified_gmt":"2025-07-30T08:30:49","slug":"roeq-s-cart500w","status":"publish","type":"product","link":"https:\/\/store.todsystem.com\/fr\/produit-2\/roeq-s-cart500w\/","title":{"rendered":"ROEQ S-Cart500W"},"content":{"rendered":"<div class=\"vgblk-rw-wrapper limit-wrapper\"><strong>Potenzia la Capacit\u00e0 di Carico dei Tuoi Robot MiR con le Soluzioni ROEQ Cart<\/strong><\/p>\n<p>Scopri come le innovative soluzioni ROEQ Cart possono trasformare il modo in cui gestisci il trasporto del carico all&#8217;interno della tua azienda. Le soluzioni ROEQ offrono stabilit\u00e0, sicurezza e versatilit\u00e0, permettendo di ottimizzare il flusso di lavoro tra le diverse stazioni di lavoro.<\/p>\n<p>Scegli tra il prelievo in spazio libero o tramite docking station per massimizzare l&#8217;efficienza operativa.<\/p>\n<p><strong>Vantaggi delle Soluzioni ROEQ Cart:<\/strong><\/p>\n<ul>\n<li>Aumenta notevolmente la capacit\u00e0 di carico dei tuoi robot MiR AMR, raddoppiando il potenziale di trasporto &#8211; Scopri il potente modulo ROEQ TMS-C500.<\/li>\n<li>Include fori di montaggio per l&#8217;aggiunta di guide per pallet o per installare un piano personalizzato come scaffalature.<\/li>\n<li>Ogni modulo ROEQ \u00e8 dotato di software di sicurezza e ROEQ Assist, che facilita una configurazione rapida e uniforme, semplificando la manutenzione e minimizzando i tempi di inattivit\u00e0.<\/li>\n<\/ul>\n<p><strong>Compatibilit\u00e0 con i Robot MiR:<\/strong><\/p>\n<ul>\n<li>MiR250<\/li>\n<\/ul>\n<p><strong>Compatibilit\u00e0 con Prodotti ROEQ:<\/strong><\/p>\n<ul>\n<li>TMS-C500 Ext<\/li>\n<li>TMS-C300 Ext<\/li>\n<li>Guides S-Cart<\/li>\n<\/ul>\n<p><strong>Specifiche di Carico Utile:<\/strong><\/p>\n<ul>\n<li>Fino a 500 kg con il modulo superiore ROEQ TMS-C500 Ext.<\/li>\n<li>Fino a 300 kg con il modulo superiore ROEQ TMS-C300 Ext.<\/li>\n<li>Per carichi eccezionali, contatta il tuo partner ROEQ per indicazioni utili.<\/li>\n<\/ul>\n<p><strong>Dimensioni (L x P x H):<\/strong><\/p>\n<ul>\n<li>790 x 800 x 423 mm \/ 31.1\u2033 x 31.5\u2033 x 16.7\u2033<\/li>\n<\/ul>\n<p><strong>Caratteristiche Principali:<\/strong><\/p>\n<ul>\n<li>Ruote centrali per manovrabilit\u00e0 ottimale e facilit\u00e0 di movimento.<\/li>\n<li>Prelievo e rilascio in spazio libero per operazioni rapide.<\/li>\n<li>Fori di fissaggio integrati per montaggio di attrezzature personalizzate.<\/li>\n<li>Include ruote ESD di serie, perfette per ambienti sensibili.<\/li>\n<\/ul>\n<\/div>\n<p><!-- .vgblk-rw-wrapper --><\/p>","protected":false},"excerpt":{"rendered":"<p>Con\u00e7u pour pr\u00e9lever, transporter et d\u00e9poser des charges jusqu'\u00e0 500 kg dans un espace libre, ce chariot est id\u00e9al en combinaison avec le module ROEQ TMS-C500 Ext top et le MiR250.<\/p>","protected":false},"featured_media":1013919,"template":"","meta":[],"pwb-brand":[],"product_brand":[],"product_cat":[614],"product_tag":[],"class_list":{"0":"post-988535","1":"product","2":"type-product","3":"status-publish","4":"has-post-thumbnail","6":"product_cat-robot-mobili-amr-agv","8":"first","9":"instock","10":"virtual","11":"product-type-simple"},"brands":[],"_links":{"self":[{"href":"https:\/\/store.todsystem.com\/fr\/wp-json\/wp\/v2\/product\/988535","targetHints":{"allow":["GET"]}}],"collection":[{"href":"https:\/\/store.todsystem.com\/fr\/wp-json\/wp\/v2\/product"}],"about":[{"href":"https:\/\/store.todsystem.com\/fr\/wp-json\/wp\/v2\/types\/product"}],"version-history":[{"count":4,"href":"https:\/\/store.todsystem.com\/fr\/wp-json\/wp\/v2\/product\/988535\/revisions"}],"predecessor-version":[{"id":1018539,"href":"https:\/\/store.todsystem.com\/fr\/wp-json\/wp\/v2\/product\/988535\/revisions\/1018539"}],"wp:featuredmedia":[{"embeddable":true,"href":"https:\/\/store.todsystem.com\/fr\/wp-json\/wp\/v2\/media\/1013919"}],"wp:attachment":[{"href":"https:\/\/store.todsystem.com\/fr\/wp-json\/wp\/v2\/media?parent=988535"}],"wp:term":[{"taxonomy":"pwb-brand","embeddable":true,"href":"https:\/\/store.todsystem.com\/fr\/wp-json\/wp\/v2\/pwb-brand?post=988535"},{"taxonomy":"product_brand","embeddable":true,"href":"https:\/\/store.todsystem.com\/fr\/wp-json\/wp\/v2\/product_brand?post=988535"},{"taxonomy":"product_cat","embeddable":true,"href":"https:\/\/store.todsystem.com\/fr\/wp-json\/wp\/v2\/product_cat?post=988535"},{"taxonomy":"product_tag","embeddable":true,"href":"https:\/\/store.todsystem.com\/fr\/wp-json\/wp\/v2\/product_tag?post=988535"}],"curies":[{"name":"wp","href":"https:\/\/api.w.org\/{rel}","templated":true}]}}