{"id":988534,"date":"2024-07-23T09:58:01","date_gmt":"2024-07-23T09:58:01","guid":{"rendered":"https:\/\/store.todsystem.com\/?post_type=product&#038;p=988534"},"modified":"2025-07-11T07:56:15","modified_gmt":"2025-07-11T07:56:15","slug":"keenon-dinerbot-t9","status":"publish","type":"product","link":"https:\/\/store.todsystem.com\/fr\/produit-2\/keenon-dinerbot-t9\/","title":{"rendered":"Keenon Robotics Dinerbot T9"},"content":{"rendered":"<div class=\"vgblk-rw-wrapper limit-wrapper\"><strong>Keenon Dinerbot T9 : Le serveur robotis\u00e9 de la prochaine g\u00e9n\u00e9ration<\/strong><\/p>\n<p>D\u00e9couvrez les <strong>Keenon Dinerbot T9<\/strong>Ce robot de service sophistiqu\u00e9, dot\u00e9 d'une technologie de navigation autonome et de capteurs de pointe, est capable d'\u00e9viter les obstacles, d'adapter sa vitesse et d'optimiser l'exp\u00e9rience du client. Ce robot de service sophistiqu\u00e9, dot\u00e9 d'une technologie de navigation autonome et de capteurs de pointe, est capable d'\u00e9viter les obstacles, d'adapter sa vitesse et d'optimiser l'exp\u00e9rience du client. Sa polyvalence et sa capacit\u00e9 \u00e0 travailler en synergie avec d'autres robots en font une solution id\u00e9ale pour am\u00e9liorer les op\u00e9rations dans le secteur de la restauration.<\/p>\n<p><strong>Principales caract\u00e9ristiques du Dinerbot T9<\/strong><\/p>\n<ul>\n<li><strong>Dimensions :<\/strong> 500 x 527 x 1266 mm<\/li>\n<li><strong>Poids :<\/strong> 63 kg<\/li>\n<li><strong>Nombre d'\u00e9tag\u00e8res :<\/strong> 4, r\u00e9glables pour optimiser l'espace<\/li>\n<li><strong>Capacit\u00e9 de charge :<\/strong> Jusqu'\u00e0 40 kg (10 kg par \u00e9tag\u00e8re)<\/li>\n<li><strong>Autonomie de la batterie :<\/strong> Jusqu'\u00e0 18 heures de fonctionnement ininterrompu<\/li>\n<li><strong>Temps de recharge :<\/strong> Chargement rapide en 4 heures seulement<\/li>\n<li><strong>Vitesse r\u00e9glable :<\/strong> 0,1 \u00e0 1,0 m\/s pour s'adapter \u00e0 tous les environnements<\/li>\n<li><strong>Soutien linguistique :<\/strong> 15 langues et 9 expressions faciales personnalisables<\/li>\n<li><strong>Collaboration robotique :<\/strong> Oui, gr\u00e2ce \u00e0 un syst\u00e8me de communication int\u00e9gr\u00e9 pour une gestion fluide des op\u00e9rations<\/li>\n<\/ul>\n<p><strong>D'excellentes performances pour des op\u00e9rations optimales<\/strong><\/p>\n<p>Le <strong>Keenon Dinerbot T9<\/strong> garantit une autonomie de la batterie allant jusqu'\u00e0 18 heures, ce qui permet un fonctionnement ininterrompu tout au long de la journ\u00e9e de travail. Gr\u00e2ce \u00e0 la charge intelligente, il g\u00e8re automatiquement son propre cycle de charge, garantissant ainsi une disponibilit\u00e9 permanente. Avec 4 \u00e9tag\u00e8res r\u00e9glables et une capacit\u00e9 de charge de 40 kg, ce robot est parfait pour les livraisons multiples et continues.<\/p>\n<p><strong>Man\u0153uvrabilit\u00e9 et stabilit\u00e9 sup\u00e9rieures<\/strong><\/p>\n<p>\u00c9quip\u00e9 de capteurs intelligents, le <strong>Keenon Dinerbot T9<\/strong> d\u00e9tecte et contourne les obstacles dans toutes les directions, en adaptant sa vitesse en fonction du contexte. Cette capacit\u00e9 lui permet de se d\u00e9placer en toute s\u00e9curit\u00e9 et avec fluidit\u00e9 dans des espaces encombr\u00e9s ou complexes, tout en garantissant une pr\u00e9cision et une stabilit\u00e9 de tous les instants.<\/p>\n<p><strong>Technologie avanc\u00e9e et s\u00e9curit\u00e9 int\u00e9gr\u00e9e<\/strong><\/p>\n<p>Gr\u00e2ce \u00e0 sa technologie de navigation autonome et \u00e0 ses capteurs avanc\u00e9s, le <strong>Keenon Dinerbot T9<\/strong> est capable de fonctionner en toute s\u00e9curit\u00e9 dans n'importe quel environnement. La d\u00e9tection des obstacles et la r\u00e9gulation de la vitesse garantissent une interaction s\u00fbre avec les clients et le personnel. En outre, la personnalisation de l'interaction gr\u00e2ce \u00e0 9 expressions faciales et la prise en charge de 15 langues font de ce robot un outil id\u00e9al pour les environnements multiculturels et internationaux.<\/p>\n<p><strong>Prix et investissements<\/strong><\/p>\n<p>Le <strong>Dinerbot T9<\/strong> est disponible au prix comp\u00e9titif de <em><span class=\"woocommerce-Price-currencySymbol\">\u20ac<\/span>\u00a013.080,00<\/em>. Cet investissement repr\u00e9sente une solution innovante pour optimiser les op\u00e9rations de livraison et accro\u00eetre l'efficacit\u00e9 op\u00e9rationnelle dans vos locaux.<\/p>\n<p><strong>Pourquoi choisir le Dinerbot T9 ?<\/strong><\/p>\n<p>Investir dans la <strong>Keenon Dinerbot T9<\/strong> signifie l'adoption d'une innovation technologique qui transforme les op\u00e9rations de livraison et am\u00e9liore consid\u00e9rablement l'exp\u00e9rience du client. La capacit\u00e9 de collaborer avec d'autres robots, l'adaptation \u00e0 diff\u00e9rentes conditions environnementales et l'interaction en plusieurs langues constituent une solution innovante et polyvalente pour toutes les entreprises qui souhaitent automatiser leurs services.<\/div>\n<p><!-- .vgblk-rw-wrapper --><\/p>","protected":false},"excerpt":{"rendered":"<p>Le <a href=\"https:\/\/store.todsystem.com\/fr\/marque\/keenon\/\">KEENON Robotique<\/a> <strong>Dinerbot T9<\/strong> Le T9 augmente l'efficacit\u00e9, r\u00e9duit les co\u00fbts et am\u00e9liore le service \u00e0 la client\u00e8le pour la livraison de nourriture et de boissons. Le T9 est facile \u00e0 utiliser, s\u00fbr et peut transporter jusqu'\u00e0 40 kg de nourriture.<\/p>","protected":false},"featured_media":1018195,"template":"","meta":[],"pwb-brand":[581],"product_brand":[],"product_cat":[634],"product_tag":[],"class_list":{"0":"post-988534","1":"product","2":"type-product","3":"status-publish","4":"has-post-thumbnail","6":"pwb-brand-keenon","7":"product_cat-robot-per-reception-e-hospitality","9":"first","10":"instock","11":"shipping-taxable","12":"purchasable","13":"product-type-simple"},"brands":[{"id":581,"name":"Keenon","slug":"keenon"}],"_links":{"self":[{"href":"https:\/\/store.todsystem.com\/fr\/wp-json\/wp\/v2\/product\/988534","targetHints":{"allow":["GET"]}}],"collection":[{"href":"https:\/\/store.todsystem.com\/fr\/wp-json\/wp\/v2\/product"}],"about":[{"href":"https:\/\/store.todsystem.com\/fr\/wp-json\/wp\/v2\/types\/product"}],"version-history":[{"count":20,"href":"https:\/\/store.todsystem.com\/fr\/wp-json\/wp\/v2\/product\/988534\/revisions"}],"predecessor-version":[{"id":1018198,"href":"https:\/\/store.todsystem.com\/fr\/wp-json\/wp\/v2\/product\/988534\/revisions\/1018198"}],"wp:featuredmedia":[{"embeddable":true,"href":"https:\/\/store.todsystem.com\/fr\/wp-json\/wp\/v2\/media\/1018195"}],"wp:attachment":[{"href":"https:\/\/store.todsystem.com\/fr\/wp-json\/wp\/v2\/media?parent=988534"}],"wp:term":[{"taxonomy":"pwb-brand","embeddable":true,"href":"https:\/\/store.todsystem.com\/fr\/wp-json\/wp\/v2\/pwb-brand?post=988534"},{"taxonomy":"product_brand","embeddable":true,"href":"https:\/\/store.todsystem.com\/fr\/wp-json\/wp\/v2\/product_brand?post=988534"},{"taxonomy":"product_cat","embeddable":true,"href":"https:\/\/store.todsystem.com\/fr\/wp-json\/wp\/v2\/product_cat?post=988534"},{"taxonomy":"product_tag","embeddable":true,"href":"https:\/\/store.todsystem.com\/fr\/wp-json\/wp\/v2\/product_tag?post=988534"}],"curies":[{"name":"wp","href":"https:\/\/api.w.org\/{rel}","templated":true}]}}