{"id":988358,"date":"2024-07-22T14:52:15","date_gmt":"2024-07-22T14:52:15","guid":{"rendered":"https:\/\/store.todsystem.com\/?post_type=product&#038;p=988358"},"modified":"2025-07-14T14:20:58","modified_gmt":"2025-07-14T14:20:58","slug":"transpalette-mir-1200","status":"publish","type":"product","link":"https:\/\/store.todsystem.com\/fr\/produit-2\/transpalette-mir-1200\/","title":{"rendered":"MiR Pallet Jack 1200"},"content":{"rendered":"<div class=\"vgblk-rw-wrapper limit-wrapper\"><strong>Transpalette MiR1200 : la r\u00e9volution de l'automatisation de la manutention de palettes<\/strong><\/p>\n<p>D\u00e9couvrez les <strong>Transpalette MiR1200<\/strong>Le robot mobile autonome AMR est con\u00e7u pour maximiser l'efficacit\u00e9 du transport et de la manutention de palettes jusqu'\u00e0 1 200 kg. Gr\u00e2ce \u00e0 l'int\u00e9gration avanc\u00e9e de l'intelligence artificielle et \u00e0 la puissance du <strong>NVIDIA Jetson AGX Orin<\/strong>ce dispositif innovant assure une d\u00e9tection pr\u00e9cise et une vision en 3D, perfectionnant le positionnement des palettes et optimisant les processus op\u00e9rationnels. Certifi\u00e9 conforme aux normes de s\u00e9curit\u00e9 ISO 3691-4, le <strong>MiR1200<\/strong> est une alternative viable aux chariots \u00e9l\u00e9vateurs traditionnels, permettant de r\u00e9duire le temps de manutention interne et d'augmenter la productivit\u00e9 de votre entreprise.<\/p>\n<p><strong>Caract\u00e9ristiques techniques du transpalette MiR1200<\/strong><\/p>\n<ul>\n<li><strong>Charge utile<\/strong>1 200 kg<\/li>\n<li><strong>Vitesse maximale<\/strong>1,5 m\/s<\/li>\n<li><strong>L'autonomie<\/strong>8 \u00e0 10 heures sur une seule charge, gr\u00e2ce \u00e0 une batterie de grande capacit\u00e9 avec un taux de recharge de 1:14<\/li>\n<li><strong>Dimensions<\/strong>Dimensions : 820 mm (largeur) x 1 934 mm (longueur) x 1 990 mm (hauteur)<\/li>\n<li><strong>Hauteur maximale de prise\/positionnement<\/strong>85 cm<\/li>\n<li><strong>Normes de s\u00e9curit\u00e9<\/strong>Conforme \u00e0 la norme ISO 3691-4, il offre une protection int\u00e9grale.<\/li>\n<\/ul>\n<p><strong>Caract\u00e9ristiques principales du MiR1200<\/strong><\/p>\n<ul>\n<li><strong>Intelligence artificielle et d\u00e9tection de pr\u00e9cision<\/strong>: Le <strong>MiR1200<\/strong> int\u00e8gre l'IA de <strong>NVIDIA<\/strong>permettant une d\u00e9tection rapide et pr\u00e9cise des palettes, optimisant ainsi les cycles de pr\u00e9l\u00e8vement et de livraison. La vision 3D garantit une grande pr\u00e9cision lors de la manipulation de charges lourdes.<\/li>\n<li><strong>Chargement rapide et autonomie prolong\u00e9e<\/strong>Con\u00e7ue pour fonctionner en continu, la <strong>MiR1200<\/strong> offre une recharge rapide et une longue dur\u00e9e de vie de la batterie, minimisant ainsi les temps d'arr\u00eat.<\/li>\n<li><strong>Navigation intelligente et s\u00e9curit\u00e9 avanc\u00e9e<\/strong>Le robot : \u00c9quip\u00e9 de multiples capteurs et d'un syst\u00e8me de d\u00e9tection IA, le robot navigue en toute s\u00e9curit\u00e9 dans des environnements complexes, en \u00e9vitant les obstacles et en s'adaptant de mani\u00e8re dynamique.<\/li>\n<li><strong>Conformit\u00e9 aux normes internationales<\/strong>: Le <strong>MiR1200<\/strong> est d\u00e9velopp\u00e9 selon les normes ISO 3691-4, garantissant un transport absolument s\u00fbr et r\u00e9duisant le besoin d'\u00e9quipement conventionnel, am\u00e9liorant ainsi la s\u00e9curit\u00e9 du travail.<\/li>\n<li><strong>Robustesse et polyvalence dans les environnements difficiles<\/strong>Le syst\u00e8me d'information sur la sant\u00e9 : De conception robuste et b\u00e9n\u00e9ficiant d'un indice de protection IP52, le syst\u00e8me d'information sur la sant\u00e9 de la <strong>MiR1200<\/strong> offre des performances fiables sur diverses surfaces, parfaites pour les environnements poussi\u00e9reux et humides.<\/li>\n<\/ul>\n<p><strong>Applications et domaines d'utilisation du transpalette MiR1200<\/strong><\/p>\n<p>Le <strong>MiR1200<\/strong> \u00e8 progettato per automatizzare la movimentazione dei pallet in numerosi settori come produzione, logistica e automotive. Questa soluzione innovativa non solo migliora l&#8217;efficienza operativa, ma riduce anche i costi legati alla movimentazione dei materiali. Il <strong>Transpalette MiR1200<\/strong> repr\u00e9sente une avanc\u00e9e majeure dans le domaine de la manutention autonome de palettes, combinant puissance, pr\u00e9cision et int\u00e9gration pour offrir une solution compl\u00e8te aux entreprises qui cherchent \u00e0 optimiser leurs processus logistiques par le biais de l'innovation technologique.<\/div>\n<p><!-- .vgblk-rw-wrapper --><\/p>","protected":false},"excerpt":{"rendered":"<p>Le <strong>Transpalette MiR1200<\/strong> r\u00e9volutionne le transport interne de palettes en automatisant la d\u00e9tection, le transport et la livraison de palettes pesant jusqu'\u00e0 1 200 kg \u00e0 une vitesse de 1,5 m\/s. Dot\u00e9 d'un syst\u00e8me de perception avanc\u00e9 bas\u00e9 sur l'intelligence artificielle, il r\u00e9duit les temps de prise et de d\u00e9pose, augmentant ainsi la productivit\u00e9.<\/p>","protected":false},"featured_media":988415,"template":"","meta":[],"pwb-brand":[583],"product_brand":[],"product_cat":[614],"product_tag":[],"class_list":{"0":"post-988358","1":"product","2":"type-product","3":"status-publish","4":"has-post-thumbnail","6":"pwb-brand-mir","7":"product_cat-robot-mobili-amr-agv","9":"first","10":"instock","11":"virtual","12":"product-type-simple"},"brands":[{"id":583,"name":"MiR Mobile Industrial Robots","slug":"mir-251"}],"_links":{"self":[{"href":"https:\/\/store.todsystem.com\/fr\/wp-json\/wp\/v2\/product\/988358","targetHints":{"allow":["GET"]}}],"collection":[{"href":"https:\/\/store.todsystem.com\/fr\/wp-json\/wp\/v2\/product"}],"about":[{"href":"https:\/\/store.todsystem.com\/fr\/wp-json\/wp\/v2\/types\/product"}],"version-history":[{"count":15,"href":"https:\/\/store.todsystem.com\/fr\/wp-json\/wp\/v2\/product\/988358\/revisions"}],"predecessor-version":[{"id":1011831,"href":"https:\/\/store.todsystem.com\/fr\/wp-json\/wp\/v2\/product\/988358\/revisions\/1011831"}],"wp:featuredmedia":[{"embeddable":true,"href":"https:\/\/store.todsystem.com\/fr\/wp-json\/wp\/v2\/media\/988415"}],"wp:attachment":[{"href":"https:\/\/store.todsystem.com\/fr\/wp-json\/wp\/v2\/media?parent=988358"}],"wp:term":[{"taxonomy":"pwb-brand","embeddable":true,"href":"https:\/\/store.todsystem.com\/fr\/wp-json\/wp\/v2\/pwb-brand?post=988358"},{"taxonomy":"product_brand","embeddable":true,"href":"https:\/\/store.todsystem.com\/fr\/wp-json\/wp\/v2\/product_brand?post=988358"},{"taxonomy":"product_cat","embeddable":true,"href":"https:\/\/store.todsystem.com\/fr\/wp-json\/wp\/v2\/product_cat?post=988358"},{"taxonomy":"product_tag","embeddable":true,"href":"https:\/\/store.todsystem.com\/fr\/wp-json\/wp\/v2\/product_tag?post=988358"}],"curies":[{"name":"wp","href":"https:\/\/api.w.org\/{rel}","templated":true}]}}