{"id":988288,"date":"2024-07-22T14:51:53","date_gmt":"2024-07-22T14:51:53","guid":{"rendered":"https:\/\/store.todsystem.com\/?post_type=product&#038;p=988288"},"modified":"2025-06-11T12:56:42","modified_gmt":"2025-06-11T12:56:42","slug":"case-todrobot","status":"publish","type":"product","link":"https:\/\/store.todsystem.com\/fr\/produit-2\/case-todrobot\/","title":{"rendered":"Todrobot CASE"},"content":{"rendered":"<div class=\"vgblk-rw-wrapper limit-wrapper\">&nbsp;<\/p>\n<h3>I Vantaggi del Braccio Robotico Collaborativo<\/h3>\n<ul>\n<li><strong>Flexibilit\u00e9 de la configuration<\/strong>: Progettato per una personalizzazione totale, il nostro braccio robotico collaborativo si integra perfettamente con diversi tipi di robot mobili, a prescindere dalle loro dimensioni e configurazioni. Questa caratteristica offre una connessione sicura e stabile, fondamentale per le applicazioni industriali moderne.<\/li>\n<li><strong>Compatibilit\u00e9 universelle<\/strong>: La compatibilit\u00e0 del nostro braccio robotico con una vasta gamma di robot collaborativi semplifica l&#8217;interoperabilit\u00e0 tra dispositivi di marchi differenti. Questo significa che puoi facilmente aggiornare i tuoi sistemi senza necessit\u00e0 di modifiche sostanziali, rendendo la tua produzione ancora pi\u00f9 efficiente.<\/li>\n<li><strong>Facilit\u00e9 d'entretien<\/strong>: I nostri design innovativi favoriscono un&#8217;accessibilit\u00e0 rapida per la manutenzione e la sostituzione dei componenti. Ci\u00f2 si traduce in una significativa riduzione del tempo di inattivit\u00e0 e dei costi operativi, assicurando che il tuo sistema robotico sia sempre in piena forma operativa.<\/li>\n<li><strong>Stabilit\u00e9 et s\u00e9curit\u00e9<\/strong>: Grazie alla robustezza della struttura, il braccio robotico assicura operazioni sicure, come la presa e il movimento di oggetti, garantendo l\u2019incolumit\u00e0 degli operatori e la protezione delle merci. La stabilit\u00e0 \u00e8 un elemento chiave per le operazioni industriali, dove la sicurezza \u00e8 sempre una priorit\u00e0.<\/li>\n<li><strong>Efficacit\u00e9 op\u00e9rationnelle<\/strong>: Aumenta significativamente l&#8217;efficienza operativa, consentendo al braccio robotico di collaborare attivamente con il robot mobile in compiti complessi, come la raccolta e distribuzione di materiali o la manipolazione di oggetti pesanti. Questo porta a un&#8217;ottimizzazione dei processi produttivi.<\/li>\n<li><strong>R\u00e9duction du temps de cycle<\/strong>: L&#8217;automazione delle operazioni di presa e trasporto tramite il nostro braccio robotico permette una notevole diminuzione dei tempi di ciclo, incrementando cos\u00ec la produttivit\u00e0 complessiva del tuo impianto. La rapidit\u00e0 nelle operazioni \u00e8 cruciale in un ambiente competitivo.<\/li>\n<li><strong>Utilisation optimale de l'espace<\/strong>: Progettato per navigare anche in spazi ristretti, il braccio robotico consente una gestione efficiente dello spazio. L&#8217;integrazione con il robot mobile ottimizza l&#8217;organizzazione dei processi in fabbrica o in magazzino, massimizzando i risultati anche in ambienti limitati.<\/li>\n<li><strong>\u00c9volutivit\u00e9<\/strong>: Grazie alla possibilit\u00e0 di aggiungere o rimuovere facilmente il braccio robotico o il robot mobile, la nostra soluzione si adatta perfettamente alle mutate esigenze di produzione, facilitando la scalabilit\u00e0 del tuo sistema robotico.<\/li>\n<li><strong>R\u00e9duire les co\u00fbts de main-d'\u0153uvre<\/strong>: L&#8217;automazione delle attivit\u00e0, come la manipolazione e il trasporto degli oggetti, diminuisce la dipendenza dalla manodopera umana, contribuendo a una significativa riduzione dei costi operativi e garantendo una maggiore precisione nelle operazioni.<\/li>\n<\/ul>\n<\/div>\n<p><!-- .vgblk-rw-wrapper --><\/p>","protected":false},"excerpt":{"rendered":"<div class=\"flex flex-grow flex-col max-w-full\">\n<div class=\"min-h-[20px] text-message flex flex-col items-start gap-3 whitespace-pre-wrap break-words [.text-message+&amp;]:mt-5 overflow-x-auto\" data-message-author-role=\"assistant\" data-message-id=\"826cc2e7-f053-43e6-b696-07b1a0fc8f4d\">\n<div class=\"markdown prose w-full break-words dark:prose-invert dark\">\n<p><span class=\"OYPEnA text-decoration-none text-strikethrough-none\">Le TR1 Case est une structure en acier con\u00e7ue pour coupler un bras robotique collaboratif et un syst\u00e8me robotique mobile.<\/span><\/p>\n<\/div>\n<\/div>\n<\/div>","protected":false},"featured_media":988390,"template":"","meta":[],"pwb-brand":[],"product_brand":[],"product_cat":[614],"product_tag":[],"class_list":{"0":"post-988288","1":"product","2":"type-product","3":"status-publish","4":"has-post-thumbnail","6":"product_cat-robot-mobili-amr-agv","8":"first","9":"instock","10":"shipping-taxable","11":"product-type-simple"},"brands":[],"_links":{"self":[{"href":"https:\/\/store.todsystem.com\/fr\/wp-json\/wp\/v2\/product\/988288","targetHints":{"allow":["GET"]}}],"collection":[{"href":"https:\/\/store.todsystem.com\/fr\/wp-json\/wp\/v2\/product"}],"about":[{"href":"https:\/\/store.todsystem.com\/fr\/wp-json\/wp\/v2\/types\/product"}],"version-history":[{"count":3,"href":"https:\/\/store.todsystem.com\/fr\/wp-json\/wp\/v2\/product\/988288\/revisions"}],"predecessor-version":[{"id":1017104,"href":"https:\/\/store.todsystem.com\/fr\/wp-json\/wp\/v2\/product\/988288\/revisions\/1017104"}],"wp:featuredmedia":[{"embeddable":true,"href":"https:\/\/store.todsystem.com\/fr\/wp-json\/wp\/v2\/media\/988390"}],"wp:attachment":[{"href":"https:\/\/store.todsystem.com\/fr\/wp-json\/wp\/v2\/media?parent=988288"}],"wp:term":[{"taxonomy":"pwb-brand","embeddable":true,"href":"https:\/\/store.todsystem.com\/fr\/wp-json\/wp\/v2\/pwb-brand?post=988288"},{"taxonomy":"product_brand","embeddable":true,"href":"https:\/\/store.todsystem.com\/fr\/wp-json\/wp\/v2\/product_brand?post=988288"},{"taxonomy":"product_cat","embeddable":true,"href":"https:\/\/store.todsystem.com\/fr\/wp-json\/wp\/v2\/product_cat?post=988288"},{"taxonomy":"product_tag","embeddable":true,"href":"https:\/\/store.todsystem.com\/fr\/wp-json\/wp\/v2\/product_tag?post=988288"}],"curies":[{"name":"wp","href":"https:\/\/api.w.org\/{rel}","templated":true}]}}