{"id":988286,"date":"2024-07-22T14:51:53","date_gmt":"2024-07-22T14:51:53","guid":{"rendered":"https:\/\/store.todsystem.com\/?post_type=product&#038;p=988286"},"modified":"2025-06-11T08:38:51","modified_gmt":"2025-06-11T08:38:51","slug":"turtlebot-3-burger","status":"publish","type":"product","link":"https:\/\/store.todsystem.com\/fr\/produit-2\/turtlebot-3-burger\/","title":{"rendered":"Robot \u00e9ducatif Turtlebot 3 Burger"},"content":{"rendered":"<div class=\"vgblk-rw-wrapper limit-wrapper\">\n<div class=\"flex flex-grow flex-col max-w-full\">\n<div class=\"min-h-[20px] text-message flex flex-col items-start gap-3 whitespace-pre-wrap break-words [.text-message+&amp;]:mt-5 overflow-x-auto\" data-message-author-role=\"assistant\" data-message-id=\"32d85def-445f-4ece-95ce-f153f3b11769\">\n<div class=\"markdown prose w-full break-words dark:prose-invert dark\">\n<h2>TurtleBot3 Burger: La Soluzione Robotica Versatile e Accessibile<\/h2>\n<p>Scopri TurtleBot3, il robot personale altamente versatile e a prezzi competitivi, ideale per chi desidera esplorare il mondo della robotica. Grazie alla sua architettura open-source, questo robot \u00e8 completamente <strong>personalizzabile<\/strong> e si presta perfettamente a diversi scenari applicativi, dalla ricerca allo sviluppo personale.<\/p>\n<p>Il TurtleBot3 Burger \u00e8 progettato da <strong>Open Robotics<\/strong> e <strong>ROBOTIS<\/strong> per offrire accesso a tecnologie avanzate, come computer SBC, sensori di profondit\u00e0 e stampa 3D, il tutto in un formato compatto. Con questo potente robot autonomo, potrai muoverti in ambienti variabili e visualizzare dati in <strong>3D<\/strong>, supportando progetti innovativi e applicazioni robotiche avanzate.<\/p>\n<h2>Caratteristiche Tecniche di TurtleBot3 Burger<\/h2>\n<ul>\n<li><strong>Velocit\u00e0 Massima di Avanzamento:<\/strong> 0.22 m\/s<\/li>\n<li><strong>Velocit\u00e0 Massima di Rotazione:<\/strong> 2,84 rad\/s (equivalente a 162,72\u00b0\/s)<\/li>\n<li><strong>Portata Massima:<\/strong> 15kg<\/li>\n<li><strong>Capacit\u00e0 di Arrampicata:<\/strong> \u226410mm<\/li>\n<li><strong>Tempo di Operativit\u00e0:<\/strong> 2:30h<\/li>\n<li><strong>Temps de recharge :<\/strong> 2:30h<\/li>\n<li><strong>Scheda di Controllo:<\/strong> 32-bit ARM Cortex\u00ae-M7 con FPU (216 MHz, 462 DMIPS)<\/li>\n<li><strong>Sensore IMU:<\/strong> Giroscopio 3-assi, Accelerometro 3-assi, Bussola 3-assi<\/li>\n<li><strong>Alimentation \u00e9lectrique :<\/strong> 3.3V\/800mA &#8211; 5V\/4A &#8211; 12V\/1A<\/li>\n<li><strong>Pin di Espansione:<\/strong> 18 pin di GPIO, Arduino 32-pin<\/li>\n<li><strong>Interfacce Periferiche:<\/strong> 3x UART, 1x CAN, 1x SPI, 1x I2C, 5x ADC, 4x OLLO 5-pin<\/li>\n<li><strong>Porte Dynamixel:<\/strong> 3x RS485, 3x TTL<\/li>\n<li><strong>Audio:<\/strong> Sequenze di suoni programmabili<\/li>\n<li><strong>LED Programmabili:<\/strong> 4x LED Utente<\/li>\n<li><strong>LED di Stato:<\/strong> 1x LED di stato per scheda, 1x LED di stato per Arduino, 1x LED di accensione<\/li>\n<li><strong>Pulsanti e Interruttori:<\/strong> 2x pulsanti a pressione, 1x pulsante di reset, 2x interruttori DIP<\/li>\n<li><strong>Batteria:<\/strong> LiPo 11.1V &#8211; 1800mAh \/ 19.98Wh 5C<\/li>\n<li><strong>Connessione a PC:<\/strong> USB<\/li>\n<li><strong>Aggiornamento Firmware:<\/strong> tramite USB \/ JTAG<\/li>\n<li><strong>Adattatori per Alimentazione (SMPS):<\/strong>\n<ul>\n<li><strong>Input:<\/strong> 100-240V, AC 50\/60Hz, 1.5A @max<\/li>\n<li><strong>Output:<\/strong> 12V DC, 5A<\/li>\n<\/ul>\n<\/li>\n<li><strong>Dimensions :<\/strong> 138 x 178 x 192 mm<\/li>\n<li><strong>Peso Totale (inclusi scheda, batteria e sensori):<\/strong> 1Kg<\/li>\n<\/ul>\n<p>Ideale per <strong>maker<\/strong>, <strong>sviluppatori<\/strong> e <strong>ricercatori<\/strong>, TurtleBot3 offre la modularit\u00e0 necessaria per sperimentare con le ultime tecnologie nel campo della robotica. Approfitta della sua capacit\u00e0 di <strong>integrare diversi sensori<\/strong> e attuatori, per dare vita a soluzioni innovative e personalizzate.<\/p>\n<\/div>\n<\/div>\n<\/div>\n<\/div>\n<p><!-- .vgblk-rw-wrapper --><\/p>","protected":false},"excerpt":{"rendered":"<div class=\"flex flex-grow flex-col max-w-full\">\n<div class=\"min-h-[20px] text-message flex flex-col items-start gap-3 whitespace-pre-wrap break-words [.text-message+&amp;]:mt-5 overflow-x-auto\" data-message-author-role=\"assistant\" data-message-id=\"826cc2e7-f053-43e6-b696-07b1a0fc8f4d\">\n<div class=\"markdown prose w-full break-words dark:prose-invert dark\">\n<p>La plateforme robotique mobile Turtlebot 3 Burger, con\u00e7ue pour l'\u00e9ducation, est compacte, l\u00e9g\u00e8re et abordable, permettant une personnalisation flexible. Elle est id\u00e9ale pour les ateliers de programmation robotique et convient aussi bien aux apprentis qu'aux professionnels de la robotique. Elle offre un moyen amusant et polyvalent d'explorer et de d\u00e9velopper des comp\u00e9tences en robotique.<\/p>\n<\/div>\n<\/div>\n<\/div>","protected":false},"featured_media":988385,"template":"","meta":[],"pwb-brand":[],"product_brand":[],"product_cat":[651],"product_tag":[],"class_list":{"0":"post-988286","1":"product","2":"type-product","3":"status-publish","4":"has-post-thumbnail","6":"product_cat-kit-robotici-educativi","8":"first","9":"instock","10":"shipping-taxable","11":"product-type-simple"},"brands":[],"_links":{"self":[{"href":"https:\/\/store.todsystem.com\/fr\/wp-json\/wp\/v2\/product\/988286","targetHints":{"allow":["GET"]}}],"collection":[{"href":"https:\/\/store.todsystem.com\/fr\/wp-json\/wp\/v2\/product"}],"about":[{"href":"https:\/\/store.todsystem.com\/fr\/wp-json\/wp\/v2\/types\/product"}],"version-history":[{"count":5,"href":"https:\/\/store.todsystem.com\/fr\/wp-json\/wp\/v2\/product\/988286\/revisions"}],"predecessor-version":[{"id":1015128,"href":"https:\/\/store.todsystem.com\/fr\/wp-json\/wp\/v2\/product\/988286\/revisions\/1015128"}],"wp:featuredmedia":[{"embeddable":true,"href":"https:\/\/store.todsystem.com\/fr\/wp-json\/wp\/v2\/media\/988385"}],"wp:attachment":[{"href":"https:\/\/store.todsystem.com\/fr\/wp-json\/wp\/v2\/media?parent=988286"}],"wp:term":[{"taxonomy":"pwb-brand","embeddable":true,"href":"https:\/\/store.todsystem.com\/fr\/wp-json\/wp\/v2\/pwb-brand?post=988286"},{"taxonomy":"product_brand","embeddable":true,"href":"https:\/\/store.todsystem.com\/fr\/wp-json\/wp\/v2\/product_brand?post=988286"},{"taxonomy":"product_cat","embeddable":true,"href":"https:\/\/store.todsystem.com\/fr\/wp-json\/wp\/v2\/product_cat?post=988286"},{"taxonomy":"product_tag","embeddable":true,"href":"https:\/\/store.todsystem.com\/fr\/wp-json\/wp\/v2\/product_tag?post=988286"}],"curies":[{"name":"wp","href":"https:\/\/api.w.org\/{rel}","templated":true}]}}