{"id":988277,"date":"2024-07-22T14:51:53","date_gmt":"2024-07-22T14:51:53","guid":{"rendered":"https:\/\/store.todsystem.com\/?post_type=product&#038;p=988277"},"modified":"2025-09-26T14:50:42","modified_gmt":"2025-09-26T14:50:42","slug":"intel-realsense-depth-camera-d455","status":"publish","type":"product","link":"https:\/\/store.todsystem.com\/fr\/produit-2\/intel-realsense-depth-camera-d455\/","title":{"rendered":"Intel RealSense D455 Telecamera di Profondit\u00e0"},"content":{"rendered":"<div class=\"vgblk-rw-wrapper limit-wrapper\">La Intel RealSense\u2122 Depth Camera D455 rappresenta un passo avanti nella tecnologia delle telecamere stereo, frutto di oltre dieci anni di innovazione e sviluppo. Grazie a un design sofisticato e a sensori di profondit\u00e0 posizionati a 95 mm di distanza, questa telecamera riduce l&#8217;errore di profondit\u00e0 a meno del 2% su una portata di 4 metri. Con la sua calibrazione rapida e la compatibilit\u00e0 con una vasta gamma di sistemi, la D455 assicura precisione e flessibilit\u00e0 per qualsiasi applicazione, dalla robotica al monitoraggio ambientale.<\/p>\n<p>Sp\u00e9cifications techniques<\/p>\n<ul>\n<li><strong>Utilisation :<\/strong> convient pour une utilisation \u00e0 l'int\u00e9rieur et \u00e0 l'ext\u00e9rieur.<\/li>\n<li><strong>Gamme id\u00e9ale :<\/strong> de 0,6 \u00e0 6 m\u00e8tres.<\/li>\n<li><strong>Technologie des capteurs :<\/strong> St\u00e9r\u00e9oscopie avec obturateur global pour des images toujours nettes.<\/li>\n<li><strong>IMU :<\/strong> Bosch BMI055 pour la perception de la profondeur pendant les mouvements.<\/li>\n<li><strong>Calibrage rapide :<\/strong> \u00e9talonnage sur puce en moins de 15 secondes avec le RealSense SDK.<\/li>\n<\/ul>\n<p>Profondeur et pr\u00e9cision pour les applications avanc\u00e9es<\/p>\n<ul>\n<li><strong>Technologie :<\/strong> St\u00e9r\u00e9oscopique pour une d\u00e9tection pr\u00e9cise de la profondeur.<\/li>\n<li><strong>Distance minimale :<\/strong> 52 cm \u00e0 la r\u00e9solution maximale.<\/li>\n<li><strong>Pr\u00e9cision :<\/strong> erreur de profondeur &lt;2% \u00e0 4 m\u00e8tres.<\/li>\n<li><strong>Champ de vision (FOV) :<\/strong> 87\u00b0 \u00d7 58\u00b0.<\/li>\n<li><strong>R\u00e9solution :<\/strong> jusqu'\u00e0 1280 \u00d7 720.<\/li>\n<li><strong>Fr\u00e9quence d'images :<\/strong> jusqu'\u00e0 90 images par seconde.<\/li>\n<\/ul>\n<p>Images RVB de haute qualit\u00e9<\/p>\n<ul>\n<li><strong>Capteur RVB :<\/strong> Obturateur global pour des images synchronis\u00e9es de haute qualit\u00e9.<\/li>\n<li><strong>Champ de vision RVB :<\/strong> 90\u00b0 \u00d7 65\u00b0.<\/li>\n<li><strong>R\u00e9solution RVB :<\/strong> 1280 \u00d7 800 \u00e0 30 fps.<\/li>\n<li><strong>R\u00e9solution du capteur :<\/strong> 1 MP.<\/li>\n<\/ul>\n<p>Taille et connectivit\u00e9<\/p>\n<ul>\n<li><strong>Dimensions :<\/strong> 124 mm \u00d7 26 mm \u00d7 29 mm.<\/li>\n<li><strong>Poids :<\/strong> ultral\u00e9ger et compact, parfait pour diverses applications.<\/li>\n<li><strong>Connectivit\u00e9 :<\/strong> USB-C 3.1 Gen 1, pour une connexion facile.<\/li>\n<li><strong>Points de fixation :<\/strong> Filets 1\/4-20 UNC et M4 pour la compatibilit\u00e9 avec les tr\u00e9pieds.<\/li>\n<\/ul>\n<p>Port\u00e9e et pr\u00e9cision optimis\u00e9es<\/p>\n<p>Le D455 est con\u00e7u pour augmenter la distance entre les capteurs de profondeur, optimisant ainsi la pr\u00e9cision \u00e0 longue port\u00e9e. Cette caract\u00e9ristique le rend id\u00e9al pour les applications complexes, telles que la surveillance de l'environnement et la robotique avanc\u00e9e.<\/p>\n<p>Synchronisation parfaite entre les images RVB et les images de profondeur<\/p>\n<p>Gr\u00e2ce \u00e0 son capteur RVB int\u00e9gr\u00e9, le D455 garantit que les images RVB et de profondeur sont parfaitement align\u00e9es. Cela facilite la cr\u00e9ation d'environnements num\u00e9riques tridimensionnels et la reconstruction de mod\u00e8les 3D, ce qui en fait un outil pr\u00e9cieux pour les d\u00e9veloppeurs et les chercheurs.<\/p>\n<p>Unit\u00e9 de mesure inertielle int\u00e9gr\u00e9e (IMU)<\/p>\n<p>L'int\u00e9gration du capteur IMU de Bosch permet une gestion avanc\u00e9e de la perception des mouvements. Cette fonction am\u00e9liore la connaissance de l'espace pour les applications dynamiques, telles que les drones et les robots mobiles, ce qui accro\u00eet la polyvalence de la cam\u00e9ra.<\/p>\n<p>\u00c9talonnage rapide et facile<\/p>\n<p>La tecnologia di calibrazione su chip, supportata dall&#8217;Intel RealSense SDK 2.0, permette una calibrazione rapida della telecamera. Questo semplifica l&#8217;installazione e riduce i tempi di preparazione, rendendo la D455 estremamente user-friendly.<\/p>\n<p>Compatibilit\u00e9 et int\u00e9gration polyvalentes<\/p>\n<p>Le D455 est compatible avec Windows, Linux, Android et macOS, et offre une prise en charge de toutes les principales plateformes et langues, ce qui facilite son int\u00e9gration dans une vari\u00e9t\u00e9 d'environnements et d'applications, du hobby \u00e0 la recherche professionnelle.<\/p>\n<p>D\u00e9couvrez le potentiel du D455<\/p>\n<p>L&#8217;Intel RealSense\u2122 Depth Camera D455 non \u00e8 solo una telecamera, ma una soluzione potente e versatile per applicazioni di visione artificiale e percezione ambientale. Con la sua robustezza, compatibilit\u00e0 e tecnologie avanzate, \u00e8 la scelta ideale per chi cerca precisione e funzionalit\u00e0.<\/p><\/div>\n<p><!-- .vgblk-rw-wrapper --><\/p>","protected":false},"excerpt":{"rendered":"<p>La <strong data-start=\"3\" data-end=\"27\"><a href=\"https:\/\/store.todsystem.com\/fr\/marque\/intel-realsense\/\">Intel RealSense<\/a> D455<\/strong> \u00e8 una fotocamera di profondit\u00e0 stereo ad alta precisione (errore &lt;2% a 4 m) con sensore RGB, IMU integrata e supporto multipiattaforma, ideale per robotica, 3D e visione artificiale.<\/p>","protected":false},"featured_media":988347,"template":"","meta":[],"pwb-brand":[592],"product_brand":[],"product_cat":[617,271],"product_tag":[],"class_list":{"0":"post-988277","1":"product","2":"type-product","3":"status-publish","4":"has-post-thumbnail","6":"pwb-brand-intel-realsense","7":"product_cat-camere-industriali","8":"product_cat-telecamere-di-profondita","10":"first","11":"instock","12":"virtual","13":"product-type-simple"},"brands":[{"id":592,"name":"Intel RealSense","slug":"intel-realsense"}],"_links":{"self":[{"href":"https:\/\/store.todsystem.com\/fr\/wp-json\/wp\/v2\/product\/988277","targetHints":{"allow":["GET"]}}],"collection":[{"href":"https:\/\/store.todsystem.com\/fr\/wp-json\/wp\/v2\/product"}],"about":[{"href":"https:\/\/store.todsystem.com\/fr\/wp-json\/wp\/v2\/types\/product"}],"version-history":[{"count":16,"href":"https:\/\/store.todsystem.com\/fr\/wp-json\/wp\/v2\/product\/988277\/revisions"}],"predecessor-version":[{"id":1016294,"href":"https:\/\/store.todsystem.com\/fr\/wp-json\/wp\/v2\/product\/988277\/revisions\/1016294"}],"wp:featuredmedia":[{"embeddable":true,"href":"https:\/\/store.todsystem.com\/fr\/wp-json\/wp\/v2\/media\/988347"}],"wp:attachment":[{"href":"https:\/\/store.todsystem.com\/fr\/wp-json\/wp\/v2\/media?parent=988277"}],"wp:term":[{"taxonomy":"pwb-brand","embeddable":true,"href":"https:\/\/store.todsystem.com\/fr\/wp-json\/wp\/v2\/pwb-brand?post=988277"},{"taxonomy":"product_brand","embeddable":true,"href":"https:\/\/store.todsystem.com\/fr\/wp-json\/wp\/v2\/product_brand?post=988277"},{"taxonomy":"product_cat","embeddable":true,"href":"https:\/\/store.todsystem.com\/fr\/wp-json\/wp\/v2\/product_cat?post=988277"},{"taxonomy":"product_tag","embeddable":true,"href":"https:\/\/store.todsystem.com\/fr\/wp-json\/wp\/v2\/product_tag?post=988277"}],"curies":[{"name":"wp","href":"https:\/\/api.w.org\/{rel}","templated":true}]}}