{"id":988266,"date":"2024-07-22T14:51:52","date_gmt":"2024-07-22T14:51:52","guid":{"rendered":"https:\/\/store.todsystem.com\/?post_type=product&#038;p=988266"},"modified":"2025-10-16T12:25:29","modified_gmt":"2025-10-16T12:25:29","slug":"mir-250","status":"publish","type":"product","link":"https:\/\/store.todsystem.com\/fr\/produit-2\/mir-250\/","title":{"rendered":"MiR250"},"content":{"rendered":"<div class=\"vgblk-rw-wrapper limit-wrapper\"><strong>MiR250 : Robot mobile autonome pour la manutention efficace de charges jusqu'\u00e0 250 kg<\/strong><\/p>\n<p>Le <strong>MiR250<\/strong> est un <strong>robot mobile autonome (AMR)<\/strong> r\u00e9volutionnaire con\u00e7u pour optimiser la logistique interne et simplifier la manutention de charges lourdes. Avec une capacit\u00e9 de charge allant jusqu'\u00e0 250 kg, le MiR250 a un faible encombrement de seulement 580 x 800 mm et une hauteur de 300 mm, ce qui le rend id\u00e9al pour fonctionner dans des espaces confin\u00e9s tels que les all\u00e9es \u00e9troites et les ascenseurs, augmentant ainsi consid\u00e9rablement l'efficacit\u00e9 op\u00e9rationnelle sans n\u00e9cessiter de travaux structurels.<\/p>\n<p><strong>Caract\u00e9ristiques techniques du MiR250<\/strong><\/p>\n<ul>\n<li><strong>Capacit\u00e9 de charge :<\/strong> jusqu'\u00e0 250 kg<\/li>\n<li><strong>Dimensions :<\/strong> Longueur 800 mm, largeur 580 mm, hauteur 300 mm<\/li>\n<li><strong>Poids :<\/strong> environ 83 kg<\/li>\n<li><strong>Vitesse maximale :<\/strong> jusqu'\u00e0 2,0 m\/s (7,2 km\/h)<\/li>\n<li><strong>Autonomie de la batterie :<\/strong> jusqu'\u00e0 17,5 heures de fonctionnement continu<\/li>\n<li><strong>Temps de recharge :<\/strong> environ 1 heure pour une recharge de 0% \u00e0 90%<\/li>\n<li><strong>Capteurs et navigation :<\/strong> Scanner laser \u00e0 360\u00b0 pour une vue compl\u00e8te de l'environnement, garantissant des op\u00e9rations s\u00fbres m\u00eame dans les zones partag\u00e9es avec le personnel.<\/li>\n<\/ul>\n<p><strong>Flexibilit\u00e9 et modularit\u00e9 du MiR250<\/strong><\/p>\n<p>Le <strong>MiR250<\/strong> prend en charge une large gamme de modules sup\u00e9rieurs tels que les convoyeurs \u00e0 rouleaux, les bandes transporteuses et les bras robotis\u00e9s. Cette flexibilit\u00e9 permet une adaptation compl\u00e8te aux besoins op\u00e9rationnels sp\u00e9cifiques de votre entreprise. En outre, il est compatible avec le <strong>Flotte MiR<\/strong>qui facilite la manipulation coordonn\u00e9e de plusieurs robots au sein d'une m\u00eame infrastructure, ce qui permet d'optimiser encore les processus de manipulation.<\/p>\n<p><strong>Navigation autonome et s\u00e9curit\u00e9 avanc\u00e9e<\/strong><\/p>\n<p>Gr\u00e2ce \u00e0 ses capteurs avanc\u00e9s et \u00e0 son logiciel de navigation de pointe, le <strong>MiR250<\/strong> est capable de cartographier son environnement, d'identifier les itin\u00e9raires optimaux et de s'adapter rapidement aux changements ou aux obstacles inattendus. La couverture sensorielle \u00e0 360\u00b0 garantit que les op\u00e9rations sont toujours s\u00fbres, m\u00eame dans les environnements o\u00f9 du personnel et d'autres machines sont pr\u00e9sents.<\/p>\n<p><strong>Programmation simple et contr\u00f4le intuitif<\/strong><\/p>\n<p>L'interface utilisateur du <strong>MiR250<\/strong> est intuitif et accessible via un navigateur web, ce qui permet une programmation ais\u00e9e sans n\u00e9cessiter de comp\u00e9tences techniques avanc\u00e9es. Vous pouvez surveiller et contr\u00f4ler le robot depuis vos appareils mobiles ou de bureau, ce qui offre une flexibilit\u00e9 sans pr\u00e9c\u00e9dent pour la gestion des op\u00e9rations quotidiennes.<\/p>\n<p><strong>Int\u00e9gration avec les syst\u00e8mes ERP et les op\u00e9rations en continu<\/strong><\/p>\n<p>Le <strong>MiR250<\/strong> s'int\u00e8gre parfaitement \u00e0 la <strong>ERP<\/strong> La batterie de grande capacit\u00e9 garantit une autonomie prolong\u00e9e, tandis que le temps de recharge rapide et le remplacement rapide de la batterie minimisent les temps d'arr\u00eat. La batterie de grande capacit\u00e9 garantit une autonomie prolong\u00e9e, tandis que le temps de recharge rapide et le remplacement rapide de la batterie minimisent les temps d'arr\u00eat. Investir dans la <strong>MiR250<\/strong> signifie l'adoption d'une solution d'automatisation de la manutention des charges \u00e0 la pointe de la technologie, contribuant \u00e0 r\u00e9duire les co\u00fbts d'exploitation et \u00e0 optimiser la productivit\u00e9 globale de votre entreprise.<\/div>\n<p><!-- .vgblk-rw-wrapper --><\/p>","protected":false},"excerpt":{"rendered":"<p>Le <strong>MiR250<\/strong> est un <strong>AMR<\/strong> plus flexible, capable de fonctionner 24 heures sur 24 et d'une grande simplicit\u00e9 de configuration, pour une meilleure productivit\u00e9. Son encombrement r\u00e9duit et sa plus grande adaptabilit\u00e9 permettent d'optimiser la logistique interne sans modifier l'agencement.<\/p>\n<ul>\n<li><strong>Dimensions :<\/strong> 580 x 800 mm<\/li>\n<li><strong>Hauteur :<\/strong> 30 cm<\/li>\n<li><strong>Poids maximum transportable :<\/strong> 250 kg<\/li>\n<li><strong>Vitesse maximale :<\/strong> 2 m\/s<\/li>\n<li><strong>Largeur minimale de passage :<\/strong> 80 cm<\/li>\n<\/ul>","protected":false},"featured_media":988301,"template":"","meta":[],"pwb-brand":[583],"product_brand":[],"product_cat":[614],"product_tag":[],"class_list":{"0":"post-988266","1":"product","2":"type-product","3":"status-publish","4":"has-post-thumbnail","6":"pwb-brand-mir","7":"product_cat-robot-mobili-amr-agv","9":"first","10":"instock","11":"featured","12":"virtual","13":"product-type-simple"},"brands":[{"id":583,"name":"MiR Mobile Industrial Robots","slug":"mir-251"}],"_links":{"self":[{"href":"https:\/\/store.todsystem.com\/fr\/wp-json\/wp\/v2\/product\/988266","targetHints":{"allow":["GET"]}}],"collection":[{"href":"https:\/\/store.todsystem.com\/fr\/wp-json\/wp\/v2\/product"}],"about":[{"href":"https:\/\/store.todsystem.com\/fr\/wp-json\/wp\/v2\/types\/product"}],"version-history":[{"count":19,"href":"https:\/\/store.todsystem.com\/fr\/wp-json\/wp\/v2\/product\/988266\/revisions"}],"predecessor-version":[{"id":1017401,"href":"https:\/\/store.todsystem.com\/fr\/wp-json\/wp\/v2\/product\/988266\/revisions\/1017401"}],"wp:featuredmedia":[{"embeddable":true,"href":"https:\/\/store.todsystem.com\/fr\/wp-json\/wp\/v2\/media\/988301"}],"wp:attachment":[{"href":"https:\/\/store.todsystem.com\/fr\/wp-json\/wp\/v2\/media?parent=988266"}],"wp:term":[{"taxonomy":"pwb-brand","embeddable":true,"href":"https:\/\/store.todsystem.com\/fr\/wp-json\/wp\/v2\/pwb-brand?post=988266"},{"taxonomy":"product_brand","embeddable":true,"href":"https:\/\/store.todsystem.com\/fr\/wp-json\/wp\/v2\/product_brand?post=988266"},{"taxonomy":"product_cat","embeddable":true,"href":"https:\/\/store.todsystem.com\/fr\/wp-json\/wp\/v2\/product_cat?post=988266"},{"taxonomy":"product_tag","embeddable":true,"href":"https:\/\/store.todsystem.com\/fr\/wp-json\/wp\/v2\/product_tag?post=988266"}],"curies":[{"name":"wp","href":"https:\/\/api.w.org\/{rel}","templated":true}]}}