{"id":1018096,"date":"2025-07-03T09:54:40","date_gmt":"2025-07-03T09:54:40","guid":{"rendered":"https:\/\/store.todsystem.com\/?post_type=product&#038;p=1018096"},"modified":"2025-07-09T08:01:26","modified_gmt":"2025-07-09T08:01:26","slug":"grille-de-larmoire","status":"publish","type":"product","link":"https:\/\/store.todsystem.com\/fr\/produit-2\/grille-de-larmoire\/","title":{"rendered":"Grille de l'armoire"},"content":{"rendered":"<div class=\"vgblk-rw-wrapper limit-wrapper\">Principaux avantages :<\/p>\n<ul>\n<li><b>Am\u00e9lioration de l'esth\u00e9tique :<\/b> Il ferme efficacement les espaces, contribuant ainsi \u00e0 donner un aspect plus ordonn\u00e9 et plus professionnel \u00e0 votre armoire.<\/li>\n<li><b>Protection contre la poussi\u00e8re :<\/b> Il emp\u00eache la poussi\u00e8re et les d\u00e9bris de p\u00e9n\u00e9trer dans l'armoire, ce qui permet de garder les composants plus propres.<\/li>\n<li><b>Installation simple :<\/b> Con\u00e7u pour un montage rapide et intuitif, il s'adapte facilement \u00e0 la plupart des configurations.<\/li>\n<li><b>Durabilit\u00e9 garantie :<\/b> Le PLA garantit la durabilit\u00e9 et r\u00e9siste \u00e0 une utilisation quotidienne sans perdre ses propri\u00e9t\u00e9s.<\/li>\n<li><b>Choix \u00e9cologique :<\/b> En optant pour le PLA, vous contribuez \u00e0 une solution plus durable et plus respectueuse de l'environnement pour votre site.<\/li>\n<\/ul>\n<\/div>\n<p><!-- .vgblk-rw-wrapper --><\/p>","protected":false},"excerpt":{"rendered":"<p>Fabriqu\u00e9 en <b>PLA (Acide Polylactique)<\/b>un mat\u00e9riau polyvalent et respectueux de l'environnement, cette fermeture est con\u00e7ue pour <b>dissimuler proprement les espaces vides ou les ouvertures dans votre armoire<\/b>. Le PLA, appr\u00e9ci\u00e9 pour sa durabilit\u00e9 et sa nature biod\u00e9gradable, offre une solution robuste et consciente pour am\u00e9liorer l'esth\u00e9tique et la fonctionnalit\u00e9 de votre poste de travail.<\/p>\n<p>Optimisez votre espace gr\u00e2ce \u00e0 la fermeture des armoires. Fatigu\u00e9 de voir des espaces ouverts disgracieux sur votre <b>armoire<\/b>? Cette solution de fermeture est id\u00e9ale pour finir et optimiser l'aspect de votre installation, en \u00e9liminant les ouvertures non d\u00e9sir\u00e9es et en lui donnant une touche professionnelle.<\/p>","protected":false},"featured_media":1018097,"template":"","meta":[],"pwb-brand":[670],"product_brand":[],"product_cat":[664],"product_tag":[],"class_list":{"0":"post-1018096","1":"product","2":"type-product","3":"status-publish","4":"has-post-thumbnail","6":"pwb-brand-todrobot","7":"product_cat-accessori-meccanici","9":"first","10":"instock","11":"shipping-taxable","12":"purchasable","13":"product-type-simple"},"brands":[{"id":670,"name":"todrobot","slug":"todrobot"}],"_links":{"self":[{"href":"https:\/\/store.todsystem.com\/fr\/wp-json\/wp\/v2\/product\/1018096","targetHints":{"allow":["GET"]}}],"collection":[{"href":"https:\/\/store.todsystem.com\/fr\/wp-json\/wp\/v2\/product"}],"about":[{"href":"https:\/\/store.todsystem.com\/fr\/wp-json\/wp\/v2\/types\/product"}],"version-history":[{"count":6,"href":"https:\/\/store.todsystem.com\/fr\/wp-json\/wp\/v2\/product\/1018096\/revisions"}],"predecessor-version":[{"id":1018274,"href":"https:\/\/store.todsystem.com\/fr\/wp-json\/wp\/v2\/product\/1018096\/revisions\/1018274"}],"wp:featuredmedia":[{"embeddable":true,"href":"https:\/\/store.todsystem.com\/fr\/wp-json\/wp\/v2\/media\/1018097"}],"wp:attachment":[{"href":"https:\/\/store.todsystem.com\/fr\/wp-json\/wp\/v2\/media?parent=1018096"}],"wp:term":[{"taxonomy":"pwb-brand","embeddable":true,"href":"https:\/\/store.todsystem.com\/fr\/wp-json\/wp\/v2\/pwb-brand?post=1018096"},{"taxonomy":"product_brand","embeddable":true,"href":"https:\/\/store.todsystem.com\/fr\/wp-json\/wp\/v2\/product_brand?post=1018096"},{"taxonomy":"product_cat","embeddable":true,"href":"https:\/\/store.todsystem.com\/fr\/wp-json\/wp\/v2\/product_cat?post=1018096"},{"taxonomy":"product_tag","embeddable":true,"href":"https:\/\/store.todsystem.com\/fr\/wp-json\/wp\/v2\/product_tag?post=1018096"}],"curies":[{"name":"wp","href":"https:\/\/api.w.org\/{rel}","templated":true}]}}