{"id":1016730,"date":"2025-05-29T09:48:17","date_gmt":"2025-05-29T09:48:17","guid":{"rendered":"https:\/\/store.todsystem.com\/?post_type=product&#038;p=1016730"},"modified":"2025-06-11T10:33:16","modified_gmt":"2025-06-11T10:33:16","slug":"hikrobot-fmr-f4-1000c-15m-2m","status":"publish","type":"product","link":"https:\/\/store.todsystem.com\/fr\/produit-2\/hikrobot-fmr-f4-1000c-15m-2m\/","title":{"rendered":"Hikrobot FMR F4-1000C - 1,5m \/ 2m"},"content":{"rendered":"<div class=\"vgblk-rw-wrapper limit-wrapper\">\n<h4>Sp\u00e9cifications techniques<\/h4>\n<p>Dimensioni L x l x h: 1692 x 990 x 1983 mm<br \/>\nPortata nominale: 1000 Kg<br \/>\nNavigation : L-SLAM\/ 3D L-SLAM (personnalisable)<\/p><\/div>\n<p><!-- .vgblk-rw-wrapper --><\/p>","protected":false},"excerpt":{"rendered":"<p><strong>F4-1000C<\/strong> \u00e8 un robot mobile a forche versatile, progettato per la movimentazione di carichi fino a 1000 Kg con capacit\u00e0 di sollevamento a diverse altezze. Con una <strong>portata nominale di 1000 Kg<\/strong>, \u00e8 adatto al trasporto di pallet standard. Le sue dimensioni sono <strong>1692 x 990 x 1983 mm<\/strong> (L x l x h). La sua flessibilit\u00e0 \u00e8 evidenziata dalla capacit\u00e0 di operare con altezze di sollevamento di 1,5m o 2m. La navigazione ad alta precisione, tramite <strong>L-SLAM\/3D L-SLAM (personnalisable)<\/strong>, garantisce un posizionamento accurato fino a 5 mm.<\/p>","protected":false},"featured_media":1016731,"template":"","meta":[],"pwb-brand":[607],"product_brand":[],"product_cat":[614],"product_tag":[],"class_list":{"0":"post-1016730","1":"product","2":"type-product","3":"status-publish","4":"has-post-thumbnail","6":"pwb-brand-hikrobot","7":"product_cat-robot-mobili-amr-agv","9":"first","10":"instock","11":"shipping-taxable","12":"product-type-simple"},"brands":[{"id":607,"name":"Hikrobot","slug":"hikrobot"}],"_links":{"self":[{"href":"https:\/\/store.todsystem.com\/fr\/wp-json\/wp\/v2\/product\/1016730","targetHints":{"allow":["GET"]}}],"collection":[{"href":"https:\/\/store.todsystem.com\/fr\/wp-json\/wp\/v2\/product"}],"about":[{"href":"https:\/\/store.todsystem.com\/fr\/wp-json\/wp\/v2\/types\/product"}],"version-history":[{"count":2,"href":"https:\/\/store.todsystem.com\/fr\/wp-json\/wp\/v2\/product\/1016730\/revisions"}],"predecessor-version":[{"id":1016733,"href":"https:\/\/store.todsystem.com\/fr\/wp-json\/wp\/v2\/product\/1016730\/revisions\/1016733"}],"wp:featuredmedia":[{"embeddable":true,"href":"https:\/\/store.todsystem.com\/fr\/wp-json\/wp\/v2\/media\/1016731"}],"wp:attachment":[{"href":"https:\/\/store.todsystem.com\/fr\/wp-json\/wp\/v2\/media?parent=1016730"}],"wp:term":[{"taxonomy":"pwb-brand","embeddable":true,"href":"https:\/\/store.todsystem.com\/fr\/wp-json\/wp\/v2\/pwb-brand?post=1016730"},{"taxonomy":"product_brand","embeddable":true,"href":"https:\/\/store.todsystem.com\/fr\/wp-json\/wp\/v2\/product_brand?post=1016730"},{"taxonomy":"product_cat","embeddable":true,"href":"https:\/\/store.todsystem.com\/fr\/wp-json\/wp\/v2\/product_cat?post=1016730"},{"taxonomy":"product_tag","embeddable":true,"href":"https:\/\/store.todsystem.com\/fr\/wp-json\/wp\/v2\/product_tag?post=1016730"}],"curies":[{"name":"wp","href":"https:\/\/api.w.org\/{rel}","templated":true}]}}