{"id":1016474,"date":"2025-05-12T07:34:13","date_gmt":"2025-05-12T07:34:13","guid":{"rendered":"https:\/\/store.todsystem.com\/?post_type=product&#038;p=1016474"},"modified":"2025-06-11T12:09:35","modified_gmt":"2025-06-11T12:09:35","slug":"dji-mini-4-pro","status":"publish","type":"product","link":"https:\/\/store.todsystem.com\/fr\/produit-2\/dji-mini-4-pro\/","title":{"rendered":"DJI Mini 4 Pro"},"content":{"rendered":"<div class=\"vgblk-rw-wrapper limit-wrapper\">\n<p data-sourcepos=\"7:1-7:31\"><strong>Caratteristiche Principali:<\/strong><\/p>\n<ul data-sourcepos=\"9:1-26:0\">\n<li data-sourcepos=\"9:1-9:87\"><strong>Sotto i 249g:<\/strong> Leggero e portatile, esente da alcune normative in diverse regioni.<\/li>\n<li data-sourcepos=\"10:1-16:54\"><strong>Fotocamera Potente:<\/strong>\n<ul data-sourcepos=\"11:5-16:54\">\n<li data-sourcepos=\"11:5-11:33\">Sensore CMOS 1\/1.3 pollici.<\/li>\n<li data-sourcepos=\"12:5-12:70\">Video 4K\/60fps HDR reale per una qualit\u00e0 d&#8217;immagine eccezionale.<\/li>\n<li data-sourcepos=\"13:5-13:45\">Foto da 48MP per dettagli sorprendenti.<\/li>\n<li data-sourcepos=\"14:5-14:79\">Doppia ISO nativa per prestazioni ottimali in diverse condizioni di luce.<\/li>\n<li data-sourcepos=\"15:5-15:28\">Slow Motion 4K\/100fps.<\/li>\n<li data-sourcepos=\"16:5-16:54\">Zoom digitale fino a 3x per foto e 2x per video.<\/li>\n<\/ul>\n<\/li>\n<li data-sourcepos=\"17:1-17:110\"><strong>Rilevamento Ostacoli Omnidirezionale:<\/strong> Sensori in tutte le direzioni per una sicurezza di volo superiore.<\/li>\n<li data-sourcepos=\"18:1-18:88\"><strong>ActiveTrack 360\u00b0:<\/strong> Tracciamento intelligente dei soggetti da qualsiasi angolazione.<\/li>\n<li data-sourcepos=\"19:1-19:97\"><strong>Trasmissione Video FHD a 20 km O4:<\/strong> Portata estesa e segnale stabile per riprese affidabili.<\/li>\n<li data-sourcepos=\"20:1-20:82\"><strong>Autonomie \u00e9tendue :<\/strong> Fino a 34 minuti di volo per esplorare e catturare di pi\u00f9.<\/li>\n<li data-sourcepos=\"21:1-21:115\"><strong>True Vertical Shooting:<\/strong> Passa facilmente alle riprese verticali per contenuti ottimizzati per i social media.<\/li>\n<li data-sourcepos=\"22:1-22:73\"><strong>Waypoint Flight Pro:<\/strong> Pianifica rotte di volo precise ed efficienti.<\/li>\n<li data-sourcepos=\"23:1-23:83\"><strong>Cruise Control:<\/strong> Imposta una velocit\u00e0 di crociera costante per riprese fluide.<\/li>\n<li data-sourcepos=\"24:1-24:102\"><strong>Advanced RTH (Return to Home):<\/strong> Ritorno automatico al punto di decollo pi\u00f9 sicuro e intelligente.<\/li>\n<li data-sourcepos=\"25:1-26:0\"><strong>LightCut:<\/strong> App di editing video intuitiva con modelli AI per creare facilmente video straordinari.<\/li>\n<\/ul>\n<\/div>\n<p><!-- .vgblk-rw-wrapper --><\/p>","protected":false},"excerpt":{"rendered":"<p>Il DJI Mini 4 Pro \u00e8 il nostro drone mini pi\u00f9 avanzato di sempre. Combinando un peso inferiore a 249 grammi con potenti funzionalit\u00e0 di imaging, rilevamento ostacoli omnidirezionale e un&#8217;autonomia estesa, il Mini 4 Pro \u00e8 progettato per liberare la tua creativit\u00e0 ovunque tu vada. Cattura dettagli mozzafiato con la sua fotocamera 4K\/60fps HDR reale e goditi un volo pi\u00f9 sicuro e intelligente.<\/p>","protected":false},"featured_media":1016479,"template":"","meta":[],"pwb-brand":[598],"product_brand":[],"product_cat":[637],"product_tag":[],"class_list":{"0":"post-1016474","1":"product","2":"type-product","3":"status-publish","4":"has-post-thumbnail","6":"pwb-brand-dji","7":"product_cat-droni-industriali-uav","9":"first","10":"instock","11":"shipping-taxable","12":"product-type-simple"},"brands":[{"id":598,"name":"DJI","slug":"dji"}],"_links":{"self":[{"href":"https:\/\/store.todsystem.com\/fr\/wp-json\/wp\/v2\/product\/1016474","targetHints":{"allow":["GET"]}}],"collection":[{"href":"https:\/\/store.todsystem.com\/fr\/wp-json\/wp\/v2\/product"}],"about":[{"href":"https:\/\/store.todsystem.com\/fr\/wp-json\/wp\/v2\/types\/product"}],"version-history":[{"count":1,"href":"https:\/\/store.todsystem.com\/fr\/wp-json\/wp\/v2\/product\/1016474\/revisions"}],"predecessor-version":[{"id":1016480,"href":"https:\/\/store.todsystem.com\/fr\/wp-json\/wp\/v2\/product\/1016474\/revisions\/1016480"}],"wp:featuredmedia":[{"embeddable":true,"href":"https:\/\/store.todsystem.com\/fr\/wp-json\/wp\/v2\/media\/1016479"}],"wp:attachment":[{"href":"https:\/\/store.todsystem.com\/fr\/wp-json\/wp\/v2\/media?parent=1016474"}],"wp:term":[{"taxonomy":"pwb-brand","embeddable":true,"href":"https:\/\/store.todsystem.com\/fr\/wp-json\/wp\/v2\/pwb-brand?post=1016474"},{"taxonomy":"product_brand","embeddable":true,"href":"https:\/\/store.todsystem.com\/fr\/wp-json\/wp\/v2\/product_brand?post=1016474"},{"taxonomy":"product_cat","embeddable":true,"href":"https:\/\/store.todsystem.com\/fr\/wp-json\/wp\/v2\/product_cat?post=1016474"},{"taxonomy":"product_tag","embeddable":true,"href":"https:\/\/store.todsystem.com\/fr\/wp-json\/wp\/v2\/product_tag?post=1016474"}],"curies":[{"name":"wp","href":"https:\/\/api.w.org\/{rel}","templated":true}]}}