{"id":1014432,"date":"2025-01-21T11:21:05","date_gmt":"2025-01-21T11:21:05","guid":{"rendered":"https:\/\/store.todsystem.com\/?post_type=product&#038;p=1014432"},"modified":"2025-07-16T09:43:38","modified_gmt":"2025-07-16T09:43:38","slug":"robotiq-ax20","status":"publish","type":"product","link":"https:\/\/store.todsystem.com\/fr\/produit-2\/robotiq-ax20\/","title":{"rendered":"Robotiq AX20 Robot Palettiseur"},"content":{"rendered":"<div class=\"vgblk-rw-wrapper limit-wrapper\">Le robot de palettisation Robotiq AX20 est un dispositif automatis\u00e9 de pointe con\u00e7u pour accro\u00eetre l'efficacit\u00e9 des op\u00e9rations de palettisation dans diverses industries. Gr\u00e2ce \u00e0 ses fonctionnalit\u00e9s intelligentes, il constitue la solution id\u00e9ale pour am\u00e9liorer les processus de chargement, de d\u00e9chargement et de manutention tout en minimisant l'intervention humaine. D\u00e9couvrez les caract\u00e9ristiques exceptionnelles du Robotiq AX20.<\/p>\n<p>Machine automatique et intuitive<\/p>\n<p>Le Robotiq AX20 est un palettiseur robotis\u00e9 automatis\u00e9, con\u00e7u pour r\u00e9duire l'intervention humaine et maximiser l'efficacit\u00e9. Gr\u00e2ce \u00e0 une programmation simple et intuitive, les op\u00e9rateurs peuvent rapidement mettre en place et optimiser les processus de palettisation, r\u00e9duisant ainsi les temps d'arr\u00eat.<\/p>\n<p>Hauteur de palettisation flexible<\/p>\n<p>Con\u00e7u pour offrir une hauteur de palettisation variable, le Robotiq AX20 peut fonctionner sur des palettes d'une hauteur maximale de 2 m\u00e8tres. Cette caract\u00e9ristique lui permet de s'adapter parfaitement aux diff\u00e9rents besoins de stockage et de manutention.<\/p>\n<p>Temps de cycle rapides<\/p>\n<p>Le Robotiq AX20 se targue d'un temps de cycle \u00e9tonnamment rapide, achevant le processus de palettisation (y compris le chargement, le positionnement et le d\u00e9chargement) en 10 \u00e0 12 secondes environ, en fonction du type de charge et du r\u00e9glage de la vitesse.<\/p>\n<p>Une capacit\u00e9 de charge qui r\u00e9pond \u00e0 tous les besoins<\/p>\n<p>Avec une capacit\u00e9 de manutention de charges de 1 kg \u00e0 20 kg par cycle, le robot AX20 est id\u00e9al pour les applications n\u00e9cessitant pr\u00e9cision et rapidit\u00e9, m\u00eame avec des charges l\u00e9g\u00e8res.<\/p>\n<p>Compatibilit\u00e9 avec la palettisation standard<\/p>\n<p>Le Robotiq AX20 est compatible avec les tailles de palettes standard (par exemple 800\u00d71200 mm et 1000\u00d71200 mm) et peut \u00eatre configur\u00e9 pour des palettes personnalis\u00e9es ou plus grandes, ce qui lui conf\u00e8re flexibilit\u00e9 et adaptabilit\u00e9.<\/p>\n<p>Contr\u00f4le et automatisation de haute pr\u00e9cision<\/p>\n<p>Dot\u00e9 d'un syst\u00e8me de contr\u00f4le avanc\u00e9, le Robotiq AX20 comprend un automate ou un contr\u00f4leur int\u00e9gr\u00e9. Une programmation intuitive et une interface homme-machine (IHM) facilitent grandement la surveillance et l'ajustement des op\u00e9rations.<\/p>\n<p>Int\u00e9gration efficace dans les cha\u00eenes de production<\/p>\n<p>Le Robotiq AX20 s'int\u00e8gre parfaitement aux lignes de production existantes, en se connectant aux convoyeurs, aux syst\u00e8mes de vision industrielle et aux autres machines de manutention, afin d'optimiser le flux de mat\u00e9riaux.<\/p>\n<p>Fiabilit\u00e9 et maintenance minimale<\/p>\n<p>Con\u00e7u pour \u00eatre tr\u00e8s fiable, le robot AX20 ne n\u00e9cessite qu'un minimum d'entretien. Ses composants durables garantissent une dur\u00e9e de vie \u00e9lev\u00e9e, m\u00eame dans des environnements de travail intensifs.<\/p>\n<p>Connectivit\u00e9 avanc\u00e9e<\/p>\n<p>Dot\u00e9 d'une connectivit\u00e9 avanc\u00e9e via Ethernet, Wi-Fi et Bluetooth, le Robotiq AX20 permet le contr\u00f4le \u00e0 distance et la collecte de donn\u00e9es en temps r\u00e9el, ce qui permet de surveiller et d'optimiser les performances.<\/p>\n<p>Champs d'application Large gamme<\/p>\n<p>Le palettiseur robotis\u00e9 Robotiq AX20 est polyvalent et convient \u00e0 de nombreux secteurs :<\/p>\n<ul>\n<li>Industrie alimentaire : automatisation de la manipulation des aliments.<\/li>\n<li>Secteur des boissons : optimal pour les bouteilles et les r\u00e9cipients d\u00e9licats.<\/li>\n<li>Secteur chimique : manipule des produits chimiques emball\u00e9s.<\/li>\n<li>Secteur pharmaceutique : pr\u00e9cision dans la palettisation des m\u00e9dicaments.<\/li>\n<li>Secteur de la logistique et de la distribution : am\u00e9lioration de la gestion des marchandises.<\/li>\n<li>Industrie du papier : excellent pour les emballages en carton.<\/li>\n<li>Secteur de l'\u00e9lectronique : s\u00fbr pour l'emballage des composants \u00e9lectroniques.<\/li>\n<\/ul>\n<p>Avantages du Robotiq AX20<\/p>\n<ul>\n<li>Rapidit\u00e9 et pr\u00e9cision : r\u00e9duction du temps de palettisation.<\/li>\n<li>Automatisation : r\u00e9duction des erreurs manuelles.<\/li>\n<li>Flexibilit\u00e9 : configuration pour diff\u00e9rentes palettes et produits.<\/li>\n<li>S\u00e9curit\u00e9 : moins d'intervention humaine lors du levage de charges.<\/li>\n<\/ul>\n<\/div>\n<p><!-- .vgblk-rw-wrapper --><\/p>","protected":false},"excerpt":{"rendered":"<p>Robot pallettizzatore <a href=\"https:\/\/store.todsystem.com\/fr\/marque\/robotiq\/\">Robotiq<\/a> AX20: Soluzione automatica per la pallettizzazione, ideale per carichi fino a 20 kg. Velocit\u00e0 di ciclo rapida (10-12 sec.) e connettivit\u00e0 avanzata via Ethernet, Wi-Fi o Bluetooth per monitoraggio remoto e ottimizzazione delle operazioni.<\/p>","protected":false},"featured_media":1014438,"template":"","meta":[],"pwb-brand":[588],"product_brand":[],"product_cat":[615],"product_tag":[],"class_list":{"0":"post-1014432","1":"product","2":"type-product","3":"status-publish","4":"has-post-thumbnail","6":"pwb-brand-robotiq","7":"product_cat-applicazioni-industriali","9":"first","10":"instock","11":"shipping-taxable","12":"product-type-simple"},"brands":[{"id":588,"name":"Robotiq","slug":"robotiq"}],"_links":{"self":[{"href":"https:\/\/store.todsystem.com\/fr\/wp-json\/wp\/v2\/product\/1014432","targetHints":{"allow":["GET"]}}],"collection":[{"href":"https:\/\/store.todsystem.com\/fr\/wp-json\/wp\/v2\/product"}],"about":[{"href":"https:\/\/store.todsystem.com\/fr\/wp-json\/wp\/v2\/types\/product"}],"version-history":[{"count":6,"href":"https:\/\/store.todsystem.com\/fr\/wp-json\/wp\/v2\/product\/1014432\/revisions"}],"predecessor-version":[{"id":1018378,"href":"https:\/\/store.todsystem.com\/fr\/wp-json\/wp\/v2\/product\/1014432\/revisions\/1018378"}],"wp:featuredmedia":[{"embeddable":true,"href":"https:\/\/store.todsystem.com\/fr\/wp-json\/wp\/v2\/media\/1014438"}],"wp:attachment":[{"href":"https:\/\/store.todsystem.com\/fr\/wp-json\/wp\/v2\/media?parent=1014432"}],"wp:term":[{"taxonomy":"pwb-brand","embeddable":true,"href":"https:\/\/store.todsystem.com\/fr\/wp-json\/wp\/v2\/pwb-brand?post=1014432"},{"taxonomy":"product_brand","embeddable":true,"href":"https:\/\/store.todsystem.com\/fr\/wp-json\/wp\/v2\/product_brand?post=1014432"},{"taxonomy":"product_cat","embeddable":true,"href":"https:\/\/store.todsystem.com\/fr\/wp-json\/wp\/v2\/product_cat?post=1014432"},{"taxonomy":"product_tag","embeddable":true,"href":"https:\/\/store.todsystem.com\/fr\/wp-json\/wp\/v2\/product_tag?post=1014432"}],"curies":[{"name":"wp","href":"https:\/\/api.w.org\/{rel}","templated":true}]}}