{"id":1014331,"date":"2024-11-06T10:40:32","date_gmt":"2024-11-06T10:40:32","guid":{"rendered":"https:\/\/store.todsystem.com\/?post_type=product&#038;p=1014331"},"modified":"2025-06-11T11:48:35","modified_gmt":"2025-06-11T11:48:35","slug":"wenglor-bb6k003-camera-de-vision-industrielle","status":"publish","type":"product","link":"https:\/\/store.todsystem.com\/fr\/produit-2\/wenglor-bb6k003-camera-de-vision-industrielle\/","title":{"rendered":"Wenglor BB6K003 Cam\u00e9ra de vision industrielle"},"content":{"rendered":"<div class=\"vgblk-rw-wrapper limit-wrapper\"> <strong>BB6K003 Cam\u00e9ra industrielle \u00e0 haute r\u00e9solution et flexibilit\u00e9 d'utilisation<\/strong><\/p>\n<p>La <strong>BB6K003 cam\u00e9ra industrielle<\/strong> est le choix id\u00e9al pour ceux qui recherchent une solution sophistiqu\u00e9e offrant une excellente qualit\u00e9 d'image. Con\u00e7ue pour des applications industrielles exigeantes, cette cam\u00e9ra utilise une technologie avanc\u00e9e. <strong>Sony Pregius<\/strong> et prend en charge les op\u00e9rations \u00e0 haute fr\u00e9quence, ce qui le rend id\u00e9al pour les sc\u00e9narios dynamiques et de haute pr\u00e9cision.<\/p>\n<h2>Caract\u00e9ristiques principales de la cam\u00e9ra BB6K003<\/h2>\n<ul>\n<li><strong>Puce d'image avec obturateur global<\/strong>: Essentiel pour capturer des images nettes et d\u00e9taill\u00e9es, en particulier avec des objets se d\u00e9pla\u00e7ant rapidement.<\/li>\n<li><strong>Bo\u00eetier compact en aluminium<\/strong>: Avec des dimensions de <strong>29 \u00d7 49,1 \u00d7 29 mm<\/strong>cette cam\u00e9ra est con\u00e7ue pour r\u00e9sister \u00e0 l'environnement industriel.<\/li>\n<li><strong>Filetage pour montage en C<\/strong>Compatible avec diff\u00e9rentes lentilles, il offre une flexibilit\u00e9 maximale dans la configuration de l'installation.<\/li>\n<\/ul>\n<h2>Sp\u00e9cifications optiques avanc\u00e9es<\/h2>\n<ul>\n<li><strong>R\u00e9solution de l'image<\/strong>: <strong>5 D\u00c9PUT\u00c9S<\/strong> (2448 \u00d7 2048 pixels) avec un rapport d'aspect <strong>5:4<\/strong> pour obtenir des images d\u00e9taill\u00e9es.<\/li>\n<li><strong>Taille du pixel<\/strong>: <strong>3,45 \u00d7 3,45 \u00b5m<\/strong>garantissant une plus grande pr\u00e9cision dans les d\u00e9tails.<\/li>\n<li><strong>Type de capteur optique<\/strong>CMOS : CMOS <strong>Sony IMX264LLR-C<\/strong> monochrome, taille du capteur <strong>2\/3&#8243;<\/strong>.<\/li>\n<li><strong>Fr\u00e9quence d'acquisition<\/strong>Jusqu'\u00e0 <strong>22 fps<\/strong>parfait pour les applications \u00e0 grande vitesse.<\/li>\n<\/ul>\n<h3>Sp\u00e9cifications \u00e9lectriques du BB6K003<\/h3>\n<ul>\n<li><strong>Alimentation \u00e9lectrique requise<\/strong>: <strong>12 \u00e0 24 V DC<\/strong> avec une consommation maximale de 130 mA \u00e0 24 V.<\/li>\n<li><strong>Plage de temp\u00e9rature de fonctionnement<\/strong>: A partir de <strong>0\u00b0C \u00e0 55\u00b0C<\/strong> avec un stockage de <strong>De -20\u00b0C \u00e0 60\u00b0C<\/strong>l'humidit\u00e9 entre <strong>20% et 80%<\/strong>.<\/li>\n<li><strong>Normes PoE prises en charge<\/strong>Compatible avec les normes IEEE802.3af et IEEE802.at (PoE Classes 2), facilitant l'alimentation \u00e9lectrique avec un seul c\u00e2ble de donn\u00e9es.<\/li>\n<\/ul>\n<h2>BB6K003 Caract\u00e9ristiques innovantes de la cam\u00e9ra<\/h2>\n<ul>\n<li><strong>Obturateur global<\/strong>: Con\u00e7ue pour \u00e9liminer les distorsions des images lors de la capture d'objets se d\u00e9pla\u00e7ant rapidement.<\/li>\n<li><strong>Sous-\u00e9chantillonnage disponible<\/strong>: R\u00e8gle la r\u00e9solution en fonction de la vitesse d'acquisition souhait\u00e9e.<\/li>\n<li><strong>Prise en charge de l'Ethernet et du PoE<\/strong>Le syst\u00e8me d'alimentation par c\u00e2ble Ethernet : simplifie les connexions et l'alimentation \u00e9lectrique avec un seul c\u00e2ble Ethernet.<\/li>\n<\/ul>\n<h2>BB6K003 Sp\u00e9cifications m\u00e9caniques<\/h2>\n<ul>\n<li><strong>Filetage des lentilles<\/strong>Monture C standard, compatible avec une gamme d'objectifs pour r\u00e9pondre aux diff\u00e9rents besoins d'application.<\/li>\n<li><strong>Mat\u00e9riau de l'\u00e9tui<\/strong>La structure de l'appareil est en aluminium avec rev\u00eatement en poudre pour une protection durable et une bonne r\u00e9sistance aux chocs.<\/li>\n<li><strong>Degr\u00e9 de protection<\/strong>: <strong>IP30<\/strong>parfait pour les installations dans des environnements contr\u00f4l\u00e9s.<\/li>\n<li><strong>Connexions disponibles<\/strong>HR25 \u00e0 8 broches pour les E\/S et RJ45 \u00e0 8 broches pour l'Ethernet.<\/li>\n<li><strong>Poids<\/strong>: Seulement <strong>51 g<\/strong>optimal pour les configurations compactes et l\u00e9g\u00e8res.<\/li>\n<\/ul>\n<\/div>\n<p><!-- .vgblk-rw-wrapper --><\/p>","protected":false},"excerpt":{"rendered":"<p>La <strong>Vision industrielle Cam\u00e9ra BB6K003<\/strong> est une solution avanc\u00e9e pour les applications de vision industrielle, avec une capacit\u00e9 de capture d'images haute r\u00e9solution gr\u00e2ce \u00e0 la puce Sony Pregius. Con\u00e7ue pour des performances optimales, cette cam\u00e9ra garantit des images nettes et sans bruit, m\u00eame dans des conditions d'\u00e9clairage difficiles, gr\u00e2ce \u00e0 sa technologie Global Shutter. Elle est facile \u00e0 int\u00e9grer gr\u00e2ce \u00e0 son bo\u00eetier robuste en aluminium et \u00e0 son raccord filet\u00e9 C-mount.<\/p>","protected":false},"featured_media":1014272,"template":"","meta":[],"pwb-brand":[],"product_brand":[],"product_cat":[617],"product_tag":[],"class_list":{"0":"post-1014331","1":"product","2":"type-product","3":"status-publish","4":"has-post-thumbnail","6":"product_cat-camere-industriali","8":"first","9":"instock","10":"shipping-taxable","11":"product-type-simple"},"brands":[],"_links":{"self":[{"href":"https:\/\/store.todsystem.com\/fr\/wp-json\/wp\/v2\/product\/1014331","targetHints":{"allow":["GET"]}}],"collection":[{"href":"https:\/\/store.todsystem.com\/fr\/wp-json\/wp\/v2\/product"}],"about":[{"href":"https:\/\/store.todsystem.com\/fr\/wp-json\/wp\/v2\/types\/product"}],"version-history":[{"count":4,"href":"https:\/\/store.todsystem.com\/fr\/wp-json\/wp\/v2\/product\/1014331\/revisions"}],"predecessor-version":[{"id":1014868,"href":"https:\/\/store.todsystem.com\/fr\/wp-json\/wp\/v2\/product\/1014331\/revisions\/1014868"}],"wp:featuredmedia":[{"embeddable":true,"href":"https:\/\/store.todsystem.com\/fr\/wp-json\/wp\/v2\/media\/1014272"}],"wp:attachment":[{"href":"https:\/\/store.todsystem.com\/fr\/wp-json\/wp\/v2\/media?parent=1014331"}],"wp:term":[{"taxonomy":"pwb-brand","embeddable":true,"href":"https:\/\/store.todsystem.com\/fr\/wp-json\/wp\/v2\/pwb-brand?post=1014331"},{"taxonomy":"product_brand","embeddable":true,"href":"https:\/\/store.todsystem.com\/fr\/wp-json\/wp\/v2\/product_brand?post=1014331"},{"taxonomy":"product_cat","embeddable":true,"href":"https:\/\/store.todsystem.com\/fr\/wp-json\/wp\/v2\/product_cat?post=1014331"},{"taxonomy":"product_tag","embeddable":true,"href":"https:\/\/store.todsystem.com\/fr\/wp-json\/wp\/v2\/product_tag?post=1014331"}],"curies":[{"name":"wp","href":"https:\/\/api.w.org\/{rel}","templated":true}]}}