{"id":1014326,"date":"2024-11-06T10:32:23","date_gmt":"2024-11-06T10:32:23","guid":{"rendered":"https:\/\/store.todsystem.com\/?post_type=product&#038;p=1014326"},"modified":"2025-06-11T11:48:50","modified_gmt":"2025-06-11T11:48:50","slug":"camera-de-vision-industrielle-wenglor-bb6k002","status":"publish","type":"product","link":"https:\/\/store.todsystem.com\/fr\/produit-2\/camera-de-vision-industrielle-wenglor-bb6k002\/","title":{"rendered":"Wenglor BB6K002 Cam\u00e9ra de vision industrielle"},"content":{"rendered":"<div class=\"vgblk-rw-wrapper limit-wrapper\"> <strong>D\u00e9couvrez la cam\u00e9ra BB6K002 : des performances avanc\u00e9es pour la vision industrielle<\/strong><\/p>\n<p>La <strong>cam\u00e9ra BB6K002<\/strong> est la solution id\u00e9ale pour ceux qui recherchent une cam\u00e9ra robuste et polyvalente pour les applications de vision industrielle. Gr\u00e2ce \u00e0 sa capacit\u00e9 \u00e0 fournir des images de haute qualit\u00e9 combin\u00e9e \u00e0 un taux d'acquisition \u00e9lev\u00e9, elle est parfaite pour les environnements de production qui exigent des performances fiables. Son design compact et son int\u00e9gration PoE (Power over Ethernet) facilitent l'installation, faisant du BB6K002 un choix incontournable pour les professionnels de l'industrie.<\/p>\n<h2>Caract\u00e9ristiques principales de la cam\u00e9ra BB6K002<\/h2>\n<ul>\n<li><strong>Puce d'image avec obturateur global<\/strong>La technologie de l'image : fournit des images claires et d\u00e9taill\u00e9es, m\u00eame avec des objets se d\u00e9pla\u00e7ant rapidement, ce qui est id\u00e9al pour les applications d'inspection.<\/li>\n<li><strong>Bo\u00eetier compact et robuste en aluminium<\/strong>Les dimensions pratiques de l'\u00e9ducation et de la formation des adultes <strong>29 \u00d7 49,1 \u00d7 29 mm<\/strong>con\u00e7us pour r\u00e9sister \u00e0 des conditions environnementales difficiles dans des environnements industriels.<\/li>\n<li><strong>Compatibilit\u00e9 avec les objectifs \u00e0 monture C<\/strong>\u00c9largissez vos options gr\u00e2ce \u00e0 la possibilit\u00e9 d'utiliser diff\u00e9rentes lentilles, qui s'adaptent \u00e0 de nombreuses applications visuelles.<\/li>\n<\/ul>\n<h2>Sp\u00e9cifications optiques avanc\u00e9es<\/h2>\n<ul>\n<li><strong>R\u00e9solution<\/strong>: <strong>1,6 MP<\/strong> (1456 x 1088 pixels), avec un rapport hauteur\/largeur de <strong>4:3<\/strong> pour obtenir des images d\u00e9taill\u00e9es.<\/li>\n<li><strong>Taille du pixel<\/strong>: <strong>3,45 \u00d7 3,45 \u00b5m<\/strong> pour une clart\u00e9 d'image in\u00e9gal\u00e9e.<\/li>\n<li><strong>Type de capteur<\/strong>Le capteur CMOS couleur IMX273LQR-C de Sony est utilis\u00e9 pour l'enregistrement des donn\u00e9es de l'appareil. <strong>1\/3&#8243;<\/strong>.<\/li>\n<li><strong>Fr\u00e9quence d'acquisition<\/strong>: atteint un niveau de qualit\u00e9 impressionnant <strong>76 fps<\/strong>optimale pour les processus industriels \u00e0 grande vitesse.<\/li>\n<\/ul>\n<h2>Sp\u00e9cifications \u00e9lectriques et environnementales<\/h2>\n<ul>\n<li><strong>Alimentation \u00e9lectrique<\/strong>: Fonctionne avec <strong>12 \u00e0 24 V DC<\/strong>avec une consommation maximale de 130 mA \u00e0 24 V, pour une int\u00e9gration facile dans votre r\u00e9seau.<\/li>\n<li><strong>Plage de temp\u00e9rature<\/strong>Op\u00e9rationnel \u00e0 partir de <strong>0\u00b0C \u00e0 55\u00b0C<\/strong> et le stockage par <strong>De -20\u00b0C \u00e0 60\u00b0C<\/strong>Il r\u00e9siste \u00e0 des conditions d'humidit\u00e9 de <strong>20% \u00e0 80%<\/strong>.<\/li>\n<li><strong>PoE standard<\/strong>Compatible avec les normes IEEE802.3af et IEEE802.at (PoE Classes 2), permettant une installation simplifi\u00e9e \u00e0 l'aide d'un seul c\u00e2ble.<\/li>\n<\/ul>\n<h2>Caract\u00e9ristiques innovantes<\/h2>\n<ul>\n<li><strong>Obturateur global<\/strong>Cette technologie permet de capturer des images claires d'objets en mouvement sans distorsion ind\u00e9sirable.<\/li>\n<li><strong>Sous-\u00e9chantillonnage<\/strong>Option disponible pour am\u00e9liorer la vitesse d'acquisition et la flexibilit\u00e9 de la r\u00e9solution.<\/li>\n<li><strong>Prise en charge de l'Ethernet et du PoE<\/strong>Le syst\u00e8me d'alimentation \u00e9lectrique PoE : fournit une connexion Ethernet stable et une alimentation \u00e9lectrique PoE, ce qui simplifie encore l'installation.<\/li>\n<\/ul>\n<h2>Sp\u00e9cifications m\u00e9caniques de la cam\u00e9ra BB6K002<\/h2>\n<ul>\n<li><strong>Filetage des lentilles<\/strong>Monture C standard, id\u00e9ale pour une large gamme d'objectifs.<\/li>\n<li><strong>Mat\u00e9riau de l'\u00e9tui<\/strong>Les accessoires sont fabriqu\u00e9s en aluminium peint par poudrage, ce qui garantit leur durabilit\u00e9.<\/li>\n<li><strong>Degr\u00e9 de protection<\/strong>: <strong>IP30<\/strong>con\u00e7u pour \u00eatre install\u00e9 dans des environnements prot\u00e9g\u00e9s et contr\u00f4l\u00e9s.<\/li>\n<li><strong>Connexions<\/strong>\u00c9quip\u00e9 d'un connecteur HR25 \u00e0 8 broches et d'un connecteur RJ45 \u00e0 8 broches pour l'Ethernet, il garantit une communication efficace.<\/li>\n<li><strong>Poids<\/strong>: Seulement <strong>49 g<\/strong>parfait pour les configurations l\u00e9g\u00e8res et compactes.<\/li>\n<\/ul>\n<p>&nbsp;<\/p><\/div>\n<p><!-- .vgblk-rw-wrapper --><\/p>","protected":false},"excerpt":{"rendered":"<p>La <strong>Cam\u00e9ra Machine Vision BB6K002<\/strong> est con\u00e7ue pour les applications de vision industrielle qui requi\u00e8rent une qualit\u00e9 d'image et une vitesse \u00e9lev\u00e9es. \u00c9quip\u00e9e d'un capteur Sony Pregius avec technologie Global Shutter, elle fournit des images nettes et sans distorsion, m\u00eame dans des environnements lumineux complexes et pour des objets se d\u00e9pla\u00e7ant rapidement. Avec son interface Ethernet 1 gigabit et sa prise en charge PoE, le BB6K002 permet une installation simplifi\u00e9e et flexible.<\/p>","protected":false},"featured_media":1014272,"template":"","meta":[],"pwb-brand":[],"product_brand":[],"product_cat":[617],"product_tag":[],"class_list":{"0":"post-1014326","1":"product","2":"type-product","3":"status-publish","4":"has-post-thumbnail","6":"product_cat-camere-industriali","8":"first","9":"instock","10":"shipping-taxable","11":"product-type-simple"},"brands":[],"_links":{"self":[{"href":"https:\/\/store.todsystem.com\/fr\/wp-json\/wp\/v2\/product\/1014326","targetHints":{"allow":["GET"]}}],"collection":[{"href":"https:\/\/store.todsystem.com\/fr\/wp-json\/wp\/v2\/product"}],"about":[{"href":"https:\/\/store.todsystem.com\/fr\/wp-json\/wp\/v2\/types\/product"}],"version-history":[{"count":2,"href":"https:\/\/store.todsystem.com\/fr\/wp-json\/wp\/v2\/product\/1014326\/revisions"}],"predecessor-version":[{"id":1014870,"href":"https:\/\/store.todsystem.com\/fr\/wp-json\/wp\/v2\/product\/1014326\/revisions\/1014870"}],"wp:featuredmedia":[{"embeddable":true,"href":"https:\/\/store.todsystem.com\/fr\/wp-json\/wp\/v2\/media\/1014272"}],"wp:attachment":[{"href":"https:\/\/store.todsystem.com\/fr\/wp-json\/wp\/v2\/media?parent=1014326"}],"wp:term":[{"taxonomy":"pwb-brand","embeddable":true,"href":"https:\/\/store.todsystem.com\/fr\/wp-json\/wp\/v2\/pwb-brand?post=1014326"},{"taxonomy":"product_brand","embeddable":true,"href":"https:\/\/store.todsystem.com\/fr\/wp-json\/wp\/v2\/product_brand?post=1014326"},{"taxonomy":"product_cat","embeddable":true,"href":"https:\/\/store.todsystem.com\/fr\/wp-json\/wp\/v2\/product_cat?post=1014326"},{"taxonomy":"product_tag","embeddable":true,"href":"https:\/\/store.todsystem.com\/fr\/wp-json\/wp\/v2\/product_tag?post=1014326"}],"curies":[{"name":"wp","href":"https:\/\/api.w.org\/{rel}","templated":true}]}}