{"id":1014316,"date":"2024-11-06T10:23:21","date_gmt":"2024-11-06T10:23:21","guid":{"rendered":"https:\/\/store.todsystem.com\/?post_type=product&#038;p=1014316"},"modified":"2025-06-11T11:49:05","modified_gmt":"2025-06-11T11:49:05","slug":"camera-de-vision-industrielle-wenglor-bb6k001","status":"publish","type":"product","link":"https:\/\/store.todsystem.com\/fr\/produit-2\/camera-de-vision-industrielle-wenglor-bb6k001\/","title":{"rendered":"Wenglor BB6K001 Cam\u00e9ra de vision industrielle"},"content":{"rendered":"<div class=\"vgblk-rw-wrapper limit-wrapper\"> <strong>Vision Cam BB6K001 : Cam\u00e9ra industrielle avanc\u00e9e pour une acquisition de haute qualit\u00e9<\/strong><\/p>\n<p>La <strong>Vision Cam BB6K001<\/strong> est une cam\u00e9ra industrielle de pointe con\u00e7ue pour des performances \u00e9lev\u00e9es dans des environnements industriels exigeants. Id\u00e9ale pour les applications d'automatisation, d'inspection visuelle et de surveillance, cette cam\u00e9ra offre une excellente qualit\u00e9 d'image, m\u00eame dans des conditions d'\u00e9clairage d\u00e9favorables, gr\u00e2ce \u00e0 sa conception compacte et \u00e0 sa facilit\u00e9 d'installation.<\/p>\n<h2>Vision Cam BB6K001 Caract\u00e9ristiques principales<\/h2>\n<ul>\n<li><strong>Puce d'image avec obturateur global<\/strong>La technologie de l'image : Elle permet de capturer des images nettes et stables, parfaites pour les objets en mouvement, sans distorsion.<\/li>\n<li><strong>Conception compacte et robuste<\/strong>Cadre en aluminium avec des dimensions de <strong>29 \u00d7 49,1 \u00d7 29 mm<\/strong>Il garantit l'imperm\u00e9abilit\u00e9 et la r\u00e9sistance dans les environnements industriels.<\/li>\n<li><strong>Compatibilit\u00e9 avec les objectifs \u00e0 monture C<\/strong>Filetage standard pour une s\u00e9lection flexible des lentilles, optimisant les performances pour chaque application sp\u00e9cifique.<\/li>\n<\/ul>\n<h2>Sp\u00e9cifications optiques de Vision Cam BB6K001<\/h2>\n<ul>\n<li><strong>R\u00e9solution plus \u00e9lev\u00e9e<\/strong>: <strong>1,6 MP<\/strong> (1456 x 1088 pixels), parfait pour des d\u00e9tails pr\u00e9cis avec un rapport d'aspect de <strong>4:3<\/strong>.<\/li>\n<li><strong>Taille du pixel<\/strong>Pixels de <strong>3,45 \u00d7 3,45 \u00b5m<\/strong> garantissent une nettet\u00e9 et une clart\u00e9 d'image \u00e9lev\u00e9es.<\/li>\n<li><strong>Type de capteur innovant<\/strong>Capteur CMOS monochrome IMX273LLR-C de Sony de <strong>1\/3&#8243;<\/strong> pour d'excellentes performances, m\u00eame dans les environnements faiblement \u00e9clair\u00e9s.<\/li>\n<li><strong>Fr\u00e9quence \u00e9lev\u00e9e des images<\/strong>Points d'acquisition jusqu'\u00e0 <strong>76 fps<\/strong>id\u00e9al pour les applications \u00e0 mouvement rapide.<\/li>\n<\/ul>\n<h2>Sp\u00e9cifications \u00e9lectriques<\/h2>\n<ul>\n<li><strong>Alimentation \u00e9lectrique efficace<\/strong>Fonctionnement \u00e0 des tensions allant de <strong>12 \u00e0 24 V DC<\/strong> et une consommation maximale de 130 mA \u00e0 24 V.<\/li>\n<li><strong>Gamme de temp\u00e9rature fiable<\/strong>Op\u00e9rationnel \u00e0 partir de <strong>0\u00b0C \u00e0 55\u00b0C<\/strong> et le stockage par <strong>De -20\u00b0C \u00e0 60\u00b0C<\/strong>avec une tol\u00e9rance \u00e0 l'humidit\u00e9 de <strong>20% \u00e0 80%<\/strong>.<\/li>\n<li><strong>Normes PoE innovantes<\/strong>Les normes de l'Union europ\u00e9enne <strong>IEEE802.3af et IEEE802.at<\/strong> (PoE Classes 2), ce qui optimise l'installation et la connexion des donn\u00e9es.<\/li>\n<\/ul>\n<h2>Caract\u00e9ristiques avanc\u00e9es de la Vision Cam BB6K001<\/h2>\n<ul>\n<li><strong>Obturateur global innovant<\/strong>: Compense les objets en mouvement rapide sans effet de flou.<\/li>\n<li><strong>Sous-\u00e9chantillonnage pour une vitesse \u00e9lev\u00e9e<\/strong>Permet de r\u00e9duire la r\u00e9solution tout en conservant une performance d'acquisition rapide.<\/li>\n<li><strong>Connexions Ethernet et PoE<\/strong>Le syst\u00e8me d'alimentation \u00e0 c\u00e2ble unique permet une transmission rapide et ais\u00e9e des donn\u00e9es.<\/li>\n<\/ul>\n<h2>Vision Cam BB6K001 Sp\u00e9cifications m\u00e9caniques<\/h2>\n<ul>\n<li><strong>Filet d'objectif polyvalent<\/strong>Norme de monture C pour une large gamme d'objectifs industriels.<\/li>\n<li><strong>Solidit\u00e9 et durabilit\u00e9<\/strong>Le syst\u00e8me d'\u00e9clairage est compos\u00e9 d'une structure en aluminium avec rev\u00eatement en poudre pour une protection optimale.<\/li>\n<li><strong>IP30 Degr\u00e9 de protection<\/strong>Convient aux environnements int\u00e9rieurs non expos\u00e9s \u00e0 la poussi\u00e8re ou aux \u00e9claboussures d'eau.<\/li>\n<li><strong>Connexions multiples<\/strong>comprend une connexion HR25 \u00e0 8 broches et une connexion Ethernet RJ45 \u00e0 8 broches.<\/li>\n<li><strong>L\u00e9ger<\/strong>Seulement 49 g, parfait pour l'installation sur des syst\u00e8mes de vision compacts.<\/li>\n<\/ul>\n<p>&nbsp;<\/p>\n<p>&nbsp;<\/p>\n<p>&nbsp;<\/p><\/div>\n<p><!-- .vgblk-rw-wrapper --><\/p>","protected":false},"excerpt":{"rendered":"<p>La <strong>Cam\u00e9ra de vision industrielle BB6K001<\/strong> est con\u00e7ue pour capturer des images de haute qualit\u00e9 dans les applications de vision industrielle, garantissant des performances \u00e9lev\u00e9es m\u00eame dans des conditions d'\u00e9clairage difficiles. Dot\u00e9e d'une interface Ethernet 1 gigabit et d'une prise en charge PoE, cette cam\u00e9ra se connecte \u00e0 l'aide d'un seul c\u00e2ble, ce qui simplifie l'installation. Le design compact en aluminium et le capteur d'image Sony Pregius avec Global Shutter garantissent une excellente qualit\u00e9 d'image et un taux de capture id\u00e9al pour les applications dynamiques.<\/p>","protected":false},"featured_media":1014272,"template":"","meta":[],"pwb-brand":[],"product_brand":[],"product_cat":[617],"product_tag":[],"class_list":{"0":"post-1014316","1":"product","2":"type-product","3":"status-publish","4":"has-post-thumbnail","6":"product_cat-camere-industriali","8":"first","9":"instock","10":"shipping-taxable","11":"product-type-simple"},"brands":[],"_links":{"self":[{"href":"https:\/\/store.todsystem.com\/fr\/wp-json\/wp\/v2\/product\/1014316","targetHints":{"allow":["GET"]}}],"collection":[{"href":"https:\/\/store.todsystem.com\/fr\/wp-json\/wp\/v2\/product"}],"about":[{"href":"https:\/\/store.todsystem.com\/fr\/wp-json\/wp\/v2\/types\/product"}],"version-history":[{"count":5,"href":"https:\/\/store.todsystem.com\/fr\/wp-json\/wp\/v2\/product\/1014316\/revisions"}],"predecessor-version":[{"id":1014872,"href":"https:\/\/store.todsystem.com\/fr\/wp-json\/wp\/v2\/product\/1014316\/revisions\/1014872"}],"wp:featuredmedia":[{"embeddable":true,"href":"https:\/\/store.todsystem.com\/fr\/wp-json\/wp\/v2\/media\/1014272"}],"wp:attachment":[{"href":"https:\/\/store.todsystem.com\/fr\/wp-json\/wp\/v2\/media?parent=1014316"}],"wp:term":[{"taxonomy":"pwb-brand","embeddable":true,"href":"https:\/\/store.todsystem.com\/fr\/wp-json\/wp\/v2\/pwb-brand?post=1014316"},{"taxonomy":"product_brand","embeddable":true,"href":"https:\/\/store.todsystem.com\/fr\/wp-json\/wp\/v2\/product_brand?post=1014316"},{"taxonomy":"product_cat","embeddable":true,"href":"https:\/\/store.todsystem.com\/fr\/wp-json\/wp\/v2\/product_cat?post=1014316"},{"taxonomy":"product_tag","embeddable":true,"href":"https:\/\/store.todsystem.com\/fr\/wp-json\/wp\/v2\/product_tag?post=1014316"}],"curies":[{"name":"wp","href":"https:\/\/api.w.org\/{rel}","templated":true}]}}