{"id":1014254,"date":"2024-11-06T09:20:51","date_gmt":"2024-11-06T09:20:51","guid":{"rendered":"https:\/\/store.todsystem.com\/?post_type=product&#038;p=1014254"},"modified":"2025-06-11T11:50:46","modified_gmt":"2025-06-11T11:50:46","slug":"wenglor-bbvk001-camera-machine-vision","status":"publish","type":"product","link":"https:\/\/store.todsystem.com\/fr\/produit-2\/wenglor-bbvk001-camera-machine-vision\/","title":{"rendered":"Wenglor BBVK001 Cam\u00e9ra Vision industrielle"},"content":{"rendered":"<div class=\"vgblk-rw-wrapper limit-wrapper\"><strong>BBVK001 Camera Machine Vision: Acquisizione Immagini di Alta Qualit\u00e0 per Applicazioni Industriali<\/strong><\/p>\n<p>La <strong>BBVK001 Cam\u00e9ra Vision industrielle<\/strong> \u00e8 la soluzione ideale per le esigenze di visione industriale, progettata per fornire immagini di alta qualit\u00e0 con una connettivit\u00e0 avanzata. Grazie alla sua struttura compatta, resistente e leggera, questa telecamera \u00e8 perfetta per ambienti di lavoro esigenti. Dotata di un&#8217;interfaccia Ethernet Gigabit e supporto PoE (Power over Ethernet), semplifica l&#8217;installazione utilizzando un solo cavo per alimentazione e trasmissione dati, riducendo al contempo il disordine dei cablaggi.<\/p>\n<h2>Caract\u00e9ristiques principales<\/h2>\n<ul>\n<li><strong>Capteur CMOS avanc\u00e9 avec obturateur global<\/strong>: Questa camera offre un innovativo sensore <strong>CMOS<\/strong> avec la technologie <strong>Obturateur global<\/strong>, che garantisce immagini ultra-nitide e senza sfocature ideali per applicazioni dinamiche e oggetti in movimento rapido.<\/li>\n<li><strong>Construction robuste et compacte<\/strong>: Con dimensioni di soli <strong>29 \u00d7 64,4 \u00d7 29 mm<\/strong>, la custodia in alluminio con protezione IP67 garantisce resistenza a polvere, acqua e condizioni ambientali avverse.<\/li>\n<li><strong>Montage flexible<\/strong>: Le opzioni di fissaggio su tutti e quattro i lati facilitano l&#8217;integrazione negli impianti esistenti. La filettatura C-mount consente di utilizzare una variet\u00e0 di obiettivi, offrendo maggiore flessibilit\u00e0 nelle configurazioni ottiche.<\/li>\n<li><strong style=\"color: var(--vamtam-widget-text-lighter); letter-spacing: var(--vamtam-primary-font-letter-spacing-desktop,normal); text-transform: var(--vamtam-primary-font-transform,none);\">Haute r\u00e9solution et sensibilit\u00e9<\/strong><span style=\"color: var(--vamtam-widget-text-lighter); letter-spacing: var(--vamtam-primary-font-letter-spacing-desktop,normal); text-transform: var(--vamtam-primary-font-transform,none);\">La r\u00e9solution de la Commission europ\u00e9enne est la suivante : avec une r\u00e9solution de <\/span><strong style=\"color: var(--vamtam-widget-text-lighter); letter-spacing: var(--vamtam-primary-font-letter-spacing-desktop,normal); text-transform: var(--vamtam-primary-font-transform,none);\">1,6 MP (1440 x 1080 pixels)<\/strong><span style=\"color: var(--vamtam-widget-text-lighter); letter-spacing: var(--vamtam-primary-font-letter-spacing-desktop,normal); text-transform: var(--vamtam-primary-font-transform,none);\"> et les dimensions en pixels de <\/span><strong style=\"color: var(--vamtam-widget-text-lighter); letter-spacing: var(--vamtam-primary-font-letter-spacing-desktop,normal); text-transform: var(--vamtam-primary-font-transform,none);\">3,45 x 3,45 \u00b5m<\/strong><span style=\"color: var(--vamtam-widget-text-lighter); letter-spacing: var(--vamtam-primary-font-letter-spacing-desktop,normal); text-transform: var(--vamtam-primary-font-transform,none);\">, \u00e8 capace di generare immagini dettagliate e prive di disturbi, anche in condizioni di illuminazione difficili.<\/span><\/li>\n<\/ul>\n<h2>Sp\u00e9cifications optiques<\/h2>\n<ul>\n<li><strong>Type de capteur<\/strong>: <strong>Sony IMX273<\/strong>, un sensore monocromatico CMOS di alta qualit\u00e0, progettato per ottenere immagini ad alta risoluzione.<\/li>\n<li><strong>Fr\u00e9quence des images<\/strong>: Raggiunge fino a <strong>71,6 fps<\/strong>, rendendola perfetta per applicazioni ad alta velocit\u00e0.<\/li>\n<li><strong>Taille de la puce de l'image<\/strong>: 1\/2,9&#8243;, che offre ottima sensibilit\u00e0 e un ampio campo visivo.<\/li>\n<\/ul>\n<h2>Sp\u00e9cifications \u00e9lectriques<\/h2>\n<ul>\n<li><strong>Alimentation \u00e9lectrique<\/strong>: Richiede un&#8217;alimentazione di 12-24 V DC con consumo energetico massimo di 130 mA a 24 V, garantendo elevata efficienza e compatibilit\u00e0.<\/li>\n<li><strong>Temp\u00e9rature de fonctionnement<\/strong>: Operativa tra -20\u00b0C e +55\u00b0C, e con una temperatura di stoccaggio da -30\u00b0C a +60\u00b0C, per eccellenti prestazioni in vari ambienti.<\/li>\n<li><strong>Protection de l'environnement<\/strong>: Con classificazione IP67 e vetro protettivo sull\u2019obiettivo, questa camera \u00e8 progettata per durare in condizioni industriali avverse.<\/li>\n<li><strong>Connexions<\/strong>: Include connessione <strong>M8 \u00e0 8 broches<\/strong> per GPIO e connettivit\u00e0 Ethernet <strong>M12<\/strong> a 8 pin con codice X per una trasmissione dati sicura e affidabile.<\/li>\n<\/ul>\n<h2>Fonctionnalit\u00e9 et connectivit\u00e9<\/h2>\n<ul>\n<li><strong>Obturateur global<\/strong>: Permette una cattura dell\u2019immagine sincronizzata senza distorsioni, anche in presenza di movimenti rapidi.<\/li>\n<li><strong>PoE<\/strong>: Supportando lo standard IEEE802.3af per PoE, l&#8217;installazione \u00e8 semplificata grazie all&#8217;uso di un solo cavo per alimentazione e dati.<\/li>\n<li><strong>Interface Ethernet<\/strong>: Garantisce una trasmissione dati veloce e affidabile su reti Gigabit Ethernet per una maggiore efficienza operativa.<\/li>\n<\/ul>\n<\/div>\n<p><!-- .vgblk-rw-wrapper --><\/p>","protected":false},"excerpt":{"rendered":"<p>La\u00a0 <strong>Cam\u00e9ra Vision industrielle<\/strong> avec interface Ethernet et PoE est une solution id\u00e9ale pour les applications industrielles de haute performance exigeant flexibilit\u00e9, fiabilit\u00e9 et images de haute qualit\u00e9. De conception robuste et compacte, il s'adapte \u00e0 diverses exigences d'installation et est facile \u00e0 int\u00e9grer gr\u00e2ce \u00e0 des options de montage polyvalentes et \u00e0 la compatibilit\u00e9 avec des logiciels et des accessoires sp\u00e9cifiques.<\/p>","protected":false},"featured_media":1014312,"template":"","meta":[],"pwb-brand":[],"product_brand":[],"product_cat":[617],"product_tag":[],"class_list":{"0":"post-1014254","1":"product","2":"type-product","3":"status-publish","4":"has-post-thumbnail","6":"product_cat-camere-industriali","8":"first","9":"instock","10":"shipping-taxable","11":"product-type-simple"},"brands":[],"_links":{"self":[{"href":"https:\/\/store.todsystem.com\/fr\/wp-json\/wp\/v2\/product\/1014254","targetHints":{"allow":["GET"]}}],"collection":[{"href":"https:\/\/store.todsystem.com\/fr\/wp-json\/wp\/v2\/product"}],"about":[{"href":"https:\/\/store.todsystem.com\/fr\/wp-json\/wp\/v2\/types\/product"}],"version-history":[{"count":3,"href":"https:\/\/store.todsystem.com\/fr\/wp-json\/wp\/v2\/product\/1014254\/revisions"}],"predecessor-version":[{"id":1017036,"href":"https:\/\/store.todsystem.com\/fr\/wp-json\/wp\/v2\/product\/1014254\/revisions\/1017036"}],"wp:featuredmedia":[{"embeddable":true,"href":"https:\/\/store.todsystem.com\/fr\/wp-json\/wp\/v2\/media\/1014312"}],"wp:attachment":[{"href":"https:\/\/store.todsystem.com\/fr\/wp-json\/wp\/v2\/media?parent=1014254"}],"wp:term":[{"taxonomy":"pwb-brand","embeddable":true,"href":"https:\/\/store.todsystem.com\/fr\/wp-json\/wp\/v2\/pwb-brand?post=1014254"},{"taxonomy":"product_brand","embeddable":true,"href":"https:\/\/store.todsystem.com\/fr\/wp-json\/wp\/v2\/product_brand?post=1014254"},{"taxonomy":"product_cat","embeddable":true,"href":"https:\/\/store.todsystem.com\/fr\/wp-json\/wp\/v2\/product_cat?post=1014254"},{"taxonomy":"product_tag","embeddable":true,"href":"https:\/\/store.todsystem.com\/fr\/wp-json\/wp\/v2\/product_tag?post=1014254"}],"curies":[{"name":"wp","href":"https:\/\/api.w.org\/{rel}","templated":true}]}}