{"id":1014251,"date":"2024-11-06T09:14:49","date_gmt":"2024-11-06T09:14:49","guid":{"rendered":"https:\/\/store.todsystem.com\/?post_type=product&#038;p=1014251"},"modified":"2025-06-11T11:50:59","modified_gmt":"2025-06-11T11:50:59","slug":"zebra-vs40","status":"publish","type":"product","link":"https:\/\/store.todsystem.com\/fr\/produit-2\/zebra-vs40\/","title":{"rendered":"Zebra VS40"},"content":{"rendered":"<div class=\"vgblk-rw-wrapper limit-wrapper\">&nbsp;<\/p>\n<div><strong>La Fotocamera VS40 di Zebra<\/strong> \u00e8 la soluzione ideale per chi cerca un sistema di visione digitale all&#8217;avanguardia nel settore industriale. Questa fotocamera versatile \u00e8 stata progettata per adattarsi a una vasta gamma di applicazioni di ispezione, offrendo <strong>des options de configuration flexibles<\/strong> che possono essere personalizzate con diversi obiettivi, opzioni di illuminazione, connettivit\u00e0 e alimentazione.Con la possibilit\u00e0 di <strong>\u00e9tendre ses fonctionnalit\u00e9s<\/strong> tramite licenze software, la VS40 contribuisce a migliorare le operazioni produttive e rappresenta un investimento scalabile nel futuro aziendale. Grazie al potente software <strong>L'aurore du z\u00e8bre<\/strong>, la configurazione e la gestione della VS40, cos\u00ec come di altre fotocamere intelligenti Zebra, diventa un processo semplice e intuitivo.<\/p>\n<p>Tra le funzionalit\u00e0 avanzate spiccano <strong>ImagePerfect<\/strong>, per ottenere immagini ottimali da ogni articolo, e <strong>Tirage rapide<\/strong>, che semplifica la creazione degli strumenti di ispezione mediante drag-and-drop.<\/p>\n<\/div>\n<h2>Principales caract\u00e9ristiques techniques :<\/h2>\n<ul>\n<li><strong>Logiciel Aurora\u2122<\/strong>: Piattaforma user-friendly per una configurazione e gestione semplificate della VS40.<\/li>\n<li><strong>Opzioni di Connettivit\u00e0<\/strong>: Doppio Ethernet, PoE+ (Power over Ethernet), USB-C, porta seriale e fino a nove porte I\/O digitali, per una completa integrazione nei sistemi di automazione industriale.<\/li>\n<li><strong>Funzioni Esclusive Zebra<\/strong>: ImagePerfect+ permette l&#8217;acquisizione di fino a 16 immagini diverse per articolo, con strumenti avanzati come Golden Image Compare per setup e validazione.<\/li>\n<li><strong>Expansibilit\u00e9<\/strong>: Aggiornamenti software per l\u2019aggiunta di strumenti di visione avanzati e supporto a nuovi simboli di codici a barre.<\/li>\n<\/ul>\n<h2>Principaux avantages :<\/h2>\n<ul>\n<li><strong>Personalizzazione per Ogni Applicazione<\/strong>: La VS40 si adatta a ogni ambiente produttivo grazie a una ampia gamma di opzioni di illuminazione e connettivit\u00e0, compresa l&#8217;alimentazione PoE+.<\/li>\n<li><strong>Immagini di Alta Qualit\u00e0 e Affidabilit\u00e0<\/strong>: La funzionalit\u00e0 ImagePerfect+ assicura acquisizioni ottimizzate per ispezioni di alta qualit\u00e0, mentre Quick Draw rende facile la configurazione degli strumenti di ispezione.<\/li>\n<li><strong>Scalabilit\u00e0 e Aggiornamenti Futuri<\/strong>: Grazie a semplici licenze software, la VS40 \u00e8 un investimento flessibile che cresce con le esigenze aziendali, eliminando la necessit\u00e0 di sostituire il dispositivo.<\/li>\n<\/ul>\n<div>La <strong>Zebra VS40<\/strong> \u00e8 una fotocamera intelligente robusta, espandibile e semplice da integrare, perfettamente progettata per soddisfare le esigenze di automazione e visione digitale nelle linee produttive industriali.<\/div>\n<\/div>\n<p><!-- .vgblk-rw-wrapper --><\/p>","protected":false},"excerpt":{"rendered":"<p>La <strong>Zebra VS40<\/strong> est une cam\u00e9ra de vision num\u00e9rique intelligente dot\u00e9e d'un large \u00e9ventail de fonctionnalit\u00e9s et d'options de personnalisation, id\u00e9ale pour les applications d'inspection des cha\u00eenes de production.<\/p>","protected":false},"featured_media":1014255,"template":"","meta":[],"pwb-brand":[],"product_brand":[],"product_cat":[617],"product_tag":[],"class_list":{"0":"post-1014251","1":"product","2":"type-product","3":"status-publish","4":"has-post-thumbnail","6":"product_cat-camere-industriali","8":"first","9":"instock","10":"shipping-taxable","11":"product-type-simple"},"brands":[],"_links":{"self":[{"href":"https:\/\/store.todsystem.com\/fr\/wp-json\/wp\/v2\/product\/1014251","targetHints":{"allow":["GET"]}}],"collection":[{"href":"https:\/\/store.todsystem.com\/fr\/wp-json\/wp\/v2\/product"}],"about":[{"href":"https:\/\/store.todsystem.com\/fr\/wp-json\/wp\/v2\/types\/product"}],"version-history":[{"count":6,"href":"https:\/\/store.todsystem.com\/fr\/wp-json\/wp\/v2\/product\/1014251\/revisions"}],"predecessor-version":[{"id":1017040,"href":"https:\/\/store.todsystem.com\/fr\/wp-json\/wp\/v2\/product\/1014251\/revisions\/1017040"}],"wp:featuredmedia":[{"embeddable":true,"href":"https:\/\/store.todsystem.com\/fr\/wp-json\/wp\/v2\/media\/1014255"}],"wp:attachment":[{"href":"https:\/\/store.todsystem.com\/fr\/wp-json\/wp\/v2\/media?parent=1014251"}],"wp:term":[{"taxonomy":"pwb-brand","embeddable":true,"href":"https:\/\/store.todsystem.com\/fr\/wp-json\/wp\/v2\/pwb-brand?post=1014251"},{"taxonomy":"product_brand","embeddable":true,"href":"https:\/\/store.todsystem.com\/fr\/wp-json\/wp\/v2\/product_brand?post=1014251"},{"taxonomy":"product_cat","embeddable":true,"href":"https:\/\/store.todsystem.com\/fr\/wp-json\/wp\/v2\/product_cat?post=1014251"},{"taxonomy":"product_tag","embeddable":true,"href":"https:\/\/store.todsystem.com\/fr\/wp-json\/wp\/v2\/product_tag?post=1014251"}],"curies":[{"name":"wp","href":"https:\/\/api.w.org\/{rel}","templated":true}]}}