{"id":1014241,"date":"2024-11-06T08:58:33","date_gmt":"2024-11-06T08:58:33","guid":{"rendered":"https:\/\/store.todsystem.com\/?post_type=product&#038;p=1014241"},"modified":"2025-06-11T11:51:36","modified_gmt":"2025-06-11T11:51:36","slug":"zebra-vs20","status":"publish","type":"product","link":"https:\/\/store.todsystem.com\/fr\/produit-2\/zebra-vs20\/","title":{"rendered":"Zebra VS20"},"content":{"rendered":"<div class=\"vgblk-rw-wrapper limit-wrapper\"><strong>Cam\u00e9ra intelligente Zebra VS20 : optimisez votre production<\/strong><\/p>\n<p>La <strong>VS20<\/strong> de Zebra est la cam\u00e9ra de vision num\u00e9rique intelligente la plus compacte de sa cat\u00e9gorie, parfaite pour une int\u00e9gration rapide et transparente dans les syst\u00e8mes existants. Ce dispositif innovant offre des solutions avanc\u00e9es pour garantir la qualit\u00e9 des produits et am\u00e9liorer l'efficacit\u00e9 de la production dans les environnements industriels.<\/p>\n<h2>Principales caract\u00e9ristiques techniques<\/h2>\n<ul>\n<li><strong>Logiciel Aurora\u2122 :<\/strong> Une interface intuitive qui facilite la configuration, la mise en \u0153uvre et la gestion du syst\u00e8me d'information. <strong>VS20<\/strong>.<\/li>\n<li><strong>Fonctions exclusives de Zebra :<\/strong> \u00c9quip\u00e9 de technologies de pointe telles que ImagePerfect et Golden Image Compare pour une capture d'image optimale.<\/li>\n<li><strong>Mises \u00e0 jour des licences :<\/strong> Il int\u00e8gre de mani\u00e8re transparente de nouveaux outils de vision avanc\u00e9s avec des mises \u00e0 jour logicielles rapides et faciles.<\/li>\n<li><strong>Protocoles de communication :<\/strong> Il prend en charge diff\u00e9rents protocoles tels que Ethernet\/IP, PROFINET, Modbus TCP, TCP\/IP et CC-Link, offrant ainsi une flexibilit\u00e9 maximale en mati\u00e8re de connexions.<\/li>\n<\/ul>\n<h2>Des performances sup\u00e9rieures<\/h2>\n<p>La <strong>VS20<\/strong> offre une fiabilit\u00e9 sup\u00e9rieure en mati\u00e8re de capture d'images. Gr\u00e2ce \u00e0 la fonction ImagePerfect, l'appareil prend trois images diff\u00e9rentes pour chaque \u00e9l\u00e9ment, ce qui facilite l'analyse comparative instantan\u00e9e. La fonction unique Golden Image Compare permet d'intervenir rapidement pour diagnostiquer les probl\u00e8mes d'inspection, minimisant ainsi les temps d'arr\u00eat et maximisant la productivit\u00e9.<\/p>\n<h2>Technologie avanc\u00e9e<\/h2>\n<p>\u00c9quip\u00e9 de syst\u00e8mes de d\u00e9tection d'obstacles et d'une technologie de vision num\u00e9rique avanc\u00e9e, le <strong>VS20<\/strong> garantit la s\u00e9curit\u00e9 des op\u00e9rations pendant le contr\u00f4le de la qualit\u00e9. Des protocoles de communication robustes et des syst\u00e8mes d'urgence int\u00e9gr\u00e9s garantissent un fonctionnement continu et s\u00fbr, prot\u00e9geant ainsi le processus de production.<\/p>\n<h2>Pourquoi choisir le VS20 de Zebra<\/h2>\n<p>Choisissez le <strong>VS20<\/strong> signifie investir dans un appareil con\u00e7u pour am\u00e9liorer l'efficacit\u00e9 op\u00e9rationnelle et garantir des normes \u00e9lev\u00e9es de qualit\u00e9 et de fiabilit\u00e9. Avec la possibilit\u00e9 de mises \u00e0 jour logicielles, le <strong>VS20<\/strong> repr\u00e9sente un investissement s\u00fbr pour les entreprises d\u00e9sireuses d'optimiser leurs co\u00fbts de production et d'accro\u00eetre la satisfaction de leurs clients sans avoir \u00e0 remplacer l'ensemble du syst\u00e8me.<\/p>\n<p><video src=\"link_al_tuo_video.mp4\" controls=\"controls\" width=\"300\" height=\"150\"><\/video><\/p>\n<p>Am\u00e9liorez votre production avec le VS20 de Zebra, la solution parfaite pour un contr\u00f4le qualit\u00e9 avanc\u00e9 et une efficacit\u00e9 op\u00e9rationnelle maximale !<\/p><\/div>\n<p><!-- .vgblk-rw-wrapper --><\/p>","protected":false},"excerpt":{"rendered":"<p>Le\u00a0<strong>VS20<\/strong> compact est un capteur de vision num\u00e9rique intelligent con\u00e7u pour optimiser le contr\u00f4le de la qualit\u00e9 sur les lignes de production. Gr\u00e2ce \u00e0 sa polyvalence et \u00e0 ses options de connectivit\u00e9 avanc\u00e9es, il s'int\u00e8gre facilement \u00e0 votre API ou \u00e0 votre r\u00e9seau h\u00f4te, garantissant ainsi l'efficacit\u00e9 et l'automatisation des processus d'entreprise. Il s'appuie sur la puissante plate-forme logicielle Aurora de Zebra, <strong>VS20<\/strong>\u00a0offre une qualit\u00e9 d'image \u00e9lev\u00e9e, une automatisation accrue et la possibilit\u00e9 d'effectuer des mises \u00e0 jour logicielles pour des fonctionnalit\u00e9s avanc\u00e9es. Id\u00e9al pour les environnements de production n\u00e9cessitant contr\u00f4le et pr\u00e9cision.<\/p>","protected":false},"featured_media":1014243,"template":"","meta":[],"pwb-brand":[],"product_brand":[],"product_cat":[617],"product_tag":[],"class_list":{"0":"post-1014241","1":"product","2":"type-product","3":"status-publish","4":"has-post-thumbnail","6":"product_cat-camere-industriali","8":"first","9":"instock","10":"shipping-taxable","11":"product-type-simple"},"brands":[],"_links":{"self":[{"href":"https:\/\/store.todsystem.com\/fr\/wp-json\/wp\/v2\/product\/1014241","targetHints":{"allow":["GET"]}}],"collection":[{"href":"https:\/\/store.todsystem.com\/fr\/wp-json\/wp\/v2\/product"}],"about":[{"href":"https:\/\/store.todsystem.com\/fr\/wp-json\/wp\/v2\/types\/product"}],"version-history":[{"count":4,"href":"https:\/\/store.todsystem.com\/fr\/wp-json\/wp\/v2\/product\/1014241\/revisions"}],"predecessor-version":[{"id":1017042,"href":"https:\/\/store.todsystem.com\/fr\/wp-json\/wp\/v2\/product\/1014241\/revisions\/1017042"}],"wp:featuredmedia":[{"embeddable":true,"href":"https:\/\/store.todsystem.com\/fr\/wp-json\/wp\/v2\/media\/1014243"}],"wp:attachment":[{"href":"https:\/\/store.todsystem.com\/fr\/wp-json\/wp\/v2\/media?parent=1014241"}],"wp:term":[{"taxonomy":"pwb-brand","embeddable":true,"href":"https:\/\/store.todsystem.com\/fr\/wp-json\/wp\/v2\/pwb-brand?post=1014241"},{"taxonomy":"product_brand","embeddable":true,"href":"https:\/\/store.todsystem.com\/fr\/wp-json\/wp\/v2\/product_brand?post=1014241"},{"taxonomy":"product_cat","embeddable":true,"href":"https:\/\/store.todsystem.com\/fr\/wp-json\/wp\/v2\/product_cat?post=1014241"},{"taxonomy":"product_tag","embeddable":true,"href":"https:\/\/store.todsystem.com\/fr\/wp-json\/wp\/v2\/product_tag?post=1014241"}],"curies":[{"name":"wp","href":"https:\/\/api.w.org\/{rel}","templated":true}]}}