{"id":1014223,"date":"2024-11-05T14:18:44","date_gmt":"2024-11-05T14:18:44","guid":{"rendered":"https:\/\/store.todsystem.com\/?post_type=product&#038;p=1014223"},"modified":"2025-09-29T10:04:24","modified_gmt":"2025-09-29T10:04:24","slug":"cognex-serie-l68","status":"publish","type":"product","link":"https:\/\/store.todsystem.com\/fr\/produit-2\/cognex-serie-l68\/","title":{"rendered":"S\u00c9RIE COGNEX L68"},"content":{"rendered":"<div class=\"vgblk-rw-wrapper limit-wrapper\">La serie L68 di sensori di spostamento laser 3D \u00e8 stata progettata per assicurare prestazioni elevate nelle applicazioni di ispezione e misurazione che richiedono precisione e velocit\u00e0. Questi sensori combinano la triangolazione laser con una tecnologia avanzata di imaging per generare accurate rappresentazioni tridimensionali delle superfici, misurando dettagli come larghezza, altezza e inclinazione con precisione fino a pochi micrometri.<\/p>\n<p>Grazie alla tecnologia laser blu integrata, che genera immagini 3D fino a 4000 punti con una risoluzione verticale inferiore a 0,5 \u00b5m, la serie L68 \u00e8 ideale per rilevare caratteristiche complesse, superfici riflettenti e difetti pi\u00f9 piccoli rispetto ai sensori 3D convenzionali. Ogni unit\u00e0 \u00e8 calibrata singolarmente in fabbrica per correggere distorsioni di prospettiva, deviazioni e non linearit\u00e0 del laser, garantendo misurazioni altamente accurate.<\/p>\n<p>Il design compatto e robusto, con protezione IP65, permette l\u2019installazione nelle condizioni industriali pi\u00f9 complesse. Con una velocit\u00e0 di scansione fino a 40 kHz e un\u2019elaborazione di 163 milioni di punti al secondo, questi sensori soddisfano le esigenze di produttivit\u00e0 delle linee moderne, mentre la connettivit\u00e0 Gigabit Ethernet semplifica l&#8217;integrazione nei sistemi esistenti.<\/p>\n<p><strong>Caratteristiche Principali:<\/strong><\/p>\n<ul>\n<li><strong>Precisione avanzata<\/strong>: misurazione micrometrica di lunghezza, larghezza, altezza e inclinazione.<\/li>\n<li><strong>Calibrazione pre-impostata<\/strong>: le unit\u00e0 sono calibrate in fabbrica per eliminare errori di distorsione.<\/li>\n<li><strong>Immagini 3D dettagliate<\/strong>: acquisizione fino a 4000 punti per applicazioni ad alta precisione.<\/li>\n<li><strong>Design compatto e robusto<\/strong>: protezione IP65, ideale per ambienti industriali severi.<\/li>\n<li><strong>Facilit\u00e0 d\u2019integrazione<\/strong>: interfaccia Gigabit Ethernet e configurazione plug-and-play.<\/li>\n<\/ul>\n<p><strong>Specifiche Tecniche:<\/strong><\/p>\n<ul>\n<li><strong>R\u00e9solution<\/strong>: verticale 0,9\u20131,4 \u00b5m; laterale 5,0\u20137,0 \u00b5m<\/li>\n<li><strong>Velocit\u00e0 di scansione<\/strong>: fino a 40 kHz<\/li>\n<li><strong>Classe Laser<\/strong>: 2 standard, 3R opzionale<\/li>\n<li><strong>Intervallo di misurazione<\/strong>: 20 mm<\/li>\n<li><strong>Degr\u00e9 de protection<\/strong>: IP65<\/li>\n<li><strong>Alimentation \u00e9lectrique<\/strong>: 24 V CC, consumo 10 W<\/li>\n<li><strong>Velocit\u00e0 di acquisizione 3D<\/strong>: fino a 163 milioni di punti al secondo<\/li>\n<\/ul>\n<p>La serie L68 rappresenta una soluzione versatile per applicazioni industriali di visione 3D, offrendo ai produttori uno strumento accessibile e affidabile per automatizzare l\u2019ispezione e il controllo qualit\u00e0 su linee di produzione.<\/p><\/div>\n<p><!-- .vgblk-rw-wrapper --><\/p>","protected":false},"excerpt":{"rendered":"<p>I sensori di spostamento laser 3D serie L68 garantiscono alta velocit\u00e0 e precisione nelle applicazioni industriali, producendo rendering tridimensionali dettagliati per misurare caratteristiche micrometriche come lunghezza, altezza e inclinazione. Con la tecnologia di triangolazione laser e un design compatto IP65, questi sensori ottimizzano l&#8217;ispezione, la guida robotica e la misurazione anche in ambienti difficili.<\/p>\n<h3><\/h3>","protected":false},"featured_media":1014237,"template":"","meta":[],"pwb-brand":[686],"product_brand":[],"product_cat":[617],"product_tag":[],"class_list":{"0":"post-1014223","1":"product","2":"type-product","3":"status-publish","4":"has-post-thumbnail","6":"pwb-brand-cognex","7":"product_cat-camere-industriali","9":"first","10":"instock","11":"shipping-taxable","12":"product-type-simple"},"brands":[{"id":686,"name":"Cognex","slug":"cognex"}],"_links":{"self":[{"href":"https:\/\/store.todsystem.com\/fr\/wp-json\/wp\/v2\/product\/1014223","targetHints":{"allow":["GET"]}}],"collection":[{"href":"https:\/\/store.todsystem.com\/fr\/wp-json\/wp\/v2\/product"}],"about":[{"href":"https:\/\/store.todsystem.com\/fr\/wp-json\/wp\/v2\/types\/product"}],"version-history":[{"count":5,"href":"https:\/\/store.todsystem.com\/fr\/wp-json\/wp\/v2\/product\/1014223\/revisions"}],"predecessor-version":[{"id":1019092,"href":"https:\/\/store.todsystem.com\/fr\/wp-json\/wp\/v2\/product\/1014223\/revisions\/1019092"}],"wp:featuredmedia":[{"embeddable":true,"href":"https:\/\/store.todsystem.com\/fr\/wp-json\/wp\/v2\/media\/1014237"}],"wp:attachment":[{"href":"https:\/\/store.todsystem.com\/fr\/wp-json\/wp\/v2\/media?parent=1014223"}],"wp:term":[{"taxonomy":"pwb-brand","embeddable":true,"href":"https:\/\/store.todsystem.com\/fr\/wp-json\/wp\/v2\/pwb-brand?post=1014223"},{"taxonomy":"product_brand","embeddable":true,"href":"https:\/\/store.todsystem.com\/fr\/wp-json\/wp\/v2\/product_brand?post=1014223"},{"taxonomy":"product_cat","embeddable":true,"href":"https:\/\/store.todsystem.com\/fr\/wp-json\/wp\/v2\/product_cat?post=1014223"},{"taxonomy":"product_tag","embeddable":true,"href":"https:\/\/store.todsystem.com\/fr\/wp-json\/wp\/v2\/product_tag?post=1014223"}],"curies":[{"name":"wp","href":"https:\/\/api.w.org\/{rel}","templated":true}]}}