{"id":1014211,"date":"2024-11-05T14:02:38","date_gmt":"2024-11-05T14:02:38","guid":{"rendered":"https:\/\/store.todsystem.com\/?post_type=product&#038;p=1014211"},"modified":"2025-09-29T10:06:17","modified_gmt":"2025-09-29T10:06:17","slug":"cognex-in-sight-8000","status":"publish","type":"product","link":"https:\/\/store.todsystem.com\/fr\/produit-2\/cognex-in-sight-8000\/","title":{"rendered":"COGNEX In-Sight 8000"},"content":{"rendered":"<div class=\"vgblk-rw-wrapper limit-wrapper\">La s\u00e9rie <strong>In-Sight 8000<\/strong> est une famille de syst\u00e8mes de vision industrielle compacts et autonomes con\u00e7us pour des applications d'inspection et de contr\u00f4le de la qualit\u00e9 de haute pr\u00e9cision. Avec des dimensions aussi r\u00e9duites que 35 mm x 32 mm x 76 mm, ces syst\u00e8mes constituent une solution polyvalente pour les lignes de production \u00e0 haute densit\u00e9 et les espaces limit\u00e9s. Dot\u00e9s d'une alimentation par Ethernet (PoE) et d'une communication Gigabit Ethernet, ils offrent une connectivit\u00e9 rapide et fiable, id\u00e9ale pour les environnements industriels exigeants. Les mod\u00e8les varient en termes de r\u00e9solution et de taux de capture, s'adaptant parfaitement \u00e0 une gamme d'exigences de visualisation en noir et blanc ou en couleur.<\/p>\n<p><strong>Sp\u00e9cifications techniques<\/strong><\/p>\n<ul>\n<li><strong>Dimensions<\/strong>Dimensions : 35 mm x 32 mm x 76 mm (divers mod\u00e8les)<\/li>\n<li><strong>Poids<\/strong>78 g \u00e0 192 g selon le mod\u00e8le<\/li>\n<li><strong>Type d'image<\/strong>Mod\u00e8les disponibles en noir et blanc et en couleur<\/li>\n<li><strong>R\u00e9solution<\/strong>Jusqu'\u00e0 5 MP (2592 x 1944)<\/li>\n<li><strong>Type de capteur<\/strong>CMOS avec obturateur global ou rotatif, selon le mod\u00e8le<\/li>\n<li><strong>Alimentation \u00e9lectrique<\/strong>Alimentation par Ethernet (PoE) classe 2 ou 3, selon le mod\u00e8le<\/li>\n<li><strong>Vitesse du r\u00e9seau<\/strong>10\/1000\/1000 Mbps (Gigabit)<\/li>\n<\/ul>\n<p><strong>Vision Performance<\/strong><\/p>\n<ul>\n<li><strong>Taux d'acquisition<\/strong>Jusqu'\u00e0 217 images par seconde en noir et blanc et 135 images par seconde en couleur, selon la r\u00e9solution.<\/li>\n<li><strong>Prise en charge HDR<\/strong>Les mod\u00e8les sont disponibles en noir et blanc sur certains mod\u00e8les.<\/li>\n<li><strong>Type d'objectif<\/strong>Monture C, pour faciliter l'int\u00e9gration d'objectifs personnalis\u00e9s.<\/li>\n<\/ul>\n<p><strong>Caract\u00e9ristiques distinctives<\/strong><\/p>\n<ul>\n<li><strong>Installation flexible<\/strong>Les outils d'\u00e9talonnage non lin\u00e9aires permettent d'obtenir des angles de montage allant jusqu'\u00e0 45 degr\u00e9s.<\/li>\n<li><strong>Facilit\u00e9 d'utilisation<\/strong>Configuration intuitive via le logiciel In-Sight Explorer, qui offre \u00e0 la fois un mode guid\u00e9 et des options avanc\u00e9es via des feuilles de calcul.<\/li>\n<li><strong>Outils avanc\u00e9s<\/strong>Le syst\u00e8me de gestion de la production : Il comprend des fonctions telles que TestRun pour la validation et Cognex Connect pour la communication et le suivi de la production.<\/li>\n<li><strong>E\/S int\u00e9gr\u00e9es<\/strong>Le syst\u00e8me est dot\u00e9 d'entr\u00e9es et de sorties \u00e0 grande vitesse, y compris des d\u00e9clencheurs d\u00e9di\u00e9s, et d'une possibilit\u00e9 d'extension par le biais de modules externes.<\/li>\n<\/ul>\n<p><strong>Applications<\/strong><\/p>\n<p>Les syst\u00e8mes In-Sight 8000 sont con\u00e7us pour :<\/p>\n<ul>\n<li>Inspection et contr\u00f4le de la qualit\u00e9 : d\u00e9tection des d\u00e9fauts de surface et des dimensions incorrectes des composants.<\/li>\n<li>Mesures g\u00e9om\u00e9triques : analyse pr\u00e9cise des formes et des positions.<\/li>\n<li>Guidage de syst\u00e8mes automatis\u00e9s et de robots : alignement et assemblage de composants de haute pr\u00e9cision.<\/li>\n<li>Lecture de caract\u00e8res alphanum\u00e9riques et de codes : contr\u00f4le de la qualit\u00e9 et tra\u00e7abilit\u00e9 des produits.<\/li>\n<\/ul>\n<p><strong>Accessoires et garantie<\/strong><\/p>\n<ul>\n<li><strong>Protocoles industriels pris en charge<\/strong>OPC UA, Ethernet\/IP, PROFINET Class B, Modbus TCP et autres, garantissant la compatibilit\u00e9 avec une large gamme de syst\u00e8mes.<\/li>\n<li><strong>Garantie<\/strong>Maintenance et mises \u00e0 jour incluses pendant un an.<\/li>\n<\/ul>\n<\/div>\n<p><!-- .vgblk-rw-wrapper --><\/p>","protected":false},"excerpt":{"rendered":"<p>Les syst\u00e8mes de vision de la s\u00e9rie In-Sight 8000 constituent une solution de pointe pour l'inspection industrielle et le contr\u00f4le de la qualit\u00e9, avec une conception ultra-compacte qui facilite l'int\u00e9gration dans les espaces restreints. Ces syst\u00e8mes autonomes associent de hautes performances \u00e0 une polyvalence in\u00e9gal\u00e9e, ce qui les rend id\u00e9aux pour une grande vari\u00e9t\u00e9 d'applications industrielles.<\/p>","protected":false},"featured_media":1014219,"template":"","meta":[],"pwb-brand":[686],"product_brand":[],"product_cat":[617],"product_tag":[],"class_list":{"0":"post-1014211","1":"product","2":"type-product","3":"status-publish","4":"has-post-thumbnail","6":"pwb-brand-cognex","7":"product_cat-camere-industriali","9":"first","10":"instock","11":"shipping-taxable","12":"product-type-simple"},"brands":[{"id":686,"name":"Cognex","slug":"cognex"}],"_links":{"self":[{"href":"https:\/\/store.todsystem.com\/fr\/wp-json\/wp\/v2\/product\/1014211","targetHints":{"allow":["GET"]}}],"collection":[{"href":"https:\/\/store.todsystem.com\/fr\/wp-json\/wp\/v2\/product"}],"about":[{"href":"https:\/\/store.todsystem.com\/fr\/wp-json\/wp\/v2\/types\/product"}],"version-history":[{"count":4,"href":"https:\/\/store.todsystem.com\/fr\/wp-json\/wp\/v2\/product\/1014211\/revisions"}],"predecessor-version":[{"id":1019097,"href":"https:\/\/store.todsystem.com\/fr\/wp-json\/wp\/v2\/product\/1014211\/revisions\/1019097"}],"wp:featuredmedia":[{"embeddable":true,"href":"https:\/\/store.todsystem.com\/fr\/wp-json\/wp\/v2\/media\/1014219"}],"wp:attachment":[{"href":"https:\/\/store.todsystem.com\/fr\/wp-json\/wp\/v2\/media?parent=1014211"}],"wp:term":[{"taxonomy":"pwb-brand","embeddable":true,"href":"https:\/\/store.todsystem.com\/fr\/wp-json\/wp\/v2\/pwb-brand?post=1014211"},{"taxonomy":"product_brand","embeddable":true,"href":"https:\/\/store.todsystem.com\/fr\/wp-json\/wp\/v2\/product_brand?post=1014211"},{"taxonomy":"product_cat","embeddable":true,"href":"https:\/\/store.todsystem.com\/fr\/wp-json\/wp\/v2\/product_cat?post=1014211"},{"taxonomy":"product_tag","embeddable":true,"href":"https:\/\/store.todsystem.com\/fr\/wp-json\/wp\/v2\/product_tag?post=1014211"}],"curies":[{"name":"wp","href":"https:\/\/api.w.org\/{rel}","templated":true}]}}