{"id":1014202,"date":"2024-11-05T13:52:40","date_gmt":"2024-11-05T13:52:40","guid":{"rendered":"https:\/\/store.todsystem.com\/?post_type=product&#038;p=1014202"},"modified":"2025-09-29T10:05:10","modified_gmt":"2025-09-29T10:05:10","slug":"cognex-sight-d900","status":"publish","type":"product","link":"https:\/\/store.todsystem.com\/fr\/produit-2\/cognex-sight-d900\/","title":{"rendered":"COGNEX Sight D900"},"content":{"rendered":"<div class=\"vgblk-rw-wrapper limit-wrapper\"><strong>Sight D900<\/strong>\u00a0rappresenta una soluzione innovativa nel campo della visione artificiale per l\u2019industria. Progettato per affrontare applicazioni complesse che richiedono risultati precisi e rapidi, questo sistema \u00e8 ideale per ambienti che necessitano di automazione di processi di controllo qualit\u00e0, assemblaggio e inspezione. Grazie all\u2019intelligenza artificiale integrata, il D900 semplifica il lavoro eliminando la necessit\u00e0 di ispezioni manuali.<\/p>\n<p><strong>Principales caract\u00e9ristiques techniques<\/strong><\/p>\n<ul>\n<li><strong>Tipo di immagine:\u00a0<\/strong>Bianco e nero o colore (modelli D905M, D905C, D902M, D902C)<\/li>\n<li><strong>Tipo di riproduttore d&#8217;immagini:<\/strong>\u00a02\/3 e 1\/2,3 pollici CMOS<\/li>\n<li><strong>R\u00e9solution :<\/strong>\u00a0Fino a 5 MP (2448 x 2048 pixel) per immagini in bianco e nero<\/li>\n<li><strong>Velocit\u00e0 di acquisizione (max):<\/strong>\u00a0Fino a 51 fps a seconda del modello<\/li>\n<li><strong>Memoria:\u00a0<\/strong>16 GB di memoria flash non volatile e possibilit\u00e0 di storage illimitato tramite dispositivo remoto<\/li>\n<li><strong>Ottica:\u00a0<\/strong>Lenti C-mount, S-mount, e messa a fuoco automatica<\/li>\n<li><strong>Dimensions :\u00a0<\/strong>53,4 mm x 60,5 mm x 121 mm<\/li>\n<li><strong>Poids :<\/strong>\u00a0380 g<\/li>\n<li><strong>Protection :<\/strong>\u00a0IP67, progettato per resistere ad ambienti difficili<\/li>\n<li><strong>Alimentation \u00e9lectrique :<\/strong>\u00a024 V CC<\/li>\n<\/ul>\n<p><strong>Performance<\/strong><\/p>\n<p>La potenza dell&#8217;<strong>In-Sight D900<\/strong>\u00a0risiede nella sua capacit\u00e0 di riconoscere e decifrare codici anche deformati e poco visibili, utilizzando un sistema avanzato di riconoscimento ottico dei caratteri. Inoltre, gli strumenti di edge learning consentono un addestramento rapido e semplice, richiedendo solo pochi esempi per eseguire compiti complessi.<\/p>\n<p><strong>Technologie<\/strong><\/p>\n<p>Il sistema \u00e8 equipaggiato con le pi\u00f9 recenti tecnologie di navigazione e rilevamento ostacoli, tra cui una suite completa di sensori. Le funzionalit\u00e0 di sicurezza, come i pulsanti di emergenza e i sistemi anti-collisione, garantiscono un funzionamento sicuro in ogni situazione.<\/p>\n<p><strong>Conclusions<\/strong><\/p>\n<p>Choisir <strong>Sight D900<\/strong>\u00a0significa optare per un sistema di visione innovativo e accessibile, capace di incrementare notevolmente l&#8217;efficienza operativa della tua azienda. La sua facilit\u00e0 d&#8217;uso, unita alla potenza dell&#8217;intelligenza artificiale, lo rende un investimento ideale per garantire la massima qualit\u00e0 nei processi produttivi.<\/div>\n<p><!-- .vgblk-rw-wrapper --><\/p>","protected":false},"excerpt":{"rendered":"<p><strong>Sight D900<\/strong>\u00a0\u00e8 un avanzato sistema di visione automatizzata, ideale per applicazioni industriali complesse. Dotato di strumenti di edge learning e deep learning, offre prestazioni eccellenti nel rilevamento dei difetti, verifica degli assemblaggi e riconoscimento ottico dei caratteri (OCR). La sua intelligenza artificiale permette di elaborare le immagini direttamente sul dispositivo, rendendo questo robot una scelta versatile e accessibile per migliorare l&#8217;efficienza operativa delle aziende.<\/p>","protected":false},"featured_media":1014206,"template":"","meta":[],"pwb-brand":[686],"product_brand":[],"product_cat":[617],"product_tag":[],"class_list":{"0":"post-1014202","1":"product","2":"type-product","3":"status-publish","4":"has-post-thumbnail","6":"pwb-brand-cognex","7":"product_cat-camere-industriali","9":"first","10":"instock","11":"shipping-taxable","12":"product-type-simple"},"brands":[{"id":686,"name":"Cognex","slug":"cognex"}],"_links":{"self":[{"href":"https:\/\/store.todsystem.com\/fr\/wp-json\/wp\/v2\/product\/1014202","targetHints":{"allow":["GET"]}}],"collection":[{"href":"https:\/\/store.todsystem.com\/fr\/wp-json\/wp\/v2\/product"}],"about":[{"href":"https:\/\/store.todsystem.com\/fr\/wp-json\/wp\/v2\/types\/product"}],"version-history":[{"count":6,"href":"https:\/\/store.todsystem.com\/fr\/wp-json\/wp\/v2\/product\/1014202\/revisions"}],"predecessor-version":[{"id":1019094,"href":"https:\/\/store.todsystem.com\/fr\/wp-json\/wp\/v2\/product\/1014202\/revisions\/1019094"}],"wp:featuredmedia":[{"embeddable":true,"href":"https:\/\/store.todsystem.com\/fr\/wp-json\/wp\/v2\/media\/1014206"}],"wp:attachment":[{"href":"https:\/\/store.todsystem.com\/fr\/wp-json\/wp\/v2\/media?parent=1014202"}],"wp:term":[{"taxonomy":"pwb-brand","embeddable":true,"href":"https:\/\/store.todsystem.com\/fr\/wp-json\/wp\/v2\/pwb-brand?post=1014202"},{"taxonomy":"product_brand","embeddable":true,"href":"https:\/\/store.todsystem.com\/fr\/wp-json\/wp\/v2\/product_brand?post=1014202"},{"taxonomy":"product_cat","embeddable":true,"href":"https:\/\/store.todsystem.com\/fr\/wp-json\/wp\/v2\/product_cat?post=1014202"},{"taxonomy":"product_tag","embeddable":true,"href":"https:\/\/store.todsystem.com\/fr\/wp-json\/wp\/v2\/product_tag?post=1014202"}],"curies":[{"name":"wp","href":"https:\/\/api.w.org\/{rel}","templated":true}]}}