{"id":1014198,"date":"2024-11-05T13:53:13","date_gmt":"2024-11-05T13:53:13","guid":{"rendered":"https:\/\/store.todsystem.com\/?post_type=product&#038;p=1014198"},"modified":"2025-09-29T10:07:17","modified_gmt":"2025-09-29T10:07:17","slug":"cognex-in-sight-snapp","status":"publish","type":"product","link":"https:\/\/store.todsystem.com\/fr\/produit-2\/cognex-in-sight-snapp\/","title":{"rendered":"COGNEX In-Sight SnAPP"},"content":{"rendered":"<div class=\"vgblk-rw-wrapper limit-wrapper\">Le capteur <em>In-Sight SnAPP<\/em> est une solution avanc\u00e9e et polyvalente pour l'automatisation des t\u00e2ches de d\u00e9tection et de contr\u00f4le de la qualit\u00e9 en milieu industriel. Gr\u00e2ce \u00e0 l'utilisation d'une intelligence artificielle pr\u00e9-entra\u00een\u00e9e et d'une analyse bas\u00e9e sur l'image, il est capable de g\u00e9rer des t\u00e2ches complexes telles que la d\u00e9tection d'anomalies, la r\u00e9duction des faux positifs\/n\u00e9gatifs et l'identification de caract\u00e9ristiques ou de pi\u00e8ces dans des positions diff\u00e9rentes. Ces capteurs sont id\u00e9aux pour am\u00e9liorer la qualit\u00e9 des produits et optimiser les performances des machines.<\/p>\n<p>Le syst\u00e8me offre \u00e9galement une configuration rapide et intuitive via une interface web, \u00e9liminant ainsi la n\u00e9cessit\u00e9 d'installer un logiciel sp\u00e9cifique. Le dispositif peut \u00eatre connect\u00e9 et g\u00e9r\u00e9 \u00e0 distance, ce qui facilite l'installation m\u00eame pour les utilisateurs non experts et permet d'adapter facilement de nouvelles applications de production sans avoir \u00e0 remplacer le mat\u00e9riel. La flexibilit\u00e9 du capteur permet de remplacer divers instruments de d\u00e9tection, tels que des cellules photo\u00e9lectriques ou des capteurs laser, par une seule solution de vision avanc\u00e9e, ce qui facilite l'int\u00e9gration et la maintenance pr\u00e9dictive.<\/p>\n<p>Principales caract\u00e9ristiques techniques :<\/p>\n<ul>\n<li><strong>Poids<\/strong>141 g (objectif de 6,2 mm) ; 169 g (objectif de 16 mm) ; ajout de 50 g pour la configuration \u00e0 angle droit<\/li>\n<li><strong>Alimentation \u00e9lectrique<\/strong>24 V DC \u00b110%, ou USB 5V (consommation d'\u00e9nergie \u22647,5W)<\/li>\n<li><strong>Temp\u00e9rature de fonctionnement<\/strong>0 \u00e0 40 \u00b0C ; classe IP67 pour la r\u00e9sistance \u00e0 la poussi\u00e8re et \u00e0 l'eau<\/li>\n<li><strong>Capacit\u00e9 de stockage<\/strong>supporte jusqu'\u00e0 20 applications diff\u00e9rentes<\/li>\n<li><strong>R\u00e9solution et capteur d'image<\/strong>Capteur : 1\/2,8\u2033 CMOS avec 2,8 \u03bcm pixels, r\u00e9solution 1440 x 1080 (1,6 MP)<\/li>\n<li><strong>Connectivit\u00e9<\/strong>Ethernet 10\/100\/1000 full\/half duplex pour une connexion rapide et stable<\/li>\n<\/ul>\n<p>L'In-Sight SnAPP se pr\u00eate \u00e0 l'extension des possibilit\u00e9s d'automatisation du contr\u00f4le de la qualit\u00e9, contribuant ainsi \u00e0 l'efficacit\u00e9 de la ligne de production et \u00e0 la r\u00e9duction des erreurs manuelles.<\/p><\/div>\n<p><!-- .vgblk-rw-wrapper --><\/p>","protected":false},"excerpt":{"rendered":"<p>Il sensore di visione In-Sight SnAPP di Cognex automatizza rapidamente il controllo qualit\u00e0 e supporta i processi produttivi senza richiedere competenze tecniche. Sfruttando l&#8217;IA pre-addestrata e l&#8217;interfaccia utente intuitiva, \u00e8 in grado di gestire varie applicazioni di ispezione, migliorando la precisione e riducendo errori grazie alla rilevazione accurata e alla gestione delle variazioni.<\/p>\n<h3><\/h3>","protected":false},"featured_media":1014217,"template":"","meta":[],"pwb-brand":[686],"product_brand":[],"product_cat":[617],"product_tag":[],"class_list":{"0":"post-1014198","1":"product","2":"type-product","3":"status-publish","4":"has-post-thumbnail","6":"pwb-brand-cognex","7":"product_cat-camere-industriali","9":"first","10":"instock","11":"shipping-taxable","12":"product-type-simple"},"brands":[{"id":686,"name":"Cognex","slug":"cognex"}],"_links":{"self":[{"href":"https:\/\/store.todsystem.com\/fr\/wp-json\/wp\/v2\/product\/1014198","targetHints":{"allow":["GET"]}}],"collection":[{"href":"https:\/\/store.todsystem.com\/fr\/wp-json\/wp\/v2\/product"}],"about":[{"href":"https:\/\/store.todsystem.com\/fr\/wp-json\/wp\/v2\/types\/product"}],"version-history":[{"count":6,"href":"https:\/\/store.todsystem.com\/fr\/wp-json\/wp\/v2\/product\/1014198\/revisions"}],"predecessor-version":[{"id":1017047,"href":"https:\/\/store.todsystem.com\/fr\/wp-json\/wp\/v2\/product\/1014198\/revisions\/1017047"}],"wp:featuredmedia":[{"embeddable":true,"href":"https:\/\/store.todsystem.com\/fr\/wp-json\/wp\/v2\/media\/1014217"}],"wp:attachment":[{"href":"https:\/\/store.todsystem.com\/fr\/wp-json\/wp\/v2\/media?parent=1014198"}],"wp:term":[{"taxonomy":"pwb-brand","embeddable":true,"href":"https:\/\/store.todsystem.com\/fr\/wp-json\/wp\/v2\/pwb-brand?post=1014198"},{"taxonomy":"product_brand","embeddable":true,"href":"https:\/\/store.todsystem.com\/fr\/wp-json\/wp\/v2\/product_brand?post=1014198"},{"taxonomy":"product_cat","embeddable":true,"href":"https:\/\/store.todsystem.com\/fr\/wp-json\/wp\/v2\/product_cat?post=1014198"},{"taxonomy":"product_tag","embeddable":true,"href":"https:\/\/store.todsystem.com\/fr\/wp-json\/wp\/v2\/product_tag?post=1014198"}],"curies":[{"name":"wp","href":"https:\/\/api.w.org\/{rel}","templated":true}]}}