{"id":1014150,"date":"2024-11-05T10:20:11","date_gmt":"2024-11-05T10:20:11","guid":{"rendered":"https:\/\/store.todsystem.com\/?post_type=product&#038;p=1014150"},"modified":"2025-09-26T14:47:43","modified_gmt":"2025-09-26T14:47:43","slug":"intel-realsense-d455f","status":"publish","type":"product","link":"https:\/\/store.todsystem.com\/fr\/produit-2\/intel-realsense-d455f\/","title":{"rendered":"Intel RealSense D455f Telecamera di Profondit\u00e0"},"content":{"rendered":"<div class=\"vgblk-rw-wrapper limit-wrapper\">La <strong>Intel\u00ae RealSense\u2122 Depth Camera D455f<\/strong> rappresenta l&#8217;evoluzione della tecnologia di visione per robot autonomi. Grazie all&#8217;integrazione di un filtro IR passivo, questa telecamera affronta efficacemente i problemi di rilevamento causati dai riflessi luminosi, garantendo prestazioni affidabili e di alta qualit\u00e0 in vari contesti operativi.<\/p>\n<p>Principales caract\u00e9ristiques techniques :<\/p>\n<ul>\n<li><strong>Ambiente di utilizzo:<\/strong> Interno\/Esterno<\/li>\n<li><strong>Intervallo ideale:<\/strong> 0,6 m a 6 m<\/li>\n<li><strong>Tecnologia di profondit\u00e0:<\/strong> Stereoscopica<\/li>\n<li><strong>Distanza minima di profondit\u00e0 (Min-Z) a massima risoluzione:<\/strong> ~52 cm<\/li>\n<li><strong>Precisione della profondit\u00e0:<\/strong> &lt;2% a 4 m<\/li>\n<li><strong>Tecnologia del sensore dell&#8217;immagine:<\/strong> Otturatore globale<\/li>\n<li><strong>Campo di visione (FOV) della profondit\u00e0:<\/strong> 87\u00b0 \u00d7 58\u00b0<\/li>\n<li><strong>Risoluzione di output della profondit\u00e0:<\/strong> Jusqu'\u00e0 1280 \u00d7 720<\/li>\n<li><strong>Frame rate di profondit\u00e0:<\/strong> Jusqu'\u00e0 90 fps<\/li>\n<li><strong>Risoluzione del frame RGB:<\/strong> Fino a 1280 \u00d7 800<\/li>\n<li><strong>Frame rate RGB:<\/strong> 60 fps<\/li>\n<li><strong>Tecnologia del sensore RGB:<\/strong> Otturatore globale<\/li>\n<li><strong>FOV del sensore RGB (H \u00d7 V):<\/strong> 87 \u00d7 62\u00b0<\/li>\n<li><strong>Risoluzione del sensore RGB:<\/strong> 1 MP<\/li>\n<\/ul>\n<p>Componenti principali<\/p>\n<ul>\n<li><strong>Modulo camera:<\/strong> Intel RealSense Module D450<\/li>\n<li><strong>Scheda del processore visivo:<\/strong> Intel RealSense Vision Processor D4<\/li>\n<\/ul>\n<p>Fattori fisici<\/p>\n<ul>\n<li><strong>Forma:<\/strong> Periferica Camera<\/li>\n<li><strong>Dimensions :<\/strong> 124 mm \u00d7 29 mm \u00d7 26.8 mm<\/li>\n<li><strong>Connettori:<\/strong> USB-C 3.1 Gen 1<\/li>\n<li><strong>Meccanismo di montaggio:<\/strong>\n<ul>\n<li style=\"list-style-type: none;\">\n<ul>\n<li>Un punto di montaggio filettato 1\/4-20 UNC<\/li>\n<\/ul>\n<\/li>\n<\/ul>\n<ul>\n<li>Due punti di montaggio filettati M4<\/li>\n<li>Compatibile con treppiedi<\/li>\n<\/ul>\n<\/li>\n<\/ul>\n<p>Integrazione e supporto<\/p>\n<p>La <strong>D455f<\/strong> \u00e8 progettata per una semplice integrazione &#8220;out-of-the-box&#8221;. Supporta l&#8217;Intel\u00ae RealSense\u2122 SDK 2.0, una piattaforma open source che facilita lo sviluppo e l&#8217;implementazione in diverse applicazioni. Il SDK \u00e8 indipendente dalla piattaforma e include wrapper per molte piattaforme e linguaggi comuni, rendendo pi\u00f9 accessibile la creazione di applicazioni avanzate di visione.<\/p>\n<p>Conclusions<\/p>\n<p>Optare per la <strong>Intel\u00ae RealSense\u2122 Depth Camera D455f<\/strong> significa scegliere una soluzione robusta per applicazioni di visione profonda e rilevamento in ambienti complessi. Con prestazioni elevate e una facile integrazione, \u00e8 l&#8217;ideale per sviluppatori e aziende che vogliono potenziare i loro sistemi autonomi e migliorare l&#8217;interazione con l&#8217;ambiente.<\/div>\n<p><!-- .vgblk-rw-wrapper --><\/p>","protected":false},"excerpt":{"rendered":"<p>La <strong><a href=\"https:\/\/store.todsystem.com\/fr\/marque\/intel-realsense\/\">Intel RealSense<\/a>\u2122 Depth Camera D455f<\/strong> \u00e8 una telecamera avanzata progettata per fornire una visione profonda e chiara in ambienti complessi. Dotata di un filtro IR passivo, questa telecamera riduce i problemi di rilevamento degli oggetti causati da riflessi di luce, migliorando l&#8217;affidabilit\u00e0 nelle operazioni di robotica e automazione. Con un intervallo operativo da 0,6 m a 6 m e una precisione della profondit\u00e0 inferiore al 2% a 4 m, \u00e8 ideale per applicazioni sia indoor che outdoor.<\/p>","protected":false},"featured_media":1014155,"template":"","meta":[],"pwb-brand":[592],"product_brand":[],"product_cat":[617,271],"product_tag":[],"class_list":{"0":"post-1014150","1":"product","2":"type-product","3":"status-publish","4":"has-post-thumbnail","6":"pwb-brand-intel-realsense","7":"product_cat-camere-industriali","8":"product_cat-telecamere-di-profondita","10":"first","11":"instock","12":"shipping-taxable","13":"product-type-simple"},"brands":[{"id":592,"name":"Intel RealSense","slug":"intel-realsense"}],"_links":{"self":[{"href":"https:\/\/store.todsystem.com\/fr\/wp-json\/wp\/v2\/product\/1014150","targetHints":{"allow":["GET"]}}],"collection":[{"href":"https:\/\/store.todsystem.com\/fr\/wp-json\/wp\/v2\/product"}],"about":[{"href":"https:\/\/store.todsystem.com\/fr\/wp-json\/wp\/v2\/types\/product"}],"version-history":[{"count":6,"href":"https:\/\/store.todsystem.com\/fr\/wp-json\/wp\/v2\/product\/1014150\/revisions"}],"predecessor-version":[{"id":1016296,"href":"https:\/\/store.todsystem.com\/fr\/wp-json\/wp\/v2\/product\/1014150\/revisions\/1016296"}],"wp:featuredmedia":[{"embeddable":true,"href":"https:\/\/store.todsystem.com\/fr\/wp-json\/wp\/v2\/media\/1014155"}],"wp:attachment":[{"href":"https:\/\/store.todsystem.com\/fr\/wp-json\/wp\/v2\/media?parent=1014150"}],"wp:term":[{"taxonomy":"pwb-brand","embeddable":true,"href":"https:\/\/store.todsystem.com\/fr\/wp-json\/wp\/v2\/pwb-brand?post=1014150"},{"taxonomy":"product_brand","embeddable":true,"href":"https:\/\/store.todsystem.com\/fr\/wp-json\/wp\/v2\/product_brand?post=1014150"},{"taxonomy":"product_cat","embeddable":true,"href":"https:\/\/store.todsystem.com\/fr\/wp-json\/wp\/v2\/product_cat?post=1014150"},{"taxonomy":"product_tag","embeddable":true,"href":"https:\/\/store.todsystem.com\/fr\/wp-json\/wp\/v2\/product_tag?post=1014150"}],"curies":[{"name":"wp","href":"https:\/\/api.w.org\/{rel}","templated":true}]}}