{"id":1014137,"date":"2024-11-05T10:13:16","date_gmt":"2024-11-05T10:13:16","guid":{"rendered":"https:\/\/store.todsystem.com\/?post_type=product&#038;p=1014137"},"modified":"2025-09-26T15:19:03","modified_gmt":"2025-09-26T15:19:03","slug":"intel-realsense-d435if","status":"publish","type":"product","link":"https:\/\/store.todsystem.com\/fr\/produit-2\/intel-realsense-d435if\/","title":{"rendered":"intel RealSense D435if Telecamera di profondit\u00e0"},"content":{"rendered":"<div class=\"vgblk-rw-wrapper limit-wrapper\">La <strong>Intel RealSense D435if<\/strong>\u00a0rappresenta un importante passo avanti rispetto ai modelli precedenti, come la D435f. Progettata per applicazioni che richiedono un&#8217;elevata precisione nella misurazione della profondit\u00e0, questa fotocamera integra un&#8217;IMU che consente di ottimizzare le prestazioni in ambienti dinamici, rendendola la scelta ideale per robotica, realt\u00e0 aumentata e automazione industriale.<\/p>\n<p>Principales caract\u00e9ristiques techniques :<\/p>\n<ul>\n<li><strong>Ambiente di utilizzo:<\/strong>\u00a0Interno\/esterno<\/li>\n<li><strong>Portata ideale:<\/strong>\u00a0Da 0,3 m a 3 m<\/li>\n<li><strong>Distanza minima di profondit\u00e0 (Min-Z) alla massima risoluzione:<\/strong>\u00a0~28 cm<\/li>\n<li><strong>Pr\u00e9cision de la profondeur :<\/strong>\u00a0&lt;2% a 2 m<\/li>\n<li><strong>Tecnologia di profondit\u00e0:<\/strong>\u00a0Stereoscopica<\/li>\n<li><strong>Tecnologia del sensore di immagine:<\/strong>\u00a0Obturateur global<\/li>\n<li><strong>Campo visivo di profondit\u00e0 (FOV):<\/strong>\u00a087\u00b0 \u00d7 58\u00b0<\/li>\n<li><strong>Risoluzione di uscita di profondit\u00e0:<\/strong>\u00a0Jusqu'\u00e0 1280 \u00d7 720<\/li>\n<li><strong>Frequenza dei fotogrammi di profondit\u00e0:<\/strong>\u00a0Jusqu'\u00e0 90 fps<\/li>\n<li><strong>Filtro di profondit\u00e0:<\/strong>\u00a0IR Pass<\/li>\n<li><strong>Risoluzione del frame RGB:<\/strong>\u00a0Fino a 1920 \u00d7 1080<\/li>\n<li><strong>Frequenza dei frame RGB:<\/strong>\u00a030 fps<\/li>\n<li><strong>Tecnologia del sensore RGB:<\/strong>\u00a0Volet roulant<\/li>\n<li><strong>Risoluzione sensore RGB:<\/strong>\u00a02 MP<\/li>\n<li><strong>Connettori:<\/strong>\u00a0USB\u2011C 3.1 Gen 1<\/li>\n<li><strong>Meccanismo di montaggio:<\/strong>\u00a0Un punto di montaggio con filettatura UNC 1\/4\u201120 e due punti di montaggio con filettatura M4<\/li>\n<li><strong>Dimensions :<\/strong>\u00a090 mm \u00d7 25,8 mm \u00d7 25 mm<\/li>\n<\/ul>\n<p>Performance<\/p>\n<p>La <strong>D435if<\/strong>\u00a0offre grafica e immagini profonde di alta qualit\u00e0, grazie a una frequenza di fotogrammi che pu\u00f2 raggiungere i 90 fps. La presenza di un filtro IR Pass stabilizza la percezione della profondit\u00e0, evitando i problemi di rilevazione causati da luci indesiderate. La durata della batteria e l\u2019efficienza del sistema consentono operazioni prolungate senza interruzioni.<\/p>\n<p>Manoeuvrabilit\u00e9 et stabilit\u00e9<\/p>\n<p>Progettata per adattarsi a una vasta gamma di ambienti e condizioni, la\u00a0<strong>RealSense D435if<\/strong>\u00a0fornisce prestazioni stabili anche in spazi ristretti o su terreni complessi, grazie alla sua tecnologia all\u2019avanguardia e alla presenza dell&#8217;IMU. Questo la rende perfetta per applicazioni mobili dove sono richieste manovre precise.<\/p>\n<p>Technologie et s\u00e9curit\u00e9<\/p>\n<p>L'appareil photo <strong>D435if<\/strong>\u00a0si avvale delle tecnologie pi\u00f9 sofisticate per la navigazione e il rilevamento, incorporando sensori avanzati che garantiscono sicurezza e affidabilit\u00e0 nei rilevamenti. La sua capacit\u00e0 di elaborare dati in tempo reale la rende ideale per applicazioni in movimento e in ambienti con variazioni delle condizioni di illuminazione.<\/p>\n<p>Conclusions<\/p>\n<p>La cam\u00e9ra de profondeur <strong>Intel RealSense D435if<\/strong>\u00a0significa investire in un prodotto di alta qualit\u00e0 per applicazioni che richiedono elevata precisione e affidabilit\u00e0. Grazie alle sue avanzate capacit\u00e0 di rilevazione della profondit\u00e0, all\u2019interfaccia user-friendly e all\u2019integrazione facile con altri sistemi, rappresenta la scelta ideale per ingegneri, sviluppatori e ricercatori nel campo della visione artificiale e della robotica.<\/div>\n<p><!-- .vgblk-rw-wrapper --><\/p>","protected":false},"excerpt":{"rendered":"<p>La <strong><a href=\"https:\/\/store.todsystem.com\/fr\/marque\/intel-realsense\/\">Intel RealSense<\/a> D435if<\/strong>\u00a0\u00e8 un&#8217;innovativa fotocamera progettata per ottimizzare le applicazioni di visione artificiale grazie alla sua tecnologia all&#8217;avanguardia. Con un campo visivo ampio e un&#8217;IMU integrata, offre prestazioni superiori in termini di consapevolezza della profondit\u00e0 e rilevamento di oggetti, rendendola ideale per utilizzi interni ed esterni. Inoltre, il filtro IR Pass riduce i falsi rilevamenti causati dai riflessi, garantendo cos\u00ec risultati accurati e precisi.<\/p>","protected":false},"featured_media":1014147,"template":"","meta":[],"pwb-brand":[592],"product_brand":[],"product_cat":[617,271],"product_tag":[],"class_list":{"0":"post-1014137","1":"product","2":"type-product","3":"status-publish","4":"has-post-thumbnail","6":"pwb-brand-intel-realsense","7":"product_cat-camere-industriali","8":"product_cat-telecamere-di-profondita","10":"first","11":"instock","12":"shipping-taxable","13":"product-type-simple"},"brands":[{"id":592,"name":"Intel RealSense","slug":"intel-realsense"}],"_links":{"self":[{"href":"https:\/\/store.todsystem.com\/fr\/wp-json\/wp\/v2\/product\/1014137","targetHints":{"allow":["GET"]}}],"collection":[{"href":"https:\/\/store.todsystem.com\/fr\/wp-json\/wp\/v2\/product"}],"about":[{"href":"https:\/\/store.todsystem.com\/fr\/wp-json\/wp\/v2\/types\/product"}],"version-history":[{"count":5,"href":"https:\/\/store.todsystem.com\/fr\/wp-json\/wp\/v2\/product\/1014137\/revisions"}],"predecessor-version":[{"id":1019077,"href":"https:\/\/store.todsystem.com\/fr\/wp-json\/wp\/v2\/product\/1014137\/revisions\/1019077"}],"wp:featuredmedia":[{"embeddable":true,"href":"https:\/\/store.todsystem.com\/fr\/wp-json\/wp\/v2\/media\/1014147"}],"wp:attachment":[{"href":"https:\/\/store.todsystem.com\/fr\/wp-json\/wp\/v2\/media?parent=1014137"}],"wp:term":[{"taxonomy":"pwb-brand","embeddable":true,"href":"https:\/\/store.todsystem.com\/fr\/wp-json\/wp\/v2\/pwb-brand?post=1014137"},{"taxonomy":"product_brand","embeddable":true,"href":"https:\/\/store.todsystem.com\/fr\/wp-json\/wp\/v2\/product_brand?post=1014137"},{"taxonomy":"product_cat","embeddable":true,"href":"https:\/\/store.todsystem.com\/fr\/wp-json\/wp\/v2\/product_cat?post=1014137"},{"taxonomy":"product_tag","embeddable":true,"href":"https:\/\/store.todsystem.com\/fr\/wp-json\/wp\/v2\/product_tag?post=1014137"}],"curies":[{"name":"wp","href":"https:\/\/api.w.org\/{rel}","templated":true}]}}