{"id":1014135,"date":"2024-11-05T10:10:36","date_gmt":"2024-11-05T10:10:36","guid":{"rendered":"https:\/\/store.todsystem.com\/?post_type=product&#038;p=1014135"},"modified":"2025-09-26T15:15:57","modified_gmt":"2025-09-26T15:15:57","slug":"intel-realsense-d435f","status":"publish","type":"product","link":"https:\/\/store.todsystem.com\/fr\/produit-2\/intel-realsense-d435f\/","title":{"rendered":"Intel RealSense D435f Telecamera di profondit\u00e0"},"content":{"rendered":"<div class=\"vgblk-rw-wrapper limit-wrapper\">La <strong>Intel RealSense\u2122 Depth Camera D435f<\/strong> rappresenta un&#8217;innovazione nel campo della visione artificiale, offrendo capacit\u00e0 avanzate di rilevamento della profondit\u00e0 per robot autonomi. Con la sua tecnologia stereoscopica e un filtro IR incorporato, questa telecamera \u00e8 progettata per affrontare le sfide ambientali sia interne che esterne, garantendo prestazioni superiori e facilit\u00e0 d&#8217;uso.<\/p>\n<p>Principales caract\u00e9ristiques techniques :<\/p>\n<ul>\n<li><strong>Ambiente di utilizzo:<\/strong> Interno\/Esterno<\/li>\n<li><strong>Intervallo ideale:<\/strong> 0,3 m a 3 m<\/li>\n<li><strong>Tecnologia di profondit\u00e0:<\/strong> Stereoscopica<\/li>\n<li><strong>Distanza minima di profondit\u00e0 (Min-Z) a massima risoluzione:<\/strong> ~28 cm<\/li>\n<li><strong>Precisione della profondit\u00e0:<\/strong> &lt;2% a 2 m<\/li>\n<li><strong>Tecnologia del sensore dell&#8217;immagine:<\/strong> Otturatore globale<\/li>\n<li><strong>Campo di visione (FOV) della profondit\u00e0:<\/strong> 87\u00b0 \u00d7 58\u00b0<\/li>\n<li><strong>Risoluzione di output della profondit\u00e0:<\/strong> Jusqu'\u00e0 1280 \u00d7 720<\/li>\n<li><strong>Frame rate di profondit\u00e0:<\/strong> Jusqu'\u00e0 90 fps<\/li>\n<li><strong>Risoluzione del frame RGB:<\/strong> Fino a 1920 \u00d7 1080<\/li>\n<li><strong>Frame rate RGB:<\/strong> 30 fps<\/li>\n<li><strong>Tecnologia del sensore RGB:<\/strong> Otturatore a rotolamento<\/li>\n<li><strong>FOV del sensore RGB (H \u00d7 V):<\/strong> 69 \u00d7 42\u00b0<\/li>\n<li><strong>Risoluzione del sensore RGB:<\/strong> 2 MP<\/li>\n<\/ul>\n<p>Componenti principali<\/p>\n<ul>\n<li><strong>Modulo camera:<\/strong> Intel RealSense Module D430 + Camera RGB<\/li>\n<li><strong>Scheda del processore visivo:<\/strong> Intel RealSense Vision Processor D4<\/li>\n<\/ul>\n<p>Fattori fisici<\/p>\n<ul>\n<li><strong>Forma:<\/strong> Periferica Camera<\/li>\n<li><strong>Dimensions :<\/strong> 90 mm \u00d7 25.8 mm \u00d7 25 mm<\/li>\n<li><strong>Connettori:<\/strong> USB-C 3.1 Gen 1<\/li>\n<li><strong>Meccanismo di montaggio:<\/strong>\n<ul>\n<li>Un punto di montaggio filettato 1\/4-20 UNC<\/li>\n<li>Due punti di montaggio filettati M4<\/li>\n<\/ul>\n<\/li>\n<\/ul>\n<p>&nbsp;<\/p>\n<p>Choisir le <strong>Intel RealSense\u2122 Depth Camera D435f<\/strong> significa dotarsi di uno strumento potente per migliorare la navigazione e l&#8217;interazione dei robot autonomi con l&#8217;ambiente circostante. La sua qualit\u00e0 di profondit\u00e0 avanzata e l&#8217;integrazione semplice la rendono una scelta ideale per sviluppatori e aziende che cercano soluzioni innovative nel campo della robotica.<\/div>\n<p><!-- .vgblk-rw-wrapper --><\/p>","protected":false},"excerpt":{"rendered":"<p>La <strong><a href=\"https:\/\/store.todsystem.com\/fr\/marque\/intel-realsense\/\">Intel RealSense<\/a>\u2122 Depth Camera D435f<\/strong> \u00e8 una soluzione avanzata per la visione 3D, progettata per il mercato in crescita dei robot mobili autonomi. Grazie al filtro IR pass, questa telecamera migliora la qualit\u00e0 della profondit\u00e0 e le prestazioni in una vasta gamma di ambienti robotici, facilitando un&#8217;integrazione semplice e rapida. Ideale per applicazioni indoor e outdoor, la D435f offre un raggio di azione da 0,3 m a 3 m, con una precisione della profondit\u00e0 inferiore al 2% a 2 m.<\/p>","protected":false},"featured_media":1014144,"template":"","meta":[],"pwb-brand":[592],"product_brand":[],"product_cat":[617,271],"product_tag":[],"class_list":{"0":"post-1014135","1":"product","2":"type-product","3":"status-publish","4":"has-post-thumbnail","6":"pwb-brand-intel-realsense","7":"product_cat-camere-industriali","8":"product_cat-telecamere-di-profondita","10":"first","11":"instock","12":"shipping-taxable","13":"product-type-simple"},"brands":[{"id":592,"name":"Intel RealSense","slug":"intel-realsense"}],"_links":{"self":[{"href":"https:\/\/store.todsystem.com\/fr\/wp-json\/wp\/v2\/product\/1014135","targetHints":{"allow":["GET"]}}],"collection":[{"href":"https:\/\/store.todsystem.com\/fr\/wp-json\/wp\/v2\/product"}],"about":[{"href":"https:\/\/store.todsystem.com\/fr\/wp-json\/wp\/v2\/types\/product"}],"version-history":[{"count":3,"href":"https:\/\/store.todsystem.com\/fr\/wp-json\/wp\/v2\/product\/1014135\/revisions"}],"predecessor-version":[{"id":1019076,"href":"https:\/\/store.todsystem.com\/fr\/wp-json\/wp\/v2\/product\/1014135\/revisions\/1019076"}],"wp:featuredmedia":[{"embeddable":true,"href":"https:\/\/store.todsystem.com\/fr\/wp-json\/wp\/v2\/media\/1014144"}],"wp:attachment":[{"href":"https:\/\/store.todsystem.com\/fr\/wp-json\/wp\/v2\/media?parent=1014135"}],"wp:term":[{"taxonomy":"pwb-brand","embeddable":true,"href":"https:\/\/store.todsystem.com\/fr\/wp-json\/wp\/v2\/pwb-brand?post=1014135"},{"taxonomy":"product_brand","embeddable":true,"href":"https:\/\/store.todsystem.com\/fr\/wp-json\/wp\/v2\/product_brand?post=1014135"},{"taxonomy":"product_cat","embeddable":true,"href":"https:\/\/store.todsystem.com\/fr\/wp-json\/wp\/v2\/product_cat?post=1014135"},{"taxonomy":"product_tag","embeddable":true,"href":"https:\/\/store.todsystem.com\/fr\/wp-json\/wp\/v2\/product_tag?post=1014135"}],"curies":[{"name":"wp","href":"https:\/\/api.w.org\/{rel}","templated":true}]}}