{"id":1014134,"date":"2024-11-05T10:07:33","date_gmt":"2024-11-05T10:07:33","guid":{"rendered":"https:\/\/store.todsystem.com\/?post_type=product&#038;p=1014134"},"modified":"2025-07-11T10:51:08","modified_gmt":"2025-07-11T10:51:08","slug":"photoneo-motioncam-3d-l-2","status":"publish","type":"product","link":"https:\/\/store.todsystem.com\/fr\/produit-2\/photoneo-motioncam-3d-l-2\/","title":{"rendered":"Photoneo MotionCam-3D L"},"content":{"rendered":"<div class=\"vgblk-rw-wrapper limit-wrapper\">La <strong>MotionCam 3D L<\/strong> \u00e8 una telecamera 3D progettata per fornire un&#8217;eccezionale capacit\u00e0 di scansione per oggetti di grandi dimensioni e volumi. Con il suo ampio range di scansione, \u00e8 ideale per applicazioni industriali che richiedono la cattura di dettagli su scala maggiore.<\/p>\n<p>Sp\u00e9cifications techniques<\/p>\n<ul>\n<li><strong>Plage de balayage<\/strong>: 778 &#8211; 3034 mm<\/li>\n<li><strong>R\u00e9solution de la carte de profondeur<\/strong>:\n<ul>\n<li>Mode statique : 1680 x 1200<\/li>\n<li>Mode dynamique : jusqu'\u00e0 1680 x 1200<\/li>\n<\/ul>\n<\/li>\n<li><strong>Vitesse maximale objet\/cam\u00e9ra<\/strong>jusqu'\u00e0 40 m\/s<\/li>\n<li><strong>Mode cam\u00e9ra<\/strong>:\n<ul>\n<li><strong>Taille du point<\/strong>: 1.05 mm a 0.9 MP, 0.72 mm a 2 MP<\/li>\n<li><strong>Pr\u00e9cision<\/strong>: &lt; 1.250 mm<\/li>\n<li><strong>Bruit temporel<\/strong>&lt; 0,150 mm<\/li>\n<\/ul>\n<\/li>\n<li><strong>Mode scanner<\/strong>:\n<ul>\n<li><strong>Taille du point<\/strong>: 0.72 mm a z = 1239 mm<\/li>\n<li><strong>Pr\u00e9cision<\/strong>: &lt; 0.900 mm<\/li>\n<li><strong>Bruit temporel<\/strong>&lt; 0,100 mm<\/li>\n<\/ul>\n<\/li>\n<li><strong>Taux de rafra\u00eechissement maximum<\/strong>jusqu'\u00e0 20 fps<\/li>\n<li><strong>Temps d'acquisition des donn\u00e9es<\/strong>: 20 ms<\/li>\n<li><strong>Capacit\u00e9 de traitement<\/strong>15 millions de points 3D par seconde<\/li>\n<li><strong>Processeur graphique (GPU)<\/strong>Architecture NVIDIA Pascal\u2122 avec 256 c\u0153urs CUDA<\/li>\n<li><strong>Dimensions<\/strong>: 86 x 68 x 628 mm<\/li>\n<li><strong>Base de r\u00e9f\u00e9rence<\/strong>: 550 mm<\/li>\n<li><strong>Poids<\/strong>: 1150 g<\/li>\n<\/ul>\n<p>Caract\u00e9ristiques distinctives<\/p>\n<ul>\n<li><strong>Ampio range di scansione<\/strong>: Da 778 a 3034 mm, ideale per oggetti di grandi dimensioni.<\/li>\n<li><strong>Elevata capacit\u00e0 di acquisizione<\/strong>: Perfetta per applicazioni che richiedono dettagli su larga scala in ambienti industriali.<\/li>\n<li><strong>Prestazioni superiori per oggetti in movimento<\/strong>: Supporta velocit\u00e0 fino a 40 m\/s, consentendo scansioni precise anche di oggetti dinamici.<\/li>\n<\/ul>\n<p><strong>Tecnologia avanzata<\/strong>: Dotata di GPU NVIDIA Pascal\u2122, offre elevate capacit\u00e0 di elaborazione per applicazioni di visione artificiale.<\/div>\n<p><!-- .vgblk-rw-wrapper --><\/p>","protected":false},"excerpt":{"rendered":"<p>La <strong>MotionCam 3D L<\/strong> di Photoneo \u00e8 la soluzione definitiva per la scansione di oggetti di grandi dimensioni, con un range di scansione che si estende fino a 3034 mm. Con una risoluzione ottimale e una capacit\u00e0 di acquisizione di 15 milioni di punti al secondo, \u00e8 progettata per fornire dati accurati e dettagliati in applicazioni industriali. La telecamera \u00e8 capace di gestire oggetti in movimento fino a 40 m\/s, rendendola ideale per l&#8217;automazione e il monitoraggio in scenari complessi.<\/p>","protected":false},"featured_media":1014159,"template":"","meta":[],"pwb-brand":[593],"product_brand":[],"product_cat":[617],"product_tag":[],"class_list":{"0":"post-1014134","1":"product","2":"type-product","3":"status-publish","4":"has-post-thumbnail","6":"pwb-brand-photoneo","7":"product_cat-camere-industriali","9":"first","10":"instock","11":"shipping-taxable","12":"product-type-simple"},"brands":[{"id":593,"name":"Photonique","slug":"photoneo"}],"_links":{"self":[{"href":"https:\/\/store.todsystem.com\/fr\/wp-json\/wp\/v2\/product\/1014134","targetHints":{"allow":["GET"]}}],"collection":[{"href":"https:\/\/store.todsystem.com\/fr\/wp-json\/wp\/v2\/product"}],"about":[{"href":"https:\/\/store.todsystem.com\/fr\/wp-json\/wp\/v2\/types\/product"}],"version-history":[{"count":5,"href":"https:\/\/store.todsystem.com\/fr\/wp-json\/wp\/v2\/product\/1014134\/revisions"}],"predecessor-version":[{"id":1018337,"href":"https:\/\/store.todsystem.com\/fr\/wp-json\/wp\/v2\/product\/1014134\/revisions\/1018337"}],"wp:featuredmedia":[{"embeddable":true,"href":"https:\/\/store.todsystem.com\/fr\/wp-json\/wp\/v2\/media\/1014159"}],"wp:attachment":[{"href":"https:\/\/store.todsystem.com\/fr\/wp-json\/wp\/v2\/media?parent=1014134"}],"wp:term":[{"taxonomy":"pwb-brand","embeddable":true,"href":"https:\/\/store.todsystem.com\/fr\/wp-json\/wp\/v2\/pwb-brand?post=1014134"},{"taxonomy":"product_brand","embeddable":true,"href":"https:\/\/store.todsystem.com\/fr\/wp-json\/wp\/v2\/product_brand?post=1014134"},{"taxonomy":"product_cat","embeddable":true,"href":"https:\/\/store.todsystem.com\/fr\/wp-json\/wp\/v2\/product_cat?post=1014134"},{"taxonomy":"product_tag","embeddable":true,"href":"https:\/\/store.todsystem.com\/fr\/wp-json\/wp\/v2\/product_tag?post=1014134"}],"curies":[{"name":"wp","href":"https:\/\/api.w.org\/{rel}","templated":true}]}}