{"id":1014127,"date":"2024-11-05T10:10:02","date_gmt":"2024-11-05T10:10:02","guid":{"rendered":"https:\/\/store.todsystem.com\/?post_type=product&#038;p=1014127"},"modified":"2025-09-26T15:09:28","modified_gmt":"2025-09-26T15:09:28","slug":"intel-realsense-d415","status":"publish","type":"product","link":"https:\/\/store.todsystem.com\/fr\/produit-2\/intel-realsense-d415\/","title":{"rendered":"Intel RealSense D415 Telecamera di profondit\u00e0"},"content":{"rendered":"<div class=\"vgblk-rw-wrapper limit-wrapper\">La cam\u00e9ra de profondeur <strong>Intel\u00ae RealSense\u2122 D415<\/strong> se caract\u00e9rise par une grande pr\u00e9cision dans la d\u00e9tection de la profondeur, ce qui le rend particuli\u00e8rement adapt\u00e9 aux sc\u00e9narios o\u00f9 la pr\u00e9cision est cruciale, tels que la num\u00e9risation 3D d\u00e9taill\u00e9e, l'authentification faciale et la capture volum\u00e9trique. \u00c9quip\u00e9 d'un <strong>un champ de vision plus \u00e9troit<\/strong> Par rapport aux autres cam\u00e9ras de la s\u00e9rie, cette configuration permet d'obtenir une grande qualit\u00e9 de profondeur pour chaque degr\u00e9 du champ de vision. L'obturateur rotatif sur le capteur de profondeur et le capteur RVB int\u00e9gr\u00e9 compl\u00e8tent le mat\u00e9riel, ce qui en fait un outil efficace pour le d\u00e9veloppement de solutions avanc\u00e9es de vision industrielle.<\/p>\n<p>Compatible avec le<strong>Intel\u00ae RealSense\u2122 SDK 2.0<\/strong>Le D415 offre un ensemble complet d'outils logiciels pour faciliter l'int\u00e9gration et personnaliser les applications. Gr\u00e2ce \u00e0 sa taille compacte, le <strong>Connexion USB-C 3.1 Gen 1<\/strong>et sa polyvalence, c'est le choix id\u00e9al pour les d\u00e9veloppeurs et les fabricants qui souhaitent int\u00e9grer la d\u00e9tection de profondeur \u00e0 grande \u00e9chelle dans leurs appareils.<\/p>\n<p>Principales sp\u00e9cifications techniques :<\/p>\n<ul>\n<li><strong>Environnement d'utilisation<\/strong>Convient pour une utilisation \u00e0 l'int\u00e9rieur et \u00e0 l'ext\u00e9rieur.<\/li>\n<li><strong>Champ d'application<\/strong>pr\u00e9cision de profondeur &lt;2% \u00e0 2 m\u00e8tres, avec une distance minimale d&#039;environ 45 cm et une port\u00e9e id\u00e9ale comprise entre 0,5 m et 3 m.<\/li>\n<li><strong>Champ de vision (FOV)<\/strong>65\u00b0 \u00d7 40\u00b0 pour la profondeur ; 69\u00b0 \u00d7 42\u00b0 pour le RVB.<\/li>\n<li><strong>R\u00e9solution et fr\u00e9quence d'images<\/strong>r\u00e9solution de profondeur jusqu'\u00e0 1280 x 720 pixels \u00e0 90 ips ; r\u00e9solution RVB jusqu'\u00e0 1920 x 1080 pixels \u00e0 30 ips.<\/li>\n<li><strong>Technologie des capteurs<\/strong>Les deux types d'images sont les suivants : l'obturateur rotatif pour la d\u00e9tection de la profondeur et l'obturateur \u00e0 rouleau pour le RVB.<\/li>\n<li><strong>Connectivit\u00e9<\/strong>USB-C 3.1 Gen 1.<\/li>\n<\/ul>\n<p>Principaux composants :<\/p>\n<ul>\n<li><strong>Module de profondeur<\/strong>Module Intel RealSense D415 avec cam\u00e9ra RVB int\u00e9gr\u00e9e.<\/li>\n<li><strong>Carte processeur<\/strong>Processeur de vision D4.<\/li>\n<\/ul>\n<p>Applications :<\/p>\n<ul>\n<li><strong>Num\u00e9risation 3D<\/strong>une pr\u00e9cision maximale pour la d\u00e9tection des formes.<\/li>\n<li><strong>Authentification faciale<\/strong>Pr\u00e9cision dans la capture des d\u00e9tails pour la reconnaissance biom\u00e9trique.<\/li>\n<li><strong>Production et d\u00e9veloppement<\/strong>Int\u00e9gration simple pour des applications de vision intelligente personnalis\u00e9es.<\/li>\n<\/ul>\n<p>&nbsp;<\/p>\n<p>La <strong>D415<\/strong> est parfaite pour les d\u00e9veloppeurs, les fabricants et les innovateurs, permettant une nouvelle g\u00e9n\u00e9ration d'appareils et d'applications dot\u00e9s d'une vision intelligente et capables de percevoir l'environnement avec plus de pr\u00e9cision et de d\u00e9tails.<\/div>\n<p><!-- .vgblk-rw-wrapper --><\/p>","protected":false},"excerpt":{"rendered":"<p>La <strong><a href=\"https:\/\/store.todsystem.com\/fr\/marque\/intel-realsense\/\">Intel RealSense<\/a>\u2122 D415<\/strong> est con\u00e7u pour des applications de haute pr\u00e9cision, telles que la num\u00e9risation 3D, avec un champ de vision \u00e9troit et un capteur de profondeur \u00e0 obturateur rotatif. Il offre une profondeur sup\u00e9rieure par rapport \u00e0 la qualit\u00e9 de l'angle et est id\u00e9al pour les utilisations n\u00e9cessitant une pr\u00e9cision dans les d\u00e9tails.<\/p>","protected":false},"featured_media":1014141,"template":"","meta":[],"pwb-brand":[592],"product_brand":[],"product_cat":[617,271],"product_tag":[],"class_list":{"0":"post-1014127","1":"product","2":"type-product","3":"status-publish","4":"has-post-thumbnail","6":"pwb-brand-intel-realsense","7":"product_cat-camere-industriali","8":"product_cat-telecamere-di-profondita","10":"first","11":"instock","12":"shipping-taxable","13":"product-type-simple"},"brands":[{"id":592,"name":"Intel RealSense","slug":"intel-realsense"}],"_links":{"self":[{"href":"https:\/\/store.todsystem.com\/fr\/wp-json\/wp\/v2\/product\/1014127","targetHints":{"allow":["GET"]}}],"collection":[{"href":"https:\/\/store.todsystem.com\/fr\/wp-json\/wp\/v2\/product"}],"about":[{"href":"https:\/\/store.todsystem.com\/fr\/wp-json\/wp\/v2\/types\/product"}],"version-history":[{"count":8,"href":"https:\/\/store.todsystem.com\/fr\/wp-json\/wp\/v2\/product\/1014127\/revisions"}],"predecessor-version":[{"id":1019072,"href":"https:\/\/store.todsystem.com\/fr\/wp-json\/wp\/v2\/product\/1014127\/revisions\/1019072"}],"wp:featuredmedia":[{"embeddable":true,"href":"https:\/\/store.todsystem.com\/fr\/wp-json\/wp\/v2\/media\/1014141"}],"wp:attachment":[{"href":"https:\/\/store.todsystem.com\/fr\/wp-json\/wp\/v2\/media?parent=1014127"}],"wp:term":[{"taxonomy":"pwb-brand","embeddable":true,"href":"https:\/\/store.todsystem.com\/fr\/wp-json\/wp\/v2\/pwb-brand?post=1014127"},{"taxonomy":"product_brand","embeddable":true,"href":"https:\/\/store.todsystem.com\/fr\/wp-json\/wp\/v2\/product_brand?post=1014127"},{"taxonomy":"product_cat","embeddable":true,"href":"https:\/\/store.todsystem.com\/fr\/wp-json\/wp\/v2\/product_cat?post=1014127"},{"taxonomy":"product_tag","embeddable":true,"href":"https:\/\/store.todsystem.com\/fr\/wp-json\/wp\/v2\/product_tag?post=1014127"}],"curies":[{"name":"wp","href":"https:\/\/api.w.org\/{rel}","templated":true}]}}