{"id":1014123,"date":"2024-11-05T10:01:50","date_gmt":"2024-11-05T10:01:50","guid":{"rendered":"https:\/\/store.todsystem.com\/?post_type=product&#038;p=1014123"},"modified":"2025-09-24T12:03:40","modified_gmt":"2025-09-24T12:03:40","slug":"intel-realsense-d405","status":"publish","type":"product","link":"https:\/\/store.todsystem.com\/fr\/produit-2\/intel-realsense-d405\/","title":{"rendered":"Intel RealSense D405 Telecamera di Profondit\u00e0"},"content":{"rendered":"<div class=\"vgblk-rw-wrapper limit-wrapper\">La\u00a0<strong>Telecamera di Profondit\u00e0 Intel RealSense D405<\/strong> repr\u00e9sente une \u00e9tape importante dans la technologie de la vision industrielle \u00e0 courte port\u00e9e. Con\u00e7ue pour r\u00e9pondre aux exigences de pr\u00e9cision des applications industrielles et de sant\u00e9, cette cam\u00e9ra permet d'effectuer des op\u00e9rations telles que des inspections automatis\u00e9es, des mesures de plaies et la prise de produits d\u00e9licats. Gr\u00e2ce \u00e0 sa technologie innovante, la D405 peut rendre les op\u00e9rations plus efficaces et plus pr\u00e9cises dans de nombreux contextes.<\/p>\n<p><strong>Principales caract\u00e9ristiques techniques :<\/strong><\/p>\n<ul>\n<li><strong>Distance de fonctionnement id\u00e9ale :<\/strong>\u00a07 cm \u00e0 50 cm<\/li>\n<li><strong>Pr\u00e9cision de la d\u00e9tection des d\u00e9fauts :<\/strong>\u00a0Jusqu'\u00e0 0,1 mm<\/li>\n<li><strong>Pr\u00e9cision de la profondeur :<\/strong>\u00a0+\/- 2% \u00e0 50 cm<\/li>\n<li><strong>R\u00e9solution de la sortie en profondeur :<\/strong>\u00a0Jusqu'\u00e0 1280 \u00d7 720<\/li>\n<li><strong>Fr\u00e9quence d'images RVB :<\/strong>\u00a0Jusqu'\u00e0 90 fps<\/li>\n<li><strong>Interfaces :<\/strong>\u00a0USB 2.0 et USB 3.1<\/li>\n<li><strong>Taille du module :<\/strong>\u00a042 mm \u00d7 42 mm \u00d7 23 mm<\/li>\n<\/ul>\n<p><strong>Performance<\/strong><\/p>\n<p><strong>Intel RealSense D405<\/strong>\u00a0offre des performances exceptionnelles gr\u00e2ce \u00e0 sa grande pr\u00e9cision et \u00e0 sa capacit\u00e9 de d\u00e9tection \u00e0 courte distance. Sa batterie s\u00fbre et sa consommation d'\u00e9nergie efficace (35 mW en mode veille et 1,55 W en mode streaming) garantissent de longues sessions d'utilisation sans qu'il soit n\u00e9cessaire de la recharger fr\u00e9quemment. Cette cam\u00e9ra est id\u00e9ale pour les applications n\u00e9cessitant un fonctionnement ininterrompu, ce qui la rend parfaite pour les environnements de production automatis\u00e9s.<\/p>\n<p><strong>Manoeuvrabilit\u00e9 et stabilit\u00e9<\/strong><\/p>\n<p>La\u00a0<strong>Appareil photo D405<\/strong>\u00a0est con\u00e7ue pour garantir stabilit\u00e9 et pr\u00e9cision, m\u00eame dans des environnements complexes. Gr\u00e2ce \u00e0 sa technologie avanc\u00e9e de profondeur st\u00e9r\u00e9oscopique et \u00e0 son large champ de vision (87\u00b0 \u00d7 58\u00b0), il peut capturer des images d\u00e9taill\u00e9es m\u00eame dans des espaces confin\u00e9s. Sa capacit\u00e9 \u00e0 d\u00e9tecter des objets d'une taille inf\u00e9rieure \u00e0 1 mm en fait l'outil id\u00e9al pour les applications n\u00e9cessitant une manipulation d\u00e9licate.<\/p>\n<p><strong>Technologie et s\u00e9curit\u00e9<\/strong><\/p>\n<p>\u00c9quip\u00e9 d'un syst\u00e8me d'imagerie \u00e0 obturateur global avanc\u00e9, <strong>D405<\/strong>\u00a0comprend des fonctions de s\u00e9curit\u00e9 telles que la d\u00e9tection 3D pour \u00e9viter les collisions avec les objets environnants. Il offre une interface intuitive qui facilite l'int\u00e9gration avec d'autres appareils et syst\u00e8mes d'automatisation, ce qui permet de s\u00e9curiser les op\u00e9rations int\u00e9rieures et ext\u00e9rieures.<\/p>\n<p><strong>Pourquoi le choisir ?<\/strong><\/p>\n<p>Choisir le\u00a0<strong>Telecamera di Profondit\u00e0 Intel RealSense D405<\/strong>\u00a0signifie investir dans une technologie de pointe qui fournit des r\u00e9sultats pr\u00e9cis et fiables. Gr\u00e2ce \u00e0 sa capacit\u00e9 \u00e0 prendre en charge une grande vari\u00e9t\u00e9 d'applications, de l'automatisation industrielle aux soins de sant\u00e9, cette cam\u00e9ra augmente consid\u00e9rablement l'efficacit\u00e9 op\u00e9rationnelle et la pr\u00e9cision des op\u00e9rations quotidiennes. C'est la solution id\u00e9ale pour ceux qui cherchent \u00e0 innover et \u00e0 am\u00e9liorer leur processus de production.<\/div>\n<p><!-- .vgblk-rw-wrapper --><\/p>","protected":false},"excerpt":{"rendered":"<p>La\u00a0<strong>Cam\u00e9ra de profondeur D405<\/strong>\u00a0est un dispositif innovant con\u00e7u pour les applications de vision industrielle \u00e0 courte port\u00e9e. Avec une pr\u00e9cision submillim\u00e9trique et une distance de fonctionnement id\u00e9ale comprise entre 7 et 50 cm, il offre des capacit\u00e9s de d\u00e9tection avanc\u00e9es, ce qui le rend parfait pour les inspections automatis\u00e9es et la manipulation d\u00e9licate d'objets fragiles. Gr\u00e2ce \u00e0 sa technologie d'imagerie avanc\u00e9e, le D405 est le choix id\u00e9al pour les environnements industriels, de sant\u00e9 et d'automatisation commerciale.<\/p>","protected":false},"featured_media":1018929,"template":"","meta":[],"pwb-brand":[592],"product_brand":[],"product_cat":[617,271],"product_tag":[],"class_list":{"0":"post-1014123","1":"product","2":"type-product","3":"status-publish","4":"has-post-thumbnail","6":"pwb-brand-intel-realsense","7":"product_cat-camere-industriali","8":"product_cat-telecamere-di-profondita","10":"first","11":"instock","12":"shipping-taxable","13":"product-type-simple"},"brands":[{"id":592,"name":"Intel RealSense","slug":"intel-realsense"}],"_links":{"self":[{"href":"https:\/\/store.todsystem.com\/fr\/wp-json\/wp\/v2\/product\/1014123","targetHints":{"allow":["GET"]}}],"collection":[{"href":"https:\/\/store.todsystem.com\/fr\/wp-json\/wp\/v2\/product"}],"about":[{"href":"https:\/\/store.todsystem.com\/fr\/wp-json\/wp\/v2\/types\/product"}],"version-history":[{"count":8,"href":"https:\/\/store.todsystem.com\/fr\/wp-json\/wp\/v2\/product\/1014123\/revisions"}],"predecessor-version":[{"id":1017050,"href":"https:\/\/store.todsystem.com\/fr\/wp-json\/wp\/v2\/product\/1014123\/revisions\/1017050"}],"wp:featuredmedia":[{"embeddable":true,"href":"https:\/\/store.todsystem.com\/fr\/wp-json\/wp\/v2\/media\/1018929"}],"wp:attachment":[{"href":"https:\/\/store.todsystem.com\/fr\/wp-json\/wp\/v2\/media?parent=1014123"}],"wp:term":[{"taxonomy":"pwb-brand","embeddable":true,"href":"https:\/\/store.todsystem.com\/fr\/wp-json\/wp\/v2\/pwb-brand?post=1014123"},{"taxonomy":"product_brand","embeddable":true,"href":"https:\/\/store.todsystem.com\/fr\/wp-json\/wp\/v2\/product_brand?post=1014123"},{"taxonomy":"product_cat","embeddable":true,"href":"https:\/\/store.todsystem.com\/fr\/wp-json\/wp\/v2\/product_cat?post=1014123"},{"taxonomy":"product_tag","embeddable":true,"href":"https:\/\/store.todsystem.com\/fr\/wp-json\/wp\/v2\/product_tag?post=1014123"}],"curies":[{"name":"wp","href":"https:\/\/api.w.org\/{rel}","templated":true}]}}