{"id":1014110,"date":"2024-11-05T09:42:30","date_gmt":"2024-11-05T09:42:30","guid":{"rendered":"https:\/\/store.todsystem.com\/?post_type=product&#038;p=1014110"},"modified":"2025-10-27T11:39:32","modified_gmt":"2025-10-27T11:39:32","slug":"intel-realsense-d435","status":"publish","type":"product","link":"https:\/\/store.todsystem.com\/fr\/produit-2\/intel-realsense-d435\/","title":{"rendered":"Intel RealSense D435 Telecamera di profondit\u00e0"},"content":{"rendered":"<div class=\"vgblk-rw-wrapper limit-wrapper\">La cam\u00e9ra de profondeur <strong>Intel RealSense<\/strong> <strong>D435 <\/strong>\u00a0d'Intel est une solution polyvalente et performante pour le d\u00e9veloppement de syst\u00e8mes de vision intelligents. Gr\u00e2ce \u00e0 sa technologie st\u00e9r\u00e9oscopique et \u00e0 sa capacit\u00e9 \u00e0 fournir une profondeur de qualit\u00e9, cette cam\u00e9ra est id\u00e9ale pour les environnements int\u00e9rieurs et ext\u00e9rieurs, ce qui la rend parfaite pour les applications robotiques, la reconnaissance d'objets et la r\u00e9alit\u00e9 augment\u00e9e.<\/p>\n<h2>Principales caract\u00e9ristiques techniques<\/h2>\n<ul>\n<li><strong>D\u00e9bit id\u00e9al<\/strong>de 0,3 m \u00e0 10 m<\/li>\n<li><strong>Profondeur<\/strong>technologie st\u00e9r\u00e9oscopique<\/li>\n<li><strong>Pr\u00e9cision de la profondeur<\/strong>&lt;2% \u00e0 2 m<\/li>\n<li><strong>Profondeur Champ de vision (FOV)<\/strong>: 87\u00b0 \u00d7 58\u00b0<\/li>\n<li><strong>R\u00e9solution de la sortie en profondeur<\/strong>jusqu'\u00e0 1280 \u00d7 720<\/li>\n<li><strong>Profondeur Fr\u00e9quence d'images<\/strong>jusqu'\u00e0 90 fps<\/li>\n<li><strong>R\u00e9solution de la trame RVB<\/strong>: 1920 \u00d7 1080<\/li>\n<li><strong>Fr\u00e9quence d'images RVB<\/strong>30 fps<\/li>\n<li><strong>Connecteurs<\/strong>USB-C 3.1 Gen 1<\/li>\n<li><strong>Facteur de forme<\/strong>90 mm \u00d7 25 mm \u00d7 25 mm<\/li>\n<li style=\"list-style-type: none;\"><\/li>\n<\/ul>\n<h2>Performance<\/h2>\n<p>La <strong>Intel RealSense D435 <\/strong>offre des performances exceptionnelles, avec un taux de rafra\u00eechissement \u00e9lev\u00e9 qui permet une capture d'image rapide pour les applications en mouvement. La durabilit\u00e9 et la fiabilit\u00e9 de la cam\u00e9ra se refl\u00e8tent dans sa conception compacte, qui facilite son int\u00e9gration dans divers appareils. En outre, la technologie de l'obturateur global offre d'excellentes performances, m\u00eame dans les environnements \u00e0 faible luminosit\u00e9, ce qui garantit des op\u00e9rations fluides et s\u00fbres.<\/p>\n<h2>Manoeuvrabilit\u00e9 et stabilit\u00e9<\/h2>\n<p>La conception de la cam\u00e9ra D435 lui permet de fonctionner efficacement m\u00eame dans des espaces confin\u00e9s et dans des conditions environnementales difficiles. Sa portabilit\u00e9 et sa petite taille facilitent son int\u00e9gration dans les robots et les syst\u00e8mes automatis\u00e9s, sans compromettre sa stabilit\u00e9. Gr\u00e2ce \u00e0 ses caract\u00e9ristiques techniques, elle est \u00e9galement performante lors de man\u0153uvres rapides ou en pr\u00e9sence d'obstacles.<\/p>\n<h2>Technologie et s\u00e9curit\u00e9<\/h2>\n<p>La <strong>Intel RealSense D435<\/strong>\u00a0est \u00e9quip\u00e9 d'une technologie de navigation avanc\u00e9e, notamment de capteurs et de syst\u00e8mes de vision qui prennent en charge la technologie SLAM (localisation et cartographie simultan\u00e9es). Ces fonctions aident les robots \u00e0 naviguer intelligemment dans leur environnement. En outre, la cam\u00e9ra est \u00e9quip\u00e9e de dispositifs de s\u00e9curit\u00e9 tels que des boutons d'urgence et des syst\u00e8mes anti-collision, facilitant une utilisation s\u00fbre m\u00eame dans des sc\u00e9narios complexes.<\/p>\n<h2>Conclusions<\/h2>\n<p>La cam\u00e9ra de profondeur <strong>Intel RealSenseD435\u00a0<\/strong>est un excellent choix pour tous ceux qui souhaitent int\u00e9grer des syst\u00e8mes de vision avanc\u00e9s dans des projets de robotique et d'automatisation. La combinaison d'un large champ de vision, d'une haute r\u00e9solution et d'une faible luminosit\u00e9 fait de cette cam\u00e9ra un outil id\u00e9al pour une large gamme d'applications. Choisissez la D435 pour am\u00e9liorer les capacit\u00e9s de votre projet et b\u00e9n\u00e9ficier d'une technologie de pointe \u00e0 un prix comp\u00e9titif.<\/div>\n<p><!-- .vgblk-rw-wrapper --><\/p>","protected":false},"excerpt":{"rendered":"<p>La cam\u00e9ra de profondeur <strong><a href=\"https:\/\/store.todsystem.com\/fr\/marque\/intel-realsense\/\">Intel RealSense<\/a> D435<\/strong>\u00a0est une cam\u00e9ra de profondeur avanc\u00e9e con\u00e7ue pour les applications de robotique et de r\u00e9alit\u00e9 augment\u00e9e. Avec un large champ de vision de 87\u00b0 \u00d7 58\u00b0 et une port\u00e9e de d\u00e9tection id\u00e9ale allant jusqu'\u00e0 10 m, elle est parfaite pour une navigation efficace et une interaction pr\u00e9cise avec l'environnement. La technologie Global Shutter garantit des performances exceptionnelles m\u00eame dans des conditions de faible luminosit\u00e9, ce qui fait de la D435 un choix id\u00e9al pour les applications exigeant pr\u00e9cision et fiabilit\u00e9.<\/p>","protected":false},"featured_media":1014117,"template":"","meta":[],"pwb-brand":[592],"product_brand":[],"product_cat":[617,271],"product_tag":[],"class_list":{"0":"post-1014110","1":"product","2":"type-product","3":"status-publish","4":"has-post-thumbnail","6":"pwb-brand-intel-realsense","7":"product_cat-camere-industriali","8":"product_cat-telecamere-di-profondita","10":"first","11":"instock","12":"shipping-taxable","13":"product-type-simple"},"brands":[{"id":592,"name":"Intel RealSense","slug":"intel-realsense"}],"_links":{"self":[{"href":"https:\/\/store.todsystem.com\/fr\/wp-json\/wp\/v2\/product\/1014110","targetHints":{"allow":["GET"]}}],"collection":[{"href":"https:\/\/store.todsystem.com\/fr\/wp-json\/wp\/v2\/product"}],"about":[{"href":"https:\/\/store.todsystem.com\/fr\/wp-json\/wp\/v2\/types\/product"}],"version-history":[{"count":6,"href":"https:\/\/store.todsystem.com\/fr\/wp-json\/wp\/v2\/product\/1014110\/revisions"}],"predecessor-version":[{"id":1019073,"href":"https:\/\/store.todsystem.com\/fr\/wp-json\/wp\/v2\/product\/1014110\/revisions\/1019073"}],"wp:featuredmedia":[{"embeddable":true,"href":"https:\/\/store.todsystem.com\/fr\/wp-json\/wp\/v2\/media\/1014117"}],"wp:attachment":[{"href":"https:\/\/store.todsystem.com\/fr\/wp-json\/wp\/v2\/media?parent=1014110"}],"wp:term":[{"taxonomy":"pwb-brand","embeddable":true,"href":"https:\/\/store.todsystem.com\/fr\/wp-json\/wp\/v2\/pwb-brand?post=1014110"},{"taxonomy":"product_brand","embeddable":true,"href":"https:\/\/store.todsystem.com\/fr\/wp-json\/wp\/v2\/product_brand?post=1014110"},{"taxonomy":"product_cat","embeddable":true,"href":"https:\/\/store.todsystem.com\/fr\/wp-json\/wp\/v2\/product_cat?post=1014110"},{"taxonomy":"product_tag","embeddable":true,"href":"https:\/\/store.todsystem.com\/fr\/wp-json\/wp\/v2\/product_tag?post=1014110"}],"curies":[{"name":"wp","href":"https:\/\/api.w.org\/{rel}","templated":true}]}}