{"id":1014109,"date":"2024-11-05T09:41:49","date_gmt":"2024-11-05T09:41:49","guid":{"rendered":"https:\/\/store.todsystem.com\/?post_type=product&#038;p=1014109"},"modified":"2025-07-11T10:49:42","modified_gmt":"2025-07-11T10:49:42","slug":"photoneo-motioncam-3d-m","status":"publish","type":"product","link":"https:\/\/store.todsystem.com\/fr\/produit-2\/photoneo-motioncam-3d-m\/","title":{"rendered":"Photoneo MotionCam-3D M"},"content":{"rendered":"<div class=\"vgblk-rw-wrapper limit-wrapper\">La <strong>MotionCam 3D M<\/strong> de Photoneo est une cam\u00e9ra 3D avanc\u00e9e con\u00e7ue pour la num\u00e9risation pr\u00e9cise d'objets et de sc\u00e8nes de taille moyenne. Par rapport au mod\u00e8le de la s\u00e9rie S, elle offre une plage de num\u00e9risation plus \u00e9tendue tout en maintenant des normes de pr\u00e9cision \u00e9lev\u00e9es. Avec une r\u00e9solution de 1680 x 1200 et une capacit\u00e9 d'acquisition de 15 millions de points 3D par seconde, elle est id\u00e9ale pour les applications d'automatisation et de contr\u00f4le de la qualit\u00e9. La MotionCam 3D M garantit des num\u00e9risations rapides et d\u00e9taill\u00e9es, m\u00eame pour des objets se d\u00e9pla\u00e7ant jusqu'\u00e0 40 m\/s, ce qui la rend id\u00e9ale pour les besoins industriels de moyenne port\u00e9e.<\/p>\n<p>Sp\u00e9cifications techniques<\/p>\n<ul>\n<li><strong>Plage de balayage<\/strong>497-939 mm<\/li>\n<li><strong>R\u00e9solution de la carte de profondeur<\/strong>:\n<ul>\n<li>Mode statique : 1680 x 1200<\/li>\n<li>Mode dynamique : jusqu'\u00e0 1680 x 1200<\/li>\n<\/ul>\n<\/li>\n<li><strong>Vitesse maximale objet\/cam\u00e9ra<\/strong>jusqu'\u00e0 40 m\/s<\/li>\n<li><strong>Mode cam\u00e9ra<\/strong>:\n<ul>\n<li><strong>Taille du point<\/strong>0,55 mm \u00e0 0,9 MP, 0,37 mm \u00e0 2 MP<\/li>\n<li><strong>Pr\u00e9cision<\/strong>&lt; 0,500 mm<\/li>\n<li><strong>Bruit temporel<\/strong>&lt; 0,100 mm<\/li>\n<\/ul>\n<\/li>\n<li><strong>Mode scanner<\/strong>:\n<ul>\n<li><strong>Taille du point<\/strong>0,37 mm \u00e0 z = 650 mm<\/li>\n<li><strong>Pr\u00e9cision<\/strong>&lt; 0,250 mm<\/li>\n<li><strong>Bruit temporel<\/strong>&lt; 0,050 mm<\/li>\n<\/ul>\n<\/li>\n<li><strong>Taux de rafra\u00eechissement maximum<\/strong>jusqu'\u00e0 20 fps<\/li>\n<li><strong>Temps d'acquisition des donn\u00e9es<\/strong>: 10 ms<\/li>\n<li><strong>Capacit\u00e9 de traitement<\/strong>15 millions de points 3D par seconde<\/li>\n<li><strong>Processeur graphique (GPU)<\/strong>Architecture NVIDIA Pascal\u2122 avec 256 c\u0153urs CUDA<\/li>\n<li><strong>Dimensions<\/strong>86 x 68 x 428 mm<\/li>\n<li><strong>Base de r\u00e9f\u00e9rence<\/strong>350 mm<\/li>\n<li><strong>Poids<\/strong>: 1050 g<\/li>\n<\/ul>\n<p>Caract\u00e9ristiques distinctives<\/p>\n<ul>\n<li><strong>Augmentation de la port\u00e9e du balayage<\/strong>La s\u00e9rie M offre une gamme \u00e9tendue id\u00e9ale pour la num\u00e9risation d'objets de taille moyenne, \u00e9largissant les possibilit\u00e9s par rapport \u00e0 la s\u00e9rie S.<\/li>\n<li><strong>Pr\u00e9cision et vitesse pour les objets en mouvement<\/strong>Il est id\u00e9al pour les objets en mouvement rapide gr\u00e2ce \u00e0 sa capacit\u00e9 d'acquisition de 15 millions de points par seconde et \u00e0 sa vitesse de balayage pouvant atteindre 40 m\/s.<\/li>\n<li><strong>Performances avanc\u00e9es<\/strong>\u00c9quip\u00e9 du GPU NVIDIA Pascal\u2122, il prend en charge le traitement \u00e0 grande vitesse dans des environnements complexes, ce qui le rend parfait pour les projets industriels de milieu de gamme et les applications de robotique de pr\u00e9cision.<\/li>\n<\/ul>\n<\/div>\n<p><!-- .vgblk-rw-wrapper --><\/p>","protected":false},"excerpt":{"rendered":"<p>La MotionCam 3D M de Photoneo est une cam\u00e9ra 3D de haute pr\u00e9cision con\u00e7ue pour capturer des objets et des sc\u00e8nes de taille moyenne avec une plage de balayage plus large que la s\u00e9rie S. Cette version est optimis\u00e9e pour les applications d'automatisation industrielle, de robotique et de contr\u00f4le de la qualit\u00e9. Cette version est optimis\u00e9e pour les applications d'automatisation industrielle, de robotique et de contr\u00f4le qualit\u00e9, offrant une combinaison de pr\u00e9cision, de vitesse et de flexibilit\u00e9 pour la d\u00e9tection 3D dans des environnements dynamiques.<\/p>","protected":false},"featured_media":1014154,"template":"","meta":[],"pwb-brand":[593],"product_brand":[],"product_cat":[617],"product_tag":[],"class_list":{"0":"post-1014109","1":"product","2":"type-product","3":"status-publish","4":"has-post-thumbnail","6":"pwb-brand-photoneo","7":"product_cat-camere-industriali","9":"first","10":"instock","11":"shipping-taxable","12":"product-type-simple"},"brands":[{"id":593,"name":"Photonique","slug":"photoneo"}],"_links":{"self":[{"href":"https:\/\/store.todsystem.com\/fr\/wp-json\/wp\/v2\/product\/1014109","targetHints":{"allow":["GET"]}}],"collection":[{"href":"https:\/\/store.todsystem.com\/fr\/wp-json\/wp\/v2\/product"}],"about":[{"href":"https:\/\/store.todsystem.com\/fr\/wp-json\/wp\/v2\/types\/product"}],"version-history":[{"count":3,"href":"https:\/\/store.todsystem.com\/fr\/wp-json\/wp\/v2\/product\/1014109\/revisions"}],"predecessor-version":[{"id":1018334,"href":"https:\/\/store.todsystem.com\/fr\/wp-json\/wp\/v2\/product\/1014109\/revisions\/1018334"}],"wp:featuredmedia":[{"embeddable":true,"href":"https:\/\/store.todsystem.com\/fr\/wp-json\/wp\/v2\/media\/1014154"}],"wp:attachment":[{"href":"https:\/\/store.todsystem.com\/fr\/wp-json\/wp\/v2\/media?parent=1014109"}],"wp:term":[{"taxonomy":"pwb-brand","embeddable":true,"href":"https:\/\/store.todsystem.com\/fr\/wp-json\/wp\/v2\/pwb-brand?post=1014109"},{"taxonomy":"product_brand","embeddable":true,"href":"https:\/\/store.todsystem.com\/fr\/wp-json\/wp\/v2\/product_brand?post=1014109"},{"taxonomy":"product_cat","embeddable":true,"href":"https:\/\/store.todsystem.com\/fr\/wp-json\/wp\/v2\/product_cat?post=1014109"},{"taxonomy":"product_tag","embeddable":true,"href":"https:\/\/store.todsystem.com\/fr\/wp-json\/wp\/v2\/product_tag?post=1014109"}],"curies":[{"name":"wp","href":"https:\/\/api.w.org\/{rel}","templated":true}]}}