{"id":1014108,"date":"2024-11-05T09:49:55","date_gmt":"2024-11-05T09:49:55","guid":{"rendered":"https:\/\/store.todsystem.com\/?post_type=product&#038;p=1014108"},"modified":"2025-09-26T15:09:01","modified_gmt":"2025-09-26T15:09:01","slug":"intel-realsense-d35i","status":"publish","type":"product","link":"https:\/\/store.todsystem.com\/fr\/produit-2\/intel-realsense-d35i\/","title":{"rendered":"Intel RealSense D35i Telecamera di profondit\u00e0"},"content":{"rendered":"<div class=\"vgblk-rw-wrapper limit-wrapper\">La cam\u00e9ra de profondeur <strong>Intel RealSense\u2122 D435i<\/strong> fait partie de la s\u00e9rie <strong>D400<\/strong> et est con\u00e7u pour am\u00e9liorer la connaissance de l'environnement des appareils en mouvement au moyen d'une UMI. Cette fonctionnalit\u00e9 permet de d\u00e9tecter les rotations et les mouvements dans les <strong>6 degr\u00e9s de libert\u00e9 (6DoF)<\/strong>l'am\u00e9lioration de l'alignement et de l'\u00e9talonnage des donn\u00e9es de nuages de points pour des applications telles que la robotique mobile, les drones et les dispositifs AR\/VR.<\/p>\n<p>L'<strong>IMU<\/strong> Cette fonction int\u00e9gr\u00e9e, combin\u00e9e \u00e0 l'obturateur du capteur de profondeur global, simplifie le suivi et le positionnement. Gr\u00e2ce \u00e0 son large champ de vision, la D435i couvre une plus grande zone, r\u00e9duisant ainsi les \"angles morts\" et permettant aux robots de naviguer de mani\u00e8re autonome. Sa taille compacte et son <strong>Connexion USB-C 3.1 Gen 1<\/strong> facilitent l'installation et l'int\u00e9gration dans les syst\u00e8mes existants.<\/p>\n<p>L'appareil photo <strong>D435i<\/strong> est \u00e9galement compatible avec le<strong>Intel RealSense\u2122 SDK 2.0<\/strong>un logiciel multiplateforme qui fournit des donn\u00e9es de profondeur et des donn\u00e9es IMU avec des horodatages synchronis\u00e9s pour une interpr\u00e9tation plus pr\u00e9cise de l'environnement.<\/p>\n<p>Principales sp\u00e9cifications techniques :<\/p>\n<ul>\n<li><strong>Environnement d'utilisation<\/strong>Convient pour une utilisation \u00e0 l'int\u00e9rieur et \u00e0 l'ext\u00e9rieur.<\/li>\n<li><strong>Champ d'application<\/strong>pr\u00e9cision de profondeur &lt;2% \u00e0 2 m\u00e8tres, avec une distance minimale d&#039;environ 28 cm et une port\u00e9e id\u00e9ale comprise entre 0,3 m et 3 m.<\/li>\n<li><strong>Champ de vision (FOV)<\/strong>87\u00b0 \u00d7 58\u00b0 pour la profondeur ; 69\u00b0 \u00d7 42\u00b0 pour le RVB.<\/li>\n<li><strong>R\u00e9solution et fr\u00e9quence d'images<\/strong>r\u00e9solution de profondeur jusqu'\u00e0 1280 x 720 pixels \u00e0 90 ips ; r\u00e9solution RVB jusqu'\u00e0 1920 x 1080 pixels \u00e0 30 ips.<\/li>\n<li><strong>Technologie des capteurs<\/strong>Global Shutter pour la d\u00e9tection de la profondeur, Rolling Shutter pour le RVB.<\/li>\n<li><strong>Connectivit\u00e9<\/strong>USB-C 3.1 Gen 1.<\/li>\n<\/ul>\n<p>Principaux composants :<\/p>\n<ul>\n<li><strong>Module de profondeur<\/strong>Module Intel RealSense D430 avec cam\u00e9ra RVB int\u00e9gr\u00e9e.<\/li>\n<li><strong>Carte processeur<\/strong>Processeur de vision D4.<\/li>\n<\/ul>\n<p>Applications :<\/p>\n<ul>\n<li><strong>Robotique et drones<\/strong>Optimisation de la d\u00e9tection spatiale pour un mouvement autonome.<\/li>\n<li><strong>R\u00e9alit\u00e9 augment\u00e9e et virtuelle<\/strong>un suivi pr\u00e9cis pour des exp\u00e9riences immersives.<\/li>\n<li><strong>Num\u00e9risation portable<\/strong>Enregistrement et \u00e9talonnage faciles gr\u00e2ce aux donn\u00e9es IMU synchronis\u00e9es.<\/li>\n<\/ul>\n<p>&nbsp;<\/p>\n<p>La <strong>D435i<\/strong> est un choix id\u00e9al pour les d\u00e9veloppeurs, les fabricants et les innovateurs, permettant une int\u00e9gration rapide et facile pour les syst\u00e8mes intelligents n\u00e9cessitant une perception avanc\u00e9e de la profondeur et des mouvements.<\/div>\n<p><!-- .vgblk-rw-wrapper --><\/p>","protected":false},"excerpt":{"rendered":"<p>La <strong><a href=\"https:\/\/store.todsystem.com\/fr\/marque\/intel-realsense\/\">Intel RealSense<\/a>\u2122 D435i<\/strong> combine une d\u00e9tection de profondeur avanc\u00e9e avec un<strong>IMU int\u00e9gr\u00e9<\/strong> (unit\u00e9 de mesure inertielle), ce qui en fait une solution polyvalente et performante pour les robots mobiles, les drones et les applications de r\u00e9alit\u00e9 augment\u00e9e\/virtuelle. Avec <strong>large champ de vision<\/strong> et la technologie de l'obturateur global, le D435i est optimal pour les op\u00e9rations mobiles et \u00e0 faible luminosit\u00e9.<\/p>","protected":false},"featured_media":1014124,"template":"","meta":[],"pwb-brand":[592],"product_brand":[],"product_cat":[617,271],"product_tag":[],"class_list":{"0":"post-1014108","1":"product","2":"type-product","3":"status-publish","4":"has-post-thumbnail","6":"pwb-brand-intel-realsense","7":"product_cat-camere-industriali","8":"product_cat-telecamere-di-profondita","10":"first","11":"instock","12":"shipping-taxable","13":"product-type-simple"},"brands":[{"id":592,"name":"Intel RealSense","slug":"intel-realsense"}],"_links":{"self":[{"href":"https:\/\/store.todsystem.com\/fr\/wp-json\/wp\/v2\/product\/1014108","targetHints":{"allow":["GET"]}}],"collection":[{"href":"https:\/\/store.todsystem.com\/fr\/wp-json\/wp\/v2\/product"}],"about":[{"href":"https:\/\/store.todsystem.com\/fr\/wp-json\/wp\/v2\/types\/product"}],"version-history":[{"count":9,"href":"https:\/\/store.todsystem.com\/fr\/wp-json\/wp\/v2\/product\/1014108\/revisions"}],"predecessor-version":[{"id":1019071,"href":"https:\/\/store.todsystem.com\/fr\/wp-json\/wp\/v2\/product\/1014108\/revisions\/1019071"}],"wp:featuredmedia":[{"embeddable":true,"href":"https:\/\/store.todsystem.com\/fr\/wp-json\/wp\/v2\/media\/1014124"}],"wp:attachment":[{"href":"https:\/\/store.todsystem.com\/fr\/wp-json\/wp\/v2\/media?parent=1014108"}],"wp:term":[{"taxonomy":"pwb-brand","embeddable":true,"href":"https:\/\/store.todsystem.com\/fr\/wp-json\/wp\/v2\/pwb-brand?post=1014108"},{"taxonomy":"product_brand","embeddable":true,"href":"https:\/\/store.todsystem.com\/fr\/wp-json\/wp\/v2\/product_brand?post=1014108"},{"taxonomy":"product_cat","embeddable":true,"href":"https:\/\/store.todsystem.com\/fr\/wp-json\/wp\/v2\/product_cat?post=1014108"},{"taxonomy":"product_tag","embeddable":true,"href":"https:\/\/store.todsystem.com\/fr\/wp-json\/wp\/v2\/product_tag?post=1014108"}],"curies":[{"name":"wp","href":"https:\/\/api.w.org\/{rel}","templated":true}]}}