{"id":1014096,"date":"2024-11-05T09:30:34","date_gmt":"2024-11-05T09:30:34","guid":{"rendered":"https:\/\/store.todsystem.com\/?post_type=product&#038;p=1014096"},"modified":"2025-07-11T10:49:27","modified_gmt":"2025-07-11T10:49:27","slug":"photoneo-motioncam-3d-s-2","status":"publish","type":"product","link":"https:\/\/store.todsystem.com\/fr\/produit-2\/photoneo-motioncam-3d-s-2\/","title":{"rendered":"Photoneo MotionCam-3D S+"},"content":{"rendered":"<div class=\"vgblk-rw-wrapper limit-wrapper\">La <strong>MotionCam 3D S+<\/strong> de Photoneo est une cam\u00e9ra 3D de pointe, con\u00e7ue pour capturer les d\u00e9tails avec pr\u00e9cision sur de grands volumes de num\u00e9risation. Id\u00e9ale pour les projets n\u00e9cessitant pr\u00e9cision et rapidit\u00e9, tels que l'automatisation et le contr\u00f4le qualit\u00e9, elle capture des images 3D nettes, m\u00eame d'objets en mouvement rapide, jusqu'\u00e0 40 m\/s. Avec un GPU NVIDIA Pascal\u2122 int\u00e9gr\u00e9 et une capacit\u00e9 de traitement de 15 millions de points par seconde, la MotionCam 3D S+ offre des performances \u00e9lev\u00e9es dans les environnements industriels, ce qui la rend parfaite pour les applications de vision industrielle avanc\u00e9es.<\/p>\n<p>Sp\u00e9cifications techniques<\/p>\n<ul>\n<li><strong>Plage de balayage<\/strong>630-1574 mm<\/li>\n<li><strong>R\u00e9solution de la carte de profondeur<\/strong>:\n<ul>\n<li>Mode statique : 1680 x 1200<\/li>\n<li>Mode dynamique : jusqu'\u00e0 1680 x 1200<\/li>\n<\/ul>\n<\/li>\n<li><strong>Vitesse maximale objet\/cam\u00e9ra<\/strong>jusqu'\u00e0 40 m\/s<\/li>\n<li><strong>Mode cam\u00e9ra<\/strong>:\n<ul>\n<li><strong>Taille du point<\/strong>0,76 mm \u00e0 0,9 MP, 0,52 mm \u00e0 2 MP<\/li>\n<li><strong>Pr\u00e9cision<\/strong>&lt; 1 000 mm<\/li>\n<li><strong>Bruit temporel<\/strong>&lt; 0,150 mm<\/li>\n<\/ul>\n<\/li>\n<li><strong>Mode scanner<\/strong>:\n<ul>\n<li><strong>Taille du point<\/strong>0,52 mm \u00e0 z = 900 mm<\/li>\n<li><strong>Pr\u00e9cision<\/strong>&lt; 0,500 mm<\/li>\n<li><strong>Bruit temporel<\/strong>&lt; 0,100 mm<\/li>\n<\/ul>\n<\/li>\n<li><strong>Taux de rafra\u00eechissement maximum<\/strong>jusqu'\u00e0 20 fps<\/li>\n<li><strong>Temps d'acquisition des donn\u00e9es<\/strong>: 10 ms<\/li>\n<li><strong>Capacit\u00e9 de traitement<\/strong>15 millions de points 3D par seconde<\/li>\n<li><strong>Processeur graphique (GPU)<\/strong>Architecture NVIDIA Pascal\u2122 avec 256 c\u0153urs CUDA<\/li>\n<li><strong>Dimensions<\/strong>86 x 68 x 308 mm<\/li>\n<li><strong>Base de r\u00e9f\u00e9rence<\/strong>230 mm<\/li>\n<li><strong>Poids<\/strong>: 1000 g<\/li>\n<\/ul>\n<p>Caract\u00e9ristiques distinctives<\/p>\n<ul>\n<li><strong>Volume de balayage \u00e9tendu<\/strong>MotionCam 3D S+ : La port\u00e9e \u00e9tendue de la MotionCam 3D S+ la rend id\u00e9ale pour des sc\u00e9narios plus vastes que le mod\u00e8le S, offrant flexibilit\u00e9 et pr\u00e9cision dans diverses applications industrielles.<\/li>\n<li><strong>Compact et puissant<\/strong>Sa petite taille le rend facile \u00e0 installer et \u00e0 int\u00e9grer, avec un traitement avanc\u00e9 prenant en charge jusqu'\u00e0 15 millions de points par seconde.<\/li>\n<li><strong>Capture rapide et pr\u00e9cise d'objets en mouvement<\/strong>Id\u00e9al pour les objets dont la vitesse peut atteindre 40 m\/s, il garantit des balayages clairs et sans flou, m\u00eame dans des environnements dynamiques.<\/li>\n<li><strong>Puissance de traitement avanc\u00e9e<\/strong>\u00c9quip\u00e9 du GPU NVIDIA Pascal\u2122, il est con\u00e7u pour traiter d'importants volumes de donn\u00e9es en temps r\u00e9el, offrant ainsi de hautes performances pour les applications d'automatisation industrielle.<\/li>\n<\/ul>\n<\/div>\n<p><!-- .vgblk-rw-wrapper --><\/p>","protected":false},"excerpt":{"rendered":"<p>La MotionCam 3D S+ de Photoneo est une cam\u00e9ra 3D de haute pr\u00e9cision avec un volume de scan \u00e9largi par rapport au mod\u00e8le S. Elle est con\u00e7ue pour les projets avanc\u00e9s de vision industrielle et les applications de coordination \"main-\u0153il\". Avec sa taille compacte et ses param\u00e8tres puissants, elle constitue une solution polyvalente pour la num\u00e9risation 3D dans des environnements dynamiques, en particulier pour l'automatisation industrielle et le contr\u00f4le de la qualit\u00e9.<\/p>","protected":false},"featured_media":1014105,"template":"","meta":[],"pwb-brand":[593],"product_brand":[],"product_cat":[617],"product_tag":[],"class_list":{"0":"post-1014096","1":"product","2":"type-product","3":"status-publish","4":"has-post-thumbnail","6":"pwb-brand-photoneo","7":"product_cat-camere-industriali","9":"first","10":"instock","11":"shipping-taxable","12":"product-type-simple"},"brands":[{"id":593,"name":"Photonique","slug":"photoneo"}],"_links":{"self":[{"href":"https:\/\/store.todsystem.com\/fr\/wp-json\/wp\/v2\/product\/1014096","targetHints":{"allow":["GET"]}}],"collection":[{"href":"https:\/\/store.todsystem.com\/fr\/wp-json\/wp\/v2\/product"}],"about":[{"href":"https:\/\/store.todsystem.com\/fr\/wp-json\/wp\/v2\/types\/product"}],"version-history":[{"count":4,"href":"https:\/\/store.todsystem.com\/fr\/wp-json\/wp\/v2\/product\/1014096\/revisions"}],"predecessor-version":[{"id":1018333,"href":"https:\/\/store.todsystem.com\/fr\/wp-json\/wp\/v2\/product\/1014096\/revisions\/1018333"}],"wp:featuredmedia":[{"embeddable":true,"href":"https:\/\/store.todsystem.com\/fr\/wp-json\/wp\/v2\/media\/1014105"}],"wp:attachment":[{"href":"https:\/\/store.todsystem.com\/fr\/wp-json\/wp\/v2\/media?parent=1014096"}],"wp:term":[{"taxonomy":"pwb-brand","embeddable":true,"href":"https:\/\/store.todsystem.com\/fr\/wp-json\/wp\/v2\/pwb-brand?post=1014096"},{"taxonomy":"product_brand","embeddable":true,"href":"https:\/\/store.todsystem.com\/fr\/wp-json\/wp\/v2\/product_brand?post=1014096"},{"taxonomy":"product_cat","embeddable":true,"href":"https:\/\/store.todsystem.com\/fr\/wp-json\/wp\/v2\/product_cat?post=1014096"},{"taxonomy":"product_tag","embeddable":true,"href":"https:\/\/store.todsystem.com\/fr\/wp-json\/wp\/v2\/product_tag?post=1014096"}],"curies":[{"name":"wp","href":"https:\/\/api.w.org\/{rel}","templated":true}]}}