{"id":1014052,"date":"2024-11-04T15:02:11","date_gmt":"2024-11-04T15:02:11","guid":{"rendered":"https:\/\/store.todsystem.com\/?post_type=product&#038;p=1014052"},"modified":"2025-05-06T14:07:35","modified_gmt":"2025-05-06T14:07:35","slug":"pince-a-doigts-onrobot-3fg25","status":"publish","type":"product","link":"https:\/\/store.todsystem.com\/fr\/produit-2\/pince-a-doigts-onrobot-3fg25\/","title":{"rendered":"OnRobot Pince \u00e0 doigts 3FG25"},"content":{"rendered":"<div class=\"vgblk-rw-wrapper limit-wrapper\">La\u00a0<strong>3FG25<\/strong>\u00a0d'OnRobot est une pince \u00e9lectrique avanc\u00e9e sp\u00e9cialement con\u00e7ue pour optimiser les op\u00e9rations de manutention et d'assemblage en milieu industriel. Sa capacit\u00e9 \u00e0 manipuler des pi\u00e8ces lourdes et complexes avec un seul outil en fait un atout majeur pour les ateliers d'usinage et les lignes d'assemblage.<\/p>\n<p><strong>Principales caract\u00e9ristiques techniques<\/strong><\/p>\n<ul>\n<li><strong>Capacit\u00e9 de charge<\/strong>25 kg<\/li>\n<li><strong>Course maximale<\/strong>155 mm<\/li>\n<li><strong>Force maximale<\/strong>: 450 N<\/li>\n<li><strong>Dur\u00e9e de vie de la batterie<\/strong>: N\/A (aliment\u00e9 \u00e9lectriquement)<\/li>\n<li><strong>Temps de recharge<\/strong>N\/A<\/li>\n<li><strong>Dimensions<\/strong>Conception compacte<\/li>\n<li><strong>Poids<\/strong>L\u00e9ger, con\u00e7u pour maximiser la charge utile<\/li>\n<\/ul>\n<p><strong>Performance<\/strong><\/p>\n<p>Le 3FG25 offre des performances sup\u00e9rieures, avec une pince enti\u00e8rement \u00e9lectrique qui permet un contr\u00f4le total de la prise. Cette caract\u00e9ristique am\u00e9liore consid\u00e9rablement l'efficacit\u00e9 op\u00e9rationnelle en permettant des extractions rapides et une redistribution sans effort. Avec la capacit\u00e9 d'automatiser les applications collaboratives avec des charges \u00e9lev\u00e9es, le 3FG25 r\u00e9pond aux exigences croissantes des lignes de production modernes.<\/p>\n<p><strong>Manoeuvrabilit\u00e9 et stabilit\u00e9<\/strong><\/p>\n<p>Con\u00e7u pour faire face \u00e0 des environnements complexes, <strong>3FG25<\/strong>\u00a0excelle dans les espaces restreints et dans les situations o\u00f9 une man\u0153uvrabilit\u00e9 pr\u00e9cise est requise. La technologie de positionnement centr\u00e9 garantit une prise s\u00fbre et une stabilit\u00e9 optimale, m\u00eame lors des mouvements les plus rapides.<\/p>\n<p><strong>Technologie et s\u00e9curit\u00e9<\/strong><\/p>\n<p>\u00c9quip\u00e9 d'une technologie avanc\u00e9e pour la navigation et la d\u00e9tection d'objets, <strong>3FG25<\/strong>\u00a0offre des syst\u00e8mes de s\u00e9curit\u00e9 int\u00e9gr\u00e9s qui r\u00e9duisent le risque de collision. L'indice de protection IP67 le rend r\u00e9sistant \u00e0 la poussi\u00e8re, aux liquides et aux autres conditions m\u00e9t\u00e9orologiques, ce qui garantit un fonctionnement fiable m\u00eame dans des conditions difficiles.<\/p>\n<p><strong>Pourquoi le choisir ?<\/strong><\/p>\n<p>Choisir <strong>3FG25<\/strong>\u00a0c'est apporter de l'innovation et de la robustesse \u00e0 votre ligne de production. Le pr\u00e9henseur simplifie non seulement la mise en \u0153uvre gr\u00e2ce \u00e0 sa compatibilit\u00e9 universelle, mais il r\u00e9duit \u00e9galement les co\u00fbts d'exploitation et augmente la productivit\u00e9. D'une fiabilit\u00e9 \u00e9prouv\u00e9e, il est l'alli\u00e9 id\u00e9al des entreprises qui recherchent des solutions automatis\u00e9es pour manipuler efficacement des charges \u00e9lev\u00e9es.<\/div>\n<p><!-- .vgblk-rw-wrapper --><\/p>","protected":false},"excerpt":{"rendered":"<p>La pince <strong>3FG25<\/strong> est un pr\u00e9henseur \u00e9lectrique robuste, con\u00e7u pour manipuler des charges maximales de 25 kg avec un positionnement centr\u00e9 pr\u00e9cis. Gr\u00e2ce \u00e0 sa compatibilit\u00e9 universelle avec toutes les grandes marques de robots, il constitue une solution optimale pour l'automatisation des machines \u00e0 commande num\u00e9rique, am\u00e9liorant ainsi la qualit\u00e9 et la productivit\u00e9. De conception robuste, il est conforme \u00e0 la norme IP67, <strong>3FG25<\/strong>\u00a0est id\u00e9al pour relever les d\u00e9fis des environnements de travail les plus exigeants.<\/p>","protected":false},"featured_media":1016064,"template":"","meta":[],"pwb-brand":[586],"product_brand":[],"product_cat":[272],"product_tag":[],"class_list":{"0":"post-1014052","1":"product","2":"type-product","3":"status-publish","4":"has-post-thumbnail","6":"pwb-brand-onrobot","7":"product_cat-sistemi-di-presa","9":"first","10":"instock","11":"shipping-taxable","12":"product-type-simple"},"brands":[{"id":586,"name":"OnRobot","slug":"onrobot"}],"_links":{"self":[{"href":"https:\/\/store.todsystem.com\/fr\/wp-json\/wp\/v2\/product\/1014052","targetHints":{"allow":["GET"]}}],"collection":[{"href":"https:\/\/store.todsystem.com\/fr\/wp-json\/wp\/v2\/product"}],"about":[{"href":"https:\/\/store.todsystem.com\/fr\/wp-json\/wp\/v2\/types\/product"}],"version-history":[{"count":5,"href":"https:\/\/store.todsystem.com\/fr\/wp-json\/wp\/v2\/product\/1014052\/revisions"}],"predecessor-version":[{"id":1016098,"href":"https:\/\/store.todsystem.com\/fr\/wp-json\/wp\/v2\/product\/1014052\/revisions\/1016098"}],"wp:featuredmedia":[{"embeddable":true,"href":"https:\/\/store.todsystem.com\/fr\/wp-json\/wp\/v2\/media\/1016064"}],"wp:attachment":[{"href":"https:\/\/store.todsystem.com\/fr\/wp-json\/wp\/v2\/media?parent=1014052"}],"wp:term":[{"taxonomy":"pwb-brand","embeddable":true,"href":"https:\/\/store.todsystem.com\/fr\/wp-json\/wp\/v2\/pwb-brand?post=1014052"},{"taxonomy":"product_brand","embeddable":true,"href":"https:\/\/store.todsystem.com\/fr\/wp-json\/wp\/v2\/product_brand?post=1014052"},{"taxonomy":"product_cat","embeddable":true,"href":"https:\/\/store.todsystem.com\/fr\/wp-json\/wp\/v2\/product_cat?post=1014052"},{"taxonomy":"product_tag","embeddable":true,"href":"https:\/\/store.todsystem.com\/fr\/wp-json\/wp\/v2\/product_tag?post=1014052"}],"curies":[{"name":"wp","href":"https:\/\/api.w.org\/{rel}","templated":true}]}}