{"id":1014046,"date":"2024-11-04T14:56:54","date_gmt":"2024-11-04T14:56:54","guid":{"rendered":"https:\/\/store.todsystem.com\/?post_type=product&#038;p=1014046"},"modified":"2025-05-06T15:05:54","modified_gmt":"2025-05-06T15:05:54","slug":"onrobot-2fgp20","status":"publish","type":"product","link":"https:\/\/store.todsystem.com\/fr\/produit-2\/onrobot-2fgp20\/","title":{"rendered":"OnRobot 2FGP20"},"content":{"rendered":"<div class=\"vgblk-rw-wrapper limit-wrapper\"><strong>2FGP20<\/strong> d'OnRobot est un pr\u00e9henseur \u00e9lectrique avanc\u00e9 con\u00e7u pour r\u00e9pondre aux besoins des op\u00e9rations de palettisation gr\u00e2ce \u00e0 une manipulation souple et rapide de divers types de charges. Dot\u00e9 de bras personnalisables et d'une large course, le pr\u00e9henseur permet de manipuler des bo\u00eetes ouvertes, des pr\u00e9sentoirs et d'autres conteneurs qui n\u00e9cessitent une prise diff\u00e9rente des m\u00e9thodes traditionnelles par aspiration. Le pr\u00e9henseur int\u00e8gre une pince \u00e0 vide id\u00e9ale pour positionner les feuilles d'emballage, ce qui \u00e9vite de remplacer ou d'ajouter des \u00e9quipements, r\u00e9duisant ainsi les d\u00e9lais et les co\u00fbts. Gr\u00e2ce \u00e0 sa capacit\u00e9 de charge allant jusqu'\u00e0 <strong>20 kg<\/strong>, <strong>2FGP20<\/strong> est parfait pour la manutention de cartons lourds et d'articles de grande consommation tels que les cosm\u00e9tiques, les produits pharmaceutiques et les aliments t\u00e9tra emball\u00e9s.<\/p>\n<h2>Principales sp\u00e9cifications techniques :<\/h2>\n<ul>\n<li>\n<h3><strong>Charge utile maximale<\/strong>20 kg, convient pour les bo\u00eetes lourdes et les applications de manutention de grande taille<\/h3>\n<\/li>\n<li>\n<h3><strong>Bras \u00e0 large course et personnalisables<\/strong>permet une grande flexibilit\u00e9 pour s'adapter aux diff\u00e9rents types d'emballages et de contenants<\/h3>\n<\/li>\n<li>\n<h3><strong>Prise d'aspiration int\u00e9gr\u00e9e<\/strong>la fonction d'aspiration permet de g\u00e9rer des feuilles volantes sans accessoires suppl\u00e9mentaires<\/h3>\n<\/li>\n<li>\n<h3><strong>Id\u00e9al pour les contenants qui ne peuvent pas \u00eatre manipul\u00e9s avec un aspirateur<\/strong>gr\u00e2ce \u00e0 la poign\u00e9e parall\u00e8le qui s'adapte aux mat\u00e9riaux de porosit\u00e9 variable<\/h3>\n<\/li>\n<li>\n<h3><strong>Mise en \u0153uvre rapide<\/strong>la conception \u00e9lectrique \u00e9limine la complexit\u00e9 et le co\u00fbt de l'alimentation en air externe, ce qui en fait une solution pratique et pr\u00eate \u00e0 l'emploi<\/h3>\n<\/li>\n<li>\n<h3><strong>Efficacit\u00e9 op\u00e9rationnelle<\/strong>La configuration \"plug-and-play\" r\u00e9duit le temps d'int\u00e9gration et ne n\u00e9cessite qu'une intervention technique minimale.<\/h3>\n<\/li>\n<\/ul>\n<p>&nbsp;<\/p>\n<p>Ce pr\u00e9henseur est con\u00e7u pour un fonctionnement rapide et simple, augmentant l'efficacit\u00e9 des op\u00e9rations de palettisation et r\u00e9duisant les temps de cycle, avec des avantages \u00e9conomiques et un retour sur investissement rapide.<\/p><\/div>\n<p><!-- .vgblk-rw-wrapper --><\/p>","protected":false},"excerpt":{"rendered":"<p>La pince <strong>2FGP20<\/strong> est une solution de pr\u00e9hension flexible pour les op\u00e9rations de palettisation et de manutention de feuilles volantes. Avec une course importante et des bras personnalisables, ce pr\u00e9henseur offre une grande polyvalence, ce qui le rend id\u00e9al pour les bo\u00eetes lourdes, les conteneurs ouverts et les produits qui ne peuvent pas \u00eatre manipul\u00e9s avec des pr\u00e9henseurs \u00e0 vide. Gr\u00e2ce \u00e0 l'int\u00e9gration d'une fonction de vide, il est possible de manipuler des feuilles d'emballage sans devoir changer d'outil.<\/p>","protected":false},"featured_media":1014050,"template":"","meta":[],"pwb-brand":[586],"product_brand":[],"product_cat":[272],"product_tag":[],"class_list":{"0":"post-1014046","1":"product","2":"type-product","3":"status-publish","4":"has-post-thumbnail","6":"pwb-brand-onrobot","7":"product_cat-sistemi-di-presa","9":"first","10":"instock","11":"shipping-taxable","12":"product-type-simple"},"brands":[{"id":586,"name":"OnRobot","slug":"onrobot"}],"_links":{"self":[{"href":"https:\/\/store.todsystem.com\/fr\/wp-json\/wp\/v2\/product\/1014046","targetHints":{"allow":["GET"]}}],"collection":[{"href":"https:\/\/store.todsystem.com\/fr\/wp-json\/wp\/v2\/product"}],"about":[{"href":"https:\/\/store.todsystem.com\/fr\/wp-json\/wp\/v2\/types\/product"}],"version-history":[{"count":4,"href":"https:\/\/store.todsystem.com\/fr\/wp-json\/wp\/v2\/product\/1014046\/revisions"}],"predecessor-version":[{"id":1016099,"href":"https:\/\/store.todsystem.com\/fr\/wp-json\/wp\/v2\/product\/1014046\/revisions\/1016099"}],"wp:featuredmedia":[{"embeddable":true,"href":"https:\/\/store.todsystem.com\/fr\/wp-json\/wp\/v2\/media\/1014050"}],"wp:attachment":[{"href":"https:\/\/store.todsystem.com\/fr\/wp-json\/wp\/v2\/media?parent=1014046"}],"wp:term":[{"taxonomy":"pwb-brand","embeddable":true,"href":"https:\/\/store.todsystem.com\/fr\/wp-json\/wp\/v2\/pwb-brand?post=1014046"},{"taxonomy":"product_brand","embeddable":true,"href":"https:\/\/store.todsystem.com\/fr\/wp-json\/wp\/v2\/product_brand?post=1014046"},{"taxonomy":"product_cat","embeddable":true,"href":"https:\/\/store.todsystem.com\/fr\/wp-json\/wp\/v2\/product_cat?post=1014046"},{"taxonomy":"product_tag","embeddable":true,"href":"https:\/\/store.todsystem.com\/fr\/wp-json\/wp\/v2\/product_tag?post=1014046"}],"curies":[{"name":"wp","href":"https:\/\/api.w.org\/{rel}","templated":true}]}}