{"id":1014037,"date":"2024-11-04T14:44:44","date_gmt":"2024-11-04T14:44:44","guid":{"rendered":"https:\/\/store.todsystem.com\/?post_type=product&#038;p=1014037"},"modified":"2025-05-06T15:05:58","modified_gmt":"2025-05-06T15:05:58","slug":"onrobot-mg10","status":"publish","type":"product","link":"https:\/\/store.todsystem.com\/fr\/produit-2\/onrobot-mg10\/","title":{"rendered":"OnRobot MG10\u00a0"},"content":{"rendered":"<div class=\"vgblk-rw-wrapper limit-wrapper\"><strong>MG10<\/strong>\u00a0est un pr\u00e9henseur magn\u00e9tique de nouvelle g\u00e9n\u00e9ration, parfait pour les applications de manutention, d'assemblage et d'entretien des machines dans les secteurs de l'a\u00e9rospatiale, de l'automobile et de la fabrication. Ce dispositif est enti\u00e8rement compatible avec toutes les grandes marques de robots et offre un syst\u00e8me d'int\u00e9gration simple et intuitif. Ses capteurs de force et de d\u00e9tection r\u00e9glables garantissent un contr\u00f4le sans pr\u00e9c\u00e9dent pendant l'utilisation.<\/p>\n<p>Principales caract\u00e9ristiques techniques<\/p>\n<ul>\n<li><strong>Force r\u00e9glable<\/strong>Les donn\u00e9es de l'enqu\u00eate peuvent \u00eatre configur\u00e9es en fonction des diff\u00e9rentes applications.<\/li>\n<li><strong>D\u00e9tection des pi\u00e8ces<\/strong>Capteur de proximit\u00e9 int\u00e9gr\u00e9 pour plus de s\u00e9curit\u00e9.<\/li>\n<li><strong>S\u00e9curit\u00e9 op\u00e9rationnelle<\/strong>La poign\u00e9e d'arr\u00eat d'urgence : Maintient l'adh\u00e9rence m\u00eame en cas d'arr\u00eat d'urgence.<\/li>\n<li><strong>Compatibilit\u00e9<\/strong>Peut \u00eatre utilis\u00e9 avec toutes les grandes marques de robots.<\/li>\n<li><strong>Installation<\/strong>Le syst\u00e8me d'aspiration de l'air comprim\u00e9 : il ne n\u00e9cessite pas d'air comprim\u00e9, s'installe rapidement et n'entra\u00eene pas de frais suppl\u00e9mentaires.<\/li>\n<\/ul>\n<h2>Performance<\/h2>\n<p><strong>MG10<\/strong>\u00a0offre d'excellentes performances avec une force magn\u00e9tique qui peut \u00eatre configur\u00e9e par \u00e9tapes, ce qui permet de l'adapter \u00e0 des besoins sp\u00e9cifiques, tels que le d\u00e9pilage de t\u00f4les. Le pr\u00e9henseur est con\u00e7u pour manipuler des pi\u00e8ces de formes et de poids vari\u00e9s, ses capacit\u00e9s de d\u00e9tection garantissant une manipulation efficace et s\u00fbre. En outre, l'absence de besoin d'air comprim\u00e9 r\u00e9duit les co\u00fbts et le temps d'utilisation.<\/p>\n<h2>Manoeuvrabilit\u00e9 et stabilit\u00e9<\/h2>\n<p>La compacit\u00e9 de la\u00a0<strong>MG10<\/strong>\u00a0la rend id\u00e9ale pour les environnements de travail complexes, offrant une grande maniabilit\u00e9 dans les espaces restreints. La technologie int\u00e9gr\u00e9e garantit la stabilit\u00e9, m\u00eame lors d'op\u00e9rations rapides ou sur des terrains accident\u00e9s, en veillant \u00e0 ce que le pr\u00e9henseur maintienne sa prise sur la pi\u00e8ce, m\u00eame dans des situations critiques.<\/p>\n<h2>Technologie et s\u00e9curit\u00e9<\/h2>\n<p>Avec un syst\u00e8me de navigation avanc\u00e9 et une d\u00e9tection efficace des obstacles,\u00a0 <strong>MG10<\/strong>\u00a0int\u00e8gre un capteur de proximit\u00e9 qui v\u00e9rifie la pr\u00e9sence et la pr\u00e9hension des pi\u00e8ces. Des fonctions de s\u00e9curit\u00e9, telles que la protection contre les coupures de courant, le rendent particuli\u00e8rement adapt\u00e9 aux op\u00e9rations collaboratives, o\u00f9 la s\u00e9curit\u00e9 est primordiale.<\/p>\n<h2>Pourquoi le choisir ?<\/h2>\n<p>Opter pour\u00a0 <strong>MG10<\/strong>\u00a0c'est investir dans un dispositif de manutention polyvalent et tr\u00e8s efficace. La facilit\u00e9 d'installation, l'absence de co\u00fbts d'exploitation suppl\u00e9mentaires et la s\u00e9curit\u00e9 de la manipulation des pi\u00e8ces font de cette pince magn\u00e9tique le choix id\u00e9al pour les entreprises d\u00e9sireuses d'optimiser leurs processus de production.<\/div>\n<p><!-- .vgblk-rw-wrapper --><\/p>","protected":false},"excerpt":{"rendered":"<p><strong>MG10<\/strong> d'OnRobot est une pince magn\u00e9tique \u00e9lectrique polyvalente con\u00e7ue pour une mise en \u0153uvre rapide sans n\u00e9cessiter d'alimentation en air externe. Gr\u00e2ce \u00e0 sa force r\u00e9glable et \u00e0 la d\u00e9tection int\u00e9gr\u00e9e des pi\u00e8ces, il permet de manipuler en toute fiabilit\u00e9 des pi\u00e8ces de tailles et de poids diff\u00e9rents. Compact et personnalisable, <strong>MG10<\/strong>\u00a0garantit la s\u00e9curit\u00e9 des op\u00e9rations en maintenant l'adh\u00e9rence m\u00eame en cas de perte de puissance, ce qui le rend id\u00e9al pour les applications collaboratives dans divers secteurs.<\/p>","protected":false},"featured_media":1014041,"template":"","meta":[],"pwb-brand":[586],"product_brand":[],"product_cat":[272],"product_tag":[],"class_list":{"0":"post-1014037","1":"product","2":"type-product","3":"status-publish","4":"has-post-thumbnail","6":"pwb-brand-onrobot","7":"product_cat-sistemi-di-presa","9":"first","10":"instock","11":"shipping-taxable","12":"product-type-simple"},"brands":[{"id":586,"name":"OnRobot","slug":"onrobot"}],"_links":{"self":[{"href":"https:\/\/store.todsystem.com\/fr\/wp-json\/wp\/v2\/product\/1014037","targetHints":{"allow":["GET"]}}],"collection":[{"href":"https:\/\/store.todsystem.com\/fr\/wp-json\/wp\/v2\/product"}],"about":[{"href":"https:\/\/store.todsystem.com\/fr\/wp-json\/wp\/v2\/types\/product"}],"version-history":[{"count":3,"href":"https:\/\/store.todsystem.com\/fr\/wp-json\/wp\/v2\/product\/1014037\/revisions"}],"predecessor-version":[{"id":1014045,"href":"https:\/\/store.todsystem.com\/fr\/wp-json\/wp\/v2\/product\/1014037\/revisions\/1014045"}],"wp:featuredmedia":[{"embeddable":true,"href":"https:\/\/store.todsystem.com\/fr\/wp-json\/wp\/v2\/media\/1014041"}],"wp:attachment":[{"href":"https:\/\/store.todsystem.com\/fr\/wp-json\/wp\/v2\/media?parent=1014037"}],"wp:term":[{"taxonomy":"pwb-brand","embeddable":true,"href":"https:\/\/store.todsystem.com\/fr\/wp-json\/wp\/v2\/pwb-brand?post=1014037"},{"taxonomy":"product_brand","embeddable":true,"href":"https:\/\/store.todsystem.com\/fr\/wp-json\/wp\/v2\/product_brand?post=1014037"},{"taxonomy":"product_cat","embeddable":true,"href":"https:\/\/store.todsystem.com\/fr\/wp-json\/wp\/v2\/product_cat?post=1014037"},{"taxonomy":"product_tag","embeddable":true,"href":"https:\/\/store.todsystem.com\/fr\/wp-json\/wp\/v2\/product_tag?post=1014037"}],"curies":[{"name":"wp","href":"https:\/\/api.w.org\/{rel}","templated":true}]}}