{"id":1014019,"date":"2024-11-04T14:30:42","date_gmt":"2024-11-04T14:30:42","guid":{"rendered":"https:\/\/store.todsystem.com\/?post_type=product&#038;p=1014019"},"modified":"2025-09-26T13:54:27","modified_gmt":"2025-09-26T13:54:27","slug":"onrobot-pinza-rg6","status":"publish","type":"product","link":"https:\/\/store.todsystem.com\/fr\/produit-2\/onrobot-pinza-rg6\/","title":{"rendered":"OnRobot RG6 gripper"},"content":{"rendered":"<div class=\"vgblk-rw-wrapper limit-wrapper\">La\u00a0<strong>PINCE ROBOTIQUE FLEXIBLE RG6<\/strong>\u00a0repr\u00e9sente une avanc\u00e9e majeure dans le domaine de l'automatisation industrielle, offrant une polyvalence et des performances sup\u00e9rieures dans une solution unique. Con\u00e7ue pour une utilisation collaborative, la RG6 peut facilement s'adapter \u00e0 diff\u00e9rents types de pi\u00e8ces, ce qui la rend id\u00e9ale pour les environnements de production dynamiques.<\/p>\n<p>Principales caract\u00e9ristiques techniques :<\/p>\n<ul>\n<li><strong>Capacit\u00e9 de charge :<\/strong>\u00a06 kg<\/li>\n<li><strong>Coup maximal :<\/strong>\u00a0150 mm (r\u00e9glable)<\/li>\n<li><strong>Syst\u00e8me de changement rapide :<\/strong>\u00a0Changeur rapide int\u00e9gr\u00e9<\/li>\n<li><strong>Certification :<\/strong>\u00a0T\u00dcV<\/li>\n<li><strong>Logiciel :<\/strong>\u00a0Syst\u00e8me int\u00e9gr\u00e9 et simplifi\u00e9<\/li>\n<li><strong>D\u00e9lai de mise en \u0153uvre :<\/strong>\u00a0R\u00e9duit \u00e0 une heure<\/li>\n<\/ul>\n<p>Performance<\/p>\n<p>La\u00a0<strong>RG6<\/strong>\u00a0offre des performances \u00e9lev\u00e9es gr\u00e2ce \u00e0 sa durabilit\u00e9 op\u00e9rationnelle. Avec un syst\u00e8me d'alimentation \u00e9lectrique qui permet un fonctionnement continu 24 heures sur 24 et 7 jours sur 7, la pince s'int\u00e8gre parfaitement dans les diff\u00e9rentes routines de production sans n\u00e9cessiter de personnel suppl\u00e9mentaire. L'int\u00e9gration du changeur rapide double permet de g\u00e9rer simultan\u00e9ment plusieurs instruments EoAT, augmentant ainsi l'efficacit\u00e9 de la production jusqu'au 50%.<\/p>\n<p>Manoeuvrabilit\u00e9 et stabilit\u00e9<\/p>\n<p>Gr\u00e2ce \u00e0 sa grande course et \u00e0 l'adaptabilit\u00e9 de ses pointes, la pince RG6 se d\u00e9place facilement dans les espaces restreints et sur diff\u00e9rentes surfaces, assurant stabilit\u00e9 et pr\u00e9cision lors des op\u00e9rations de pr\u00e9hension. La technologie de compensation automatique de la profondeur maintient les doigts parall\u00e8les au produit, assurant une prise s\u00fbre.<\/p>\n<p>Technologie et s\u00e9curit\u00e9<\/p>\n<p>La\u00a0<strong>RG6<\/strong>\u00a0est \u00e9quip\u00e9 de technologies de pointe telles que la d\u00e9tection automatique de la prise, qui \u00e9limine la n\u00e9cessit\u00e9 d'une programmation manuelle. Le logiciel int\u00e9gr\u00e9 offre des capacit\u00e9s de diagnostic et de contr\u00f4le des performances, garantissant un fonctionnement efficace et s\u00fbr de la pince. En outre, ses protections certifi\u00e9es par le T\u00dcV garantissent un fonctionnement s\u00fbr, m\u00eame dans les environnements o\u00f9 il y a des op\u00e9rateurs humains.<\/p>\n<p>Pourquoi le choisir ?<\/p>\n<p>La\u00a0<strong>PINCE ROBOTIQUE FLEXIBLE RG6<\/strong>\u00a0est le choix id\u00e9al pour les entreprises qui cherchent \u00e0 maximiser l'efficacit\u00e9 de la production et la flexibilit\u00e9 op\u00e9rationnelle. Gr\u00e2ce \u00e0 une installation simple et \u00e0 un logiciel intuitif, m\u00eame les op\u00e9rateurs sans exp\u00e9rience technique peuvent utiliser et configurer l'appareil. Si vous cherchez \u00e0 am\u00e9liorer votre processus de production, le RG6 est une solution innovante et efficace.<\/div>\n<p><!-- .vgblk-rw-wrapper --><\/p>","protected":false},"excerpt":{"rendered":"<p>La\u00a0<strong>PINCE ROBOTIQUE FLEXIBLE RG6<\/strong>\u00a0est une solution avanc\u00e9e pour l'automatisation de la production, capable de manipuler une charge utile allant jusqu'\u00e0 6 kg. Gr\u00e2ce \u00e0 sa conception innovante et \u00e0 sa course de 150 mm, ce pr\u00e9henseur offre une flexibilit\u00e9 exceptionnelle et une mise en \u0153uvre facile, r\u00e9duisant ainsi le temps de programmation du 70%. Parfait pour une large gamme d'applications industrielles, le RG6 est \u00e9quip\u00e9 d'un logiciel intuitif et certifi\u00e9 T\u00dcV pour garantir la s\u00e9curit\u00e9 et la fiabilit\u00e9.<\/p>","protected":false},"featured_media":1014022,"template":"","meta":[],"pwb-brand":[586],"product_brand":[],"product_cat":[272],"product_tag":[],"class_list":{"0":"post-1014019","1":"product","2":"type-product","3":"status-publish","4":"has-post-thumbnail","6":"pwb-brand-onrobot","7":"product_cat-sistemi-di-presa","9":"first","10":"instock","11":"shipping-taxable","12":"product-type-simple"},"brands":[{"id":586,"name":"OnRobot","slug":"onrobot"}],"_links":{"self":[{"href":"https:\/\/store.todsystem.com\/fr\/wp-json\/wp\/v2\/product\/1014019","targetHints":{"allow":["GET"]}}],"collection":[{"href":"https:\/\/store.todsystem.com\/fr\/wp-json\/wp\/v2\/product"}],"about":[{"href":"https:\/\/store.todsystem.com\/fr\/wp-json\/wp\/v2\/types\/product"}],"version-history":[{"count":4,"href":"https:\/\/store.todsystem.com\/fr\/wp-json\/wp\/v2\/product\/1014019\/revisions"}],"predecessor-version":[{"id":1019047,"href":"https:\/\/store.todsystem.com\/fr\/wp-json\/wp\/v2\/product\/1014019\/revisions\/1019047"}],"wp:featuredmedia":[{"embeddable":true,"href":"https:\/\/store.todsystem.com\/fr\/wp-json\/wp\/v2\/media\/1014022"}],"wp:attachment":[{"href":"https:\/\/store.todsystem.com\/fr\/wp-json\/wp\/v2\/media?parent=1014019"}],"wp:term":[{"taxonomy":"pwb-brand","embeddable":true,"href":"https:\/\/store.todsystem.com\/fr\/wp-json\/wp\/v2\/pwb-brand?post=1014019"},{"taxonomy":"product_brand","embeddable":true,"href":"https:\/\/store.todsystem.com\/fr\/wp-json\/wp\/v2\/product_brand?post=1014019"},{"taxonomy":"product_cat","embeddable":true,"href":"https:\/\/store.todsystem.com\/fr\/wp-json\/wp\/v2\/product_cat?post=1014019"},{"taxonomy":"product_tag","embeddable":true,"href":"https:\/\/store.todsystem.com\/fr\/wp-json\/wp\/v2\/product_tag?post=1014019"}],"curies":[{"name":"wp","href":"https:\/\/api.w.org\/{rel}","templated":true}]}}