{"id":1014018,"date":"2024-11-04T14:31:14","date_gmt":"2024-11-04T14:31:14","guid":{"rendered":"https:\/\/store.todsystem.com\/?post_type=product&#038;p=1014018"},"modified":"2025-05-06T15:06:08","modified_gmt":"2025-05-06T15:06:08","slug":"onrobot-rg2","status":"publish","type":"product","link":"https:\/\/store.todsystem.com\/fr\/produit-2\/onrobot-rg2\/","title":{"rendered":"OnRobot RG2"},"content":{"rendered":"<div class=\"vgblk-rw-wrapper limit-wrapper\">\n<div class=\"flex max-w-full flex-col flex-grow\">\n<div class=\"min-h-8 text-message flex w-full flex-col items-end gap-2 whitespace-normal break-words [.text-message+&amp;]:mt-5\" dir=\"auto\" data-message-author-role=\"assistant\" data-message-id=\"83f3be48-e8c8-489f-90f4-f5b99317290d\" data-message-model-slug=\"gpt-4o\">\n<div class=\"flex w-full flex-col gap-1 empty:hidden first:pt-[3px]\">\n<div class=\"markdown prose w-full break-words dark:prose-invert light\">La <strong>RG2<\/strong> est un pr\u00e9henseur \u00e0 deux doigts tr\u00e8s adaptable, con\u00e7u pour offrir une flexibilit\u00e9 maximale dans les applications industrielles, de la manipulation de petites pi\u00e8ces \u00e0 celle de pi\u00e8ces plus volumineuses. Gr\u00e2ce \u00e0 sa capacit\u00e9 de d\u00e9tection automatique et \u00e0 son logiciel int\u00e9gr\u00e9 intuitif, la RG2 \u00e9limine les processus de programmation complexes. \u00c9quip\u00e9 d'un <strong>Changeur rapide double<\/strong>permet d'installer deux pinces simultan\u00e9ment, ce qui optimise la productivit\u00e9 et r\u00e9duit les temps de cycle jusqu'\u00e0 <strong>50%<\/strong>.<\/div>\n<div class=\"markdown prose w-full break-words dark:prose-invert light\">\n<p>&nbsp;<\/p>\n<p>Con\u00e7ue pour \u00eatre facilement personnalisable, la RG2 comprend des pointes de doigts modifiables qui permettent une prise stable sur des objets de diff\u00e9rentes formes. La pince est certifi\u00e9e <strong>T\u00dcV<\/strong>garantissant des normes de s\u00e9curit\u00e9 \u00e9lev\u00e9es. En outre, le <strong>calcul automatique du point central de l'outil (TCP)<\/strong>La compensation automatique de la profondeur et la gestion avanc\u00e9e de la pr\u00e9hension permettent une mise en place rapide, m\u00eame dans les environnements o\u00f9 les changements de production sont fr\u00e9quents.<\/p>\n<\/div>\n<div class=\"markdown prose w-full break-words dark:prose-invert light\">\n<h4><\/h4>\n<h2>Principales sp\u00e9cifications techniques :<\/h2>\n<ul>\n<li>\n<h3><strong>Nombre maximal d'occurrences<\/strong>: <strong>110 mm<\/strong>r\u00e9glable en fonction des besoins<\/h3>\n<\/li>\n<li>\n<h3><strong>Capacit\u00e9 de charge<\/strong>: <strong>2 kg<\/strong>convient \u00e0 un large \u00e9ventail d'applications collaboratives<\/h3>\n<\/li>\n<li>\n<h3><strong>Fonctionnalit\u00e9 de d\u00e9tection<\/strong>Les fonctions \"d\u00e9tection de l'\u00e9chec de la prise\", \"prise continue\" et \"mesure de la largeur\" pour une prise en main pr\u00e9cise sont incluses.<\/h3>\n<\/li>\n<li>\n<h3><strong>Touches personnalisables<\/strong>La prise en main : s'adapte \u00e0 diff\u00e9rents objets pour une prise en main plus s\u00fbre<\/h3>\n<\/li>\n<li>\n<h3><strong>Automatisation avanc\u00e9e<\/strong>Calcul automatique de la charge utile et compensation de la profondeur pour simplifier la programmation<\/h3>\n<\/li>\n<li>\n<h3><strong>Logiciel int\u00e9gr\u00e9<\/strong>Les syst\u00e8mes de contr\u00f4le de la qualit\u00e9 : facilement installables et programmables, m\u00eame pour des op\u00e9rateurs sans exp\u00e9rience technique avanc\u00e9e.<\/h3>\n<\/li>\n<li>\n<h3><strong>Certification de s\u00e9curit\u00e9<\/strong>: <strong>T\u00dcV<\/strong>garantir des normes de s\u00e9curit\u00e9 \u00e9lev\u00e9es<\/h3>\n<\/li>\n<li>\n<h3><strong>Conception \"Plug-and-Produce\" (pr\u00eat \u00e0 l'emploi)<\/strong>Le syst\u00e8me de gestion de l'environnement : r\u00e9duit le temps de mise en \u0153uvre du syst\u00e8me de gestion de l'environnement. <strong>70%<\/strong><\/h3>\n<\/li>\n<\/ul>\n<p>&nbsp;<\/p>\n<p>La <strong>RG2<\/strong> est une solution compl\u00e8te et personnalisable, id\u00e9ale pour les lignes de production dynamiques et les op\u00e9rations 24\/7 sans besoin de configuration fr\u00e9quente, gr\u00e2ce \u00e0 son interface conviviale et \u00e0 sa compatibilit\u00e9 avec des modules tels que le <strong>Changeur rapide double<\/strong>.<\/p>\n<\/div>\n<\/div>\n<\/div>\n<\/div>\n<div class=\"mb-2 flex gap-3 empty:hidden -ml-2\">\n<div class=\"items-center justify-start rounded-xl p-1 flex\">\n<div class=\"flex items-center\">\n<div class=\"flex items-center pb-0\"><\/div>\n<\/div>\n<\/div>\n<\/div>\n<\/div>\n<p><!-- .vgblk-rw-wrapper --><\/p>","protected":false},"excerpt":{"rendered":"<p>La pince robotis\u00e9e <strong>RG2<\/strong> est une solution flexible et polyvalente pour les applications collaboratives, con\u00e7ue pour s'adapter \u00e0 des pi\u00e8ces de formes et de tailles diff\u00e9rentes gr\u00e2ce \u00e0 sa course r\u00e9glable jusqu'\u00e0 <strong>110 mm<\/strong>. Avec un design <strong>Plug-and-Produce<\/strong> et une capacit\u00e9 de charge de <strong>2 kg<\/strong>Gr\u00e2ce \u00e0 l'utilisation d'un syst\u00e8me de pr\u00e9hension de type \"\u00e0 la carte\", ce pr\u00e9henseur r\u00e9duit le temps de mise en \u0153uvre et de programmation, ce qui permet des op\u00e9rations pr\u00e9cises et s\u00fbres dans des environnements de production complexes.<\/p>","protected":false},"featured_media":1014020,"template":"","meta":[],"pwb-brand":[586],"product_brand":[],"product_cat":[272],"product_tag":[],"class_list":{"0":"post-1014018","1":"product","2":"type-product","3":"status-publish","4":"has-post-thumbnail","6":"pwb-brand-onrobot","7":"product_cat-sistemi-di-presa","9":"first","10":"instock","11":"shipping-taxable","12":"product-type-simple"},"brands":[{"id":586,"name":"OnRobot","slug":"onrobot"}],"_links":{"self":[{"href":"https:\/\/store.todsystem.com\/fr\/wp-json\/wp\/v2\/product\/1014018","targetHints":{"allow":["GET"]}}],"collection":[{"href":"https:\/\/store.todsystem.com\/fr\/wp-json\/wp\/v2\/product"}],"about":[{"href":"https:\/\/store.todsystem.com\/fr\/wp-json\/wp\/v2\/types\/product"}],"version-history":[{"count":3,"href":"https:\/\/store.todsystem.com\/fr\/wp-json\/wp\/v2\/product\/1014018\/revisions"}],"predecessor-version":[{"id":1016100,"href":"https:\/\/store.todsystem.com\/fr\/wp-json\/wp\/v2\/product\/1014018\/revisions\/1016100"}],"wp:featuredmedia":[{"embeddable":true,"href":"https:\/\/store.todsystem.com\/fr\/wp-json\/wp\/v2\/media\/1014020"}],"wp:attachment":[{"href":"https:\/\/store.todsystem.com\/fr\/wp-json\/wp\/v2\/media?parent=1014018"}],"wp:term":[{"taxonomy":"pwb-brand","embeddable":true,"href":"https:\/\/store.todsystem.com\/fr\/wp-json\/wp\/v2\/pwb-brand?post=1014018"},{"taxonomy":"product_brand","embeddable":true,"href":"https:\/\/store.todsystem.com\/fr\/wp-json\/wp\/v2\/product_brand?post=1014018"},{"taxonomy":"product_cat","embeddable":true,"href":"https:\/\/store.todsystem.com\/fr\/wp-json\/wp\/v2\/product_cat?post=1014018"},{"taxonomy":"product_tag","embeddable":true,"href":"https:\/\/store.todsystem.com\/fr\/wp-json\/wp\/v2\/product_tag?post=1014018"}],"curies":[{"name":"wp","href":"https:\/\/api.w.org\/{rel}","templated":true}]}}