{"id":1013998,"date":"2024-11-04T14:03:26","date_gmt":"2024-11-04T14:03:26","guid":{"rendered":"https:\/\/store.todsystem.com\/?post_type=product&#038;p=1013998"},"modified":"2025-05-06T15:39:16","modified_gmt":"2025-05-06T15:39:16","slug":"robotiq-2f-140-pince-a-2-doigts","status":"publish","type":"product","link":"https:\/\/store.todsystem.com\/fr\/produit-2\/robotiq-2f-140-pince-a-2-doigts\/","title":{"rendered":"Pince \u00e0 2 doigts Robotiq 2F-140"},"content":{"rendered":"<div class=\"vgblk-rw-wrapper limit-wrapper\">Les pinces \u00e0 deux doigts Robotiq sont con\u00e7ues pour r\u00e9pondre aux besoins d'automatisation modernes, en combinant polyvalence et hautes performances. Gr\u00e2ce \u00e0 leur capacit\u00e9 \u00e0 programmer la course, la vitesse et la force, ces pinces peuvent \u00eatre adapt\u00e9es \u00e0 une grande vari\u00e9t\u00e9 de t\u00e2ches, ce qui les rend id\u00e9ales pour les environnements de travail dynamiques. Leur configuration permet une pr\u00e9hension enveloppante et une pr\u00e9hension par pincement, offrant ainsi une manipulation optimale des objets.<\/p>\n<p>Sp\u00e9cifications techniques<\/p>\n<ul>\n<li>Charge utile : 2,5 kg (5,5 lb)<\/li>\n<li>Poids de l'outil : 1 kg (2 lb)<\/li>\n<li>Source d'alimentation : \u00e9lectricit\u00e9, connect\u00e9e au poignet du robot (24 V, 2 A)<\/li>\n<li>Param\u00e8tres de contr\u00f4le : d\u00e9tection d'objets, position, vitesse et force<\/li>\n<li>Dur\u00e9e de vie : 2 000 000 cycles<\/li>\n<li>Diam\u00e8tre : 140 mm (5,5 pouces)<\/li>\n<li>Force de pr\u00e9hension : 10 \u00e0 125 N (2 \u00e0 25 lbf)<\/li>\n<li>Vitesse de fermeture : 30 \u00e0 250 mm\/s (1.2 \u00e0 9.8 in.\/s)<\/li>\n<li>R\u00e9p\u00e9tabilit\u00e9 : 0,03 mm (0,1 pouce)<\/li>\n<li>Protection contre les agressions (IP) : IP40<\/li>\n<li>Temp\u00e9rature de fonctionnement : -10 \u00e0 50 \u00b0C (14 \u00e0 122 \u00b0F)<\/li>\n<\/ul>\n<p>Points forts<\/p>\n<p>Programmation simple : les pinces peuvent \u00eatre facilement programm\u00e9es pour ajuster la course, la vitesse et la force via une interface unique, ce qui rend le processus d'int\u00e9gration rapide et intuitif.<\/p>\n<p>Grande adaptabilit\u00e9 : Les bouts de doigts rempla\u00e7ables permettent une personnalisation en fonction du type d'objet saisi, optimisant ainsi la pr\u00e9hension dans diff\u00e9rents contextes.<\/p>\n<p>Configuration \u00e0 double pince : deux pinces peuvent \u00eatre utilis\u00e9es sur le m\u00eame robot, ce qui r\u00e9duit consid\u00e9rablement les temps de cycle et am\u00e9liore l'efficacit\u00e9 du travail.<\/p>\n<p>Polyvalence des modes de pr\u00e9hension : les pinces sont capables d'effectuer des pr\u00e9hensions enveloppantes et des pr\u00e9hensions par pincement, ce qui les rend adapt\u00e9es \u00e0 une large gamme d'applications industrielles.<\/p>\n<p>Robustesse et fiabilit\u00e9 : avec une dur\u00e9e de vie de 2 000 000 de cycles, ces pinces sont con\u00e7ues pour r\u00e9sister \u00e0 des conditions d'utilisation exigeantes et assurer un fonctionnement durable.<\/p>\n<p>Pr\u00e9cision et contr\u00f4le : des param\u00e8tres de contr\u00f4le avanc\u00e9s permettent un suivi pr\u00e9cis de la position, de la vitesse et de la force, garantissant une prise s\u00fbre et fiable.<\/p><\/div>\n<p><!-- .vgblk-rw-wrapper --><\/p>","protected":false},"excerpt":{"rendered":"<p>Les pinces \u00e0 2 doigts Robotiq offrent une solution avanc\u00e9e pour la manipulation d'objets gr\u00e2ce \u00e0 leur programmabilit\u00e9 et leur polyvalence. Con\u00e7ues pour travailler en synergie avec des robots collaboratifs, ces pinces peuvent manipuler une large gamme d'objets avec pr\u00e9cision et force.<\/p>","protected":false},"featured_media":1014002,"template":"","meta":[],"pwb-brand":[588],"product_brand":[],"product_cat":[272],"product_tag":[],"class_list":{"0":"post-1013998","1":"product","2":"type-product","3":"status-publish","4":"has-post-thumbnail","6":"pwb-brand-robotiq","7":"product_cat-sistemi-di-presa","9":"first","10":"instock","11":"shipping-taxable","12":"product-type-simple"},"brands":[{"id":588,"name":"Robotiq","slug":"robotiq"}],"_links":{"self":[{"href":"https:\/\/store.todsystem.com\/fr\/wp-json\/wp\/v2\/product\/1013998","targetHints":{"allow":["GET"]}}],"collection":[{"href":"https:\/\/store.todsystem.com\/fr\/wp-json\/wp\/v2\/product"}],"about":[{"href":"https:\/\/store.todsystem.com\/fr\/wp-json\/wp\/v2\/types\/product"}],"version-history":[{"count":6,"href":"https:\/\/store.todsystem.com\/fr\/wp-json\/wp\/v2\/product\/1013998\/revisions"}],"predecessor-version":[{"id":1016121,"href":"https:\/\/store.todsystem.com\/fr\/wp-json\/wp\/v2\/product\/1013998\/revisions\/1016121"}],"wp:featuredmedia":[{"embeddable":true,"href":"https:\/\/store.todsystem.com\/fr\/wp-json\/wp\/v2\/media\/1014002"}],"wp:attachment":[{"href":"https:\/\/store.todsystem.com\/fr\/wp-json\/wp\/v2\/media?parent=1013998"}],"wp:term":[{"taxonomy":"pwb-brand","embeddable":true,"href":"https:\/\/store.todsystem.com\/fr\/wp-json\/wp\/v2\/pwb-brand?post=1013998"},{"taxonomy":"product_brand","embeddable":true,"href":"https:\/\/store.todsystem.com\/fr\/wp-json\/wp\/v2\/product_brand?post=1013998"},{"taxonomy":"product_cat","embeddable":true,"href":"https:\/\/store.todsystem.com\/fr\/wp-json\/wp\/v2\/product_cat?post=1013998"},{"taxonomy":"product_tag","embeddable":true,"href":"https:\/\/store.todsystem.com\/fr\/wp-json\/wp\/v2\/product_tag?post=1013998"}],"curies":[{"name":"wp","href":"https:\/\/api.w.org\/{rel}","templated":true}]}}