{"id":1013995,"date":"2024-11-04T14:06:54","date_gmt":"2024-11-04T14:06:54","guid":{"rendered":"https:\/\/store.todsystem.com\/?post_type=product&#038;p=1013995"},"modified":"2025-05-06T15:19:22","modified_gmt":"2025-05-06T15:19:22","slug":"robotiq-hand-e","status":"publish","type":"product","link":"https:\/\/store.todsystem.com\/fr\/produit-2\/robotiq-hand-e\/","title":{"rendered":"Robotiq Hand-E"},"content":{"rendered":"<div class=\"vgblk-rw-wrapper limit-wrapper\">Hand-E \u00e8 una pinza adattiva multifunzionale, sviluppata per soddisfare le esigenze di settori industriali che operano in ambienti difficili e richiedono soluzioni flessibili e di alta precisione. Con una capacit\u00e0 di carico massimo di 7 kg e una resistenza all\u2019acqua e alla polvere certificata IP67, questa pinza si adatta a contesti di produzione variabili, mantenendo un elevato livello di affidabilit\u00e0 anche nelle operazioni pi\u00f9 gravose, come la manutenzione di macchine sporche e l\u2019assemblaggio di precisione.<\/p>\n<p>Con\u00e7u pour faciliter le d\u00e9ploiement, le Hand-E peut \u00eatre install\u00e9 en moins de 5 minutes et configur\u00e9 sans programmation compliqu\u00e9e, ce qui le rend adapt\u00e9 aux changements rapides de production et minimise les temps d'arr\u00eat. La pince est fournie avec des kits de d\u00e9marrage compatibles Universal Robots et OMRON, ainsi qu'avec une gamme d'outils d'assistance, notamment de la documentation technique et des formations en ligne, afin de garantir un retour sur investissement rapide.<\/p>\n<p>&nbsp;<\/p>\n<p>Principales sp\u00e9cifications techniques :<\/p>\n<ul>\n<li>Carico utile: 7 kg<\/li>\n<li>Peso della pinza: 1 kg<\/li>\n<li>Corsa: 50 mm, ideale per manipolare oggetti di varie dimensioni<\/li>\n<li>Forza di presa: Regolabile tra 20 e 185 N, consentendo un\u2019ampia gamma di applicazioni<\/li>\n<li>Velocit\u00e0 di chiusura: 150 mm\/s<\/li>\n<li>Ripetibilit\u00e0: Fino a 0,025 mm, per una precisione costante anche su alti volumi<\/li>\n<li>Grado di protezione IP: IP67, assicurando la resistenza alla polvere e all\u2019acqua<\/li>\n<li>Temperatura di esercizio: Da -10 a 50 \u00b0C<\/li>\n<li>Durata di vita: Fino a 5 milioni di cicli, ideale per ambienti con operazioni intensive<\/li>\n<li>Fonte di alimentazione: Collegamento diretto al polso del robot (24V, 2A)<\/li>\n<li>Controllo parametri: Rilevamento avanzato dell\u2019oggetto, posizione, velocit\u00e0 e forza di presa<\/li>\n<li>Funzionalit\u00e0 aggiuntive: Sistema di sostituzione rapida dei polpastrelli e configurazione a doppia pinza per una maggiore efficienza.<\/li>\n<\/ul>\n<p>&nbsp;<\/p>\n<p>La Hand-E rappresenta una soluzione affidabile e versatile per le industrie che necessitano di una pinza precisa e adattabile, capace di affrontare ambienti di lavoro complessi e di migliorare l&#8217;efficienza produttiva mantenendo alti standard di qualit\u00e0.<\/p><\/div>\n<p><!-- .vgblk-rw-wrapper --><\/p>","protected":false},"excerpt":{"rendered":"<p>La <strong>Main-E<\/strong> est un pr\u00e9henseur adaptatif de pr\u00e9cision con\u00e7u pour fonctionner dans des environnements de production \u00e0 haute densit\u00e9 et pour des applications d'assemblage et d'usinage CNC. Gr\u00e2ce \u00e0 sa course parall\u00e8le de <strong>50 mm<\/strong> et une r\u00e9sistance certifi\u00e9e <strong>IP67<\/strong>Cette pince est id\u00e9ale pour les op\u00e9rations n\u00e9cessitant robustesse et adaptabilit\u00e9. Sa configuration permet une utilisation efficace dans les applications \u00e0 faible volume o\u00f9 la pr\u00e9cision et la polyvalence sont primordiales.<\/p>","protected":false},"featured_media":1014006,"template":"","meta":[],"pwb-brand":[588],"product_brand":[],"product_cat":[272],"product_tag":[],"class_list":{"0":"post-1013995","1":"product","2":"type-product","3":"status-publish","4":"has-post-thumbnail","6":"pwb-brand-robotiq","7":"product_cat-sistemi-di-presa","9":"first","10":"instock","11":"shipping-taxable","12":"product-type-simple"},"brands":[{"id":588,"name":"Robotiq","slug":"robotiq"}],"_links":{"self":[{"href":"https:\/\/store.todsystem.com\/fr\/wp-json\/wp\/v2\/product\/1013995","targetHints":{"allow":["GET"]}}],"collection":[{"href":"https:\/\/store.todsystem.com\/fr\/wp-json\/wp\/v2\/product"}],"about":[{"href":"https:\/\/store.todsystem.com\/fr\/wp-json\/wp\/v2\/types\/product"}],"version-history":[{"count":3,"href":"https:\/\/store.todsystem.com\/fr\/wp-json\/wp\/v2\/product\/1013995\/revisions"}],"predecessor-version":[{"id":1016120,"href":"https:\/\/store.todsystem.com\/fr\/wp-json\/wp\/v2\/product\/1013995\/revisions\/1016120"}],"wp:featuredmedia":[{"embeddable":true,"href":"https:\/\/store.todsystem.com\/fr\/wp-json\/wp\/v2\/media\/1014006"}],"wp:attachment":[{"href":"https:\/\/store.todsystem.com\/fr\/wp-json\/wp\/v2\/media?parent=1013995"}],"wp:term":[{"taxonomy":"pwb-brand","embeddable":true,"href":"https:\/\/store.todsystem.com\/fr\/wp-json\/wp\/v2\/pwb-brand?post=1013995"},{"taxonomy":"product_brand","embeddable":true,"href":"https:\/\/store.todsystem.com\/fr\/wp-json\/wp\/v2\/product_brand?post=1013995"},{"taxonomy":"product_cat","embeddable":true,"href":"https:\/\/store.todsystem.com\/fr\/wp-json\/wp\/v2\/product_cat?post=1013995"},{"taxonomy":"product_tag","embeddable":true,"href":"https:\/\/store.todsystem.com\/fr\/wp-json\/wp\/v2\/product_tag?post=1013995"}],"curies":[{"name":"wp","href":"https:\/\/api.w.org\/{rel}","templated":true}]}}