{"id":1013976,"date":"2024-11-04T09:47:32","date_gmt":"2024-11-04T09:47:32","guid":{"rendered":"https:\/\/store.todsystem.com\/?post_type=product&#038;p=1013976"},"modified":"2025-07-11T07:30:01","modified_gmt":"2025-07-11T07:30:01","slug":"unitree-b2-w","status":"publish","type":"product","link":"https:\/\/store.todsystem.com\/fr\/produit-2\/unitree-b2-w\/","title":{"rendered":"Unitree B2-W"},"content":{"rendered":"<div class=\"vgblk-rw-wrapper limit-wrapper\"><strong>Unitree B2-W<\/strong> repr\u00e9sente une perc\u00e9e dans le domaine de la robotique civile, associant une construction robuste \u00e0 une intelligence artificielle sophistiqu\u00e9e. Con\u00e7u pour des environnements complexes, ce robot est capable de naviguer sur un large \u00e9ventail de terrains, y compris les pelouses, les chemins de gravier et les surfaces rugueuses. Les articulations d\u00e9velopp\u00e9es en interne tirent pleinement parti des capacit\u00e9s motrices du robot, ce qui permet des mouvements dynamiques et une r\u00e9activit\u00e9 imm\u00e9diate aux changements de terrain.<\/p>\n<p>Le B2-W est \u00e9quip\u00e9 d'une batterie de grande capacit\u00e9 qui offre une autonomie consid\u00e9rable, permettant des op\u00e9rations prolong\u00e9es sans qu'il soit n\u00e9cessaire de le recharger fr\u00e9quemment. Ses caract\u00e9ristiques techniques avanc\u00e9es et ses options de personnalisation le rendent id\u00e9al pour des applications dans des domaines tels que la surveillance, la recherche et le sauvetage, et l'inspection de terrains difficiles.<\/p>\n<p><strong>Sp\u00e9cifications techniques<\/strong><\/p>\n<ul>\n<li><strong>Vitesse maximale :<\/strong> 20 km\/h<\/li>\n<li><strong>Autonomie maximale :<\/strong> 50 km avec une charge de 40 kg<\/li>\n<li><strong>Force de traction maximale :<\/strong> 100 kg<\/li>\n<li><strong>Couple maximal de la roue :<\/strong> 50 N-m<\/li>\n<li><strong>Vitesse maximale des roues :<\/strong> 57 rad\/s<\/li>\n<li><strong>Diam\u00e8tre de la roue :<\/strong> 225 mm<\/li>\n<li><strong>Dimensions (debout) :<\/strong> \u2248 1098 mm \u00d7 550 mm \u00d7 758 mm<\/li>\n<li><strong>Dimensions (prono) :<\/strong> \u2248 950 mm \u00d7 550 mm \u00d7 450 mm<\/li>\n<li><strong>Poids total :<\/strong> \u2248 75 kg (batterie comprise)<\/li>\n<li><strong>Capacit\u00e9 de la batterie :<\/strong> &gt; 2 kWh, tension 58 V<\/li>\n<li><strong>Charge maximale (en position debout) :<\/strong> 120 kg<\/li>\n<li><strong>Charge maximale (en mouvement) :<\/strong> &gt; 40 kg<\/li>\n<li><strong>Capacit\u00e9 \u00e0 surmonter les distances :<\/strong> Saut de tranch\u00e9e jusqu'\u00e0 2 m<\/li>\n<li><strong>Capacit\u00e9 \u00e0 monter des escaliers :<\/strong> Escaliers de 20-25 cm<\/li>\n<li><strong>Le coin de l'escalade :<\/strong> &gt; 45\u00b0<\/li>\n<li><strong>Temp\u00e9rature de fonctionnement :<\/strong> -20\u00b0C ~ 55\u00b0C<\/li>\n<li><strong>Protection de l'entr\u00e9e :<\/strong> IP67<\/li>\n<li><strong>Configuration du contr\u00f4le et de la perception :<\/strong>\n<ul>\n<li>Configuration standard : Intel Core i5<\/li>\n<li>Configuration optionnelle : Intel Core i7 et Jetson Orin NX (jusqu'\u00e0 3 appareils)<\/li>\n<\/ul>\n<\/li>\n<\/ul>\n<p><strong>Points forts<\/strong><\/p>\n<ul>\n<li><strong>Grande mobilit\u00e9 :<\/strong> Capacit\u00e9 \u00e0 se d\u00e9placer avec agilit\u00e9 sur un terrain accident\u00e9 et dans des conditions changeantes.<\/li>\n<li><strong>Autonomie \u00e9tendue :<\/strong> Fonctionnement prolong\u00e9 gr\u00e2ce \u00e0 une batterie de grande capacit\u00e9.<\/li>\n<li><strong>Flexibilit\u00e9 op\u00e9rationnelle :<\/strong> Convient \u00e0 diverses applications, de la surveillance \u00e0 la recherche et au sauvetage.<\/li>\n<li><strong>Robustesse :<\/strong> Construction durable avec indice de protection IP67, adapt\u00e9e \u00e0 une utilisation dans des environnements difficiles.<\/li>\n<li><strong>Technologie avanc\u00e9e :<\/strong> Des joints performants et des options de personnalisation pour r\u00e9pondre \u00e0 des besoins sp\u00e9cifiques.<\/li>\n<\/ul>\n<\/div>\n<p><!-- .vgblk-rw-wrapper --><\/p>","protected":false},"excerpt":{"rendered":"<p>Le <strong>Unitree B2-W<\/strong> est un robot quadrup\u00e8de con\u00e7u pour fonctionner dans des environnements variables, offrant une grande mobilit\u00e9 et une adaptabilit\u00e9 \u00e0 diff\u00e9rents terrains. Gr\u00e2ce \u00e0 des technologies avanc\u00e9es et \u00e0 des articulations tr\u00e8s performantes, le B2-W est capable de relever des d\u00e9fis tels que les escaliers, les pentes et les surfaces irr\u00e9guli\u00e8res, tout en garantissant stabilit\u00e9 et efficacit\u00e9.<\/p>","protected":false},"featured_media":1013977,"template":"","meta":[],"pwb-brand":[585],"product_brand":[],"product_cat":[276],"product_tag":[],"class_list":{"0":"post-1013976","1":"product","2":"type-product","3":"status-publish","4":"has-post-thumbnail","6":"pwb-brand-unitree","7":"product_cat-robot-quadrupedi","9":"first","10":"instock","11":"shipping-taxable","12":"product-type-simple"},"brands":[{"id":585,"name":"Unitree","slug":"unitree"}],"_links":{"self":[{"href":"https:\/\/store.todsystem.com\/fr\/wp-json\/wp\/v2\/product\/1013976","targetHints":{"allow":["GET"]}}],"collection":[{"href":"https:\/\/store.todsystem.com\/fr\/wp-json\/wp\/v2\/product"}],"about":[{"href":"https:\/\/store.todsystem.com\/fr\/wp-json\/wp\/v2\/types\/product"}],"version-history":[{"count":4,"href":"https:\/\/store.todsystem.com\/fr\/wp-json\/wp\/v2\/product\/1013976\/revisions"}],"predecessor-version":[{"id":1018285,"href":"https:\/\/store.todsystem.com\/fr\/wp-json\/wp\/v2\/product\/1013976\/revisions\/1018285"}],"wp:featuredmedia":[{"embeddable":true,"href":"https:\/\/store.todsystem.com\/fr\/wp-json\/wp\/v2\/media\/1013977"}],"wp:attachment":[{"href":"https:\/\/store.todsystem.com\/fr\/wp-json\/wp\/v2\/media?parent=1013976"}],"wp:term":[{"taxonomy":"pwb-brand","embeddable":true,"href":"https:\/\/store.todsystem.com\/fr\/wp-json\/wp\/v2\/pwb-brand?post=1013976"},{"taxonomy":"product_brand","embeddable":true,"href":"https:\/\/store.todsystem.com\/fr\/wp-json\/wp\/v2\/product_brand?post=1013976"},{"taxonomy":"product_cat","embeddable":true,"href":"https:\/\/store.todsystem.com\/fr\/wp-json\/wp\/v2\/product_cat?post=1013976"},{"taxonomy":"product_tag","embeddable":true,"href":"https:\/\/store.todsystem.com\/fr\/wp-json\/wp\/v2\/product_tag?post=1013976"}],"curies":[{"name":"wp","href":"https:\/\/api.w.org\/{rel}","templated":true}]}}