{"id":1013975,"date":"2024-11-04T09:53:26","date_gmt":"2024-11-04T09:53:26","guid":{"rendered":"https:\/\/store.todsystem.com\/?post_type=product&#038;p=1013975"},"modified":"2025-07-11T07:27:50","modified_gmt":"2025-07-11T07:27:50","slug":"unitree-aliengo","status":"publish","type":"product","link":"https:\/\/store.todsystem.com\/fr\/produit-2\/unitree-aliengo\/","title":{"rendered":"AlienGo Unitree"},"content":{"rendered":"<div class=\"vgblk-rw-wrapper limit-wrapper\"><strong>AlienGo Unitree<\/strong>\u00a0repr\u00e9sente l'un des mod\u00e8les de quadrup\u00e8des les plus avanc\u00e9s et les plus polyvalents de la robotique moderne. Con\u00e7u pour fonctionner dans des conditions extr\u00eames et s'adapter \u00e0 des terrains accident\u00e9s, Aliengo excelle en mati\u00e8re d'agilit\u00e9 et d'endurance. Capable d'effectuer des mouvements complexes tels que courir rapidement, rouler et franchir des obstacles, Aliengo utilise une s\u00e9rie de capteurs de haute pr\u00e9cision pour maintenir sa stabilit\u00e9 et sa vitesse, m\u00eame sur des surfaces difficiles.<\/p>\n<p>Le robot, dont la vitesse est sup\u00e9rieure \u00e0 1,5 m\/s, convient \u00e0 de nombreuses applications allant de la surveillance \u00e0 l'assistance aux op\u00e9rations de sauvetage.<\/p>\n<p>Principales sp\u00e9cifications techniques :<\/p>\n<ul>\n<li><strong>Dimensions<\/strong>: <strong>65 x 31 x 60 cm<\/strong> en position verticale et <strong>60 x 31 x 15 cm<\/strong> en position repli\u00e9e.<\/li>\n<li><strong>Poids<\/strong>: <strong>21,5 kg<\/strong> (\u00b11 kg), sans batterie.<\/li>\n<li><strong>Mat\u00e9riau<\/strong>Les caract\u00e9ristiques de l'appareil sont les suivantes : construction robuste, avec c\u00e2bles d'\u00e9pissure et protection contre les chutes enti\u00e8rement int\u00e9gr\u00e9s pour une plus grande durabilit\u00e9.<\/li>\n<li><strong>Charge utile<\/strong>: Supporte un poids allant jusqu'\u00e0 <strong>13 kg<\/strong>.<\/li>\n<li><strong>L'autonomie<\/strong>: <strong>2,5 - 4,6 heures<\/strong>variable en fonction de l'utilisation et des conditions.<\/li>\n<li><strong>Vitesse maximale<\/strong>: Au-del\u00e0 <strong>1,5 m\/s<\/strong>adaptable aux conditions de marche et de course.<\/li>\n<li><strong>Capacit\u00e9 d'escalade<\/strong>La pente peut aller jusqu'\u00e0 <strong>25\u00b0<\/strong>.<\/li>\n<li><strong>Syst\u00e8me d'exploitation<\/strong>Syst\u00e8me temps r\u00e9el Ubuntu pour le contr\u00f4le des mouvements et Ubuntu-ROS pour la d\u00e9tection de l'environnement.<\/li>\n<li><strong>Batterie<\/strong>: <strong>12600 mAh<\/strong> pour des op\u00e9rations prolong\u00e9es.<\/li>\n<li><strong>Capteurs<\/strong>Cam\u00e9ras de profondeur (2), cam\u00e9ra odom\u00e8tre, capteurs LiDAR (en option) et quatre capteurs de pieds pour le retour haptique.<\/li>\n<li><strong>Degr\u00e9s de libert\u00e9<\/strong>12 moteurs pour des mouvements fluides et un contr\u00f4le pr\u00e9cis de chaque membre.<\/li>\n<li><strong>Interfaces<\/strong>Ethernet (2), USB 3.0 (2), USB 2.0 (1) et un port 485 pour la connectivit\u00e9 et l'int\u00e9gration avec des modules externes.<\/li>\n<li><strong>Puissance de sortie<\/strong>Les mod\u00e8les sont disponibles en 5V, 12V, 19V et 24V \u00e0 30V (BAT).<\/li>\n<li><strong>Syst\u00e8me d'alarme<\/strong>Les alarmes de basse tension, de surchauffe, de court-circuit et de surcharge garantissent la s\u00e9curit\u00e9 dans toutes les situations de fonctionnement.<\/li>\n<\/ul>\n<p>&nbsp;<\/p>\n<p>Gr\u00e2ce \u00e0 son design polyvalent et high-tech, <strong>AlienGo Unitree<\/strong>\u00a0est capable de s'adapter \u00e0 diff\u00e9rents domaines d'application, en maintenant l'efficacit\u00e9 et la fiabilit\u00e9 m\u00eame dans des conditions complexes.<\/div>\n<p><!-- .vgblk-rw-wrapper --><\/p>","protected":false},"excerpt":{"rendered":"<p>L'<strong>AlienGo Unitree<\/strong>\u00a0est un robot quadrup\u00e8de con\u00e7u pour des op\u00e9rations complexes, qui se distingue par sa capacit\u00e9 \u00e0 effectuer des mouvements avanc\u00e9s et stables sur diff\u00e9rents types de terrain.  Il est id\u00e9al pour les op\u00e9rations industrielles, de surveillance et dans les environnements difficiles gr\u00e2ce \u00e0 un syst\u00e8me avanc\u00e9 de vision en profondeur, \u00e0 des capteurs de d\u00e9tection de l'environnement et \u00e0 un contr\u00f4le pr\u00e9cis des moteurs. Il est dot\u00e9 d'une longue dur\u00e9e de vie et d'une large gamme d'interfaces de communication, ce qui permet de le personnaliser et d'y int\u00e9grer des modules externes tels que des cam\u00e9ras, des syst\u00e8mes LiDAR et GPS.<\/p>","protected":false},"featured_media":1013981,"template":"","meta":[],"pwb-brand":[585],"product_brand":[],"product_cat":[276],"product_tag":[],"class_list":{"0":"post-1013975","1":"product","2":"type-product","3":"status-publish","4":"has-post-thumbnail","6":"pwb-brand-unitree","7":"product_cat-robot-quadrupedi","9":"first","10":"instock","11":"shipping-taxable","12":"product-type-simple"},"brands":[{"id":585,"name":"Unitree","slug":"unitree"}],"_links":{"self":[{"href":"https:\/\/store.todsystem.com\/fr\/wp-json\/wp\/v2\/product\/1013975","targetHints":{"allow":["GET"]}}],"collection":[{"href":"https:\/\/store.todsystem.com\/fr\/wp-json\/wp\/v2\/product"}],"about":[{"href":"https:\/\/store.todsystem.com\/fr\/wp-json\/wp\/v2\/types\/product"}],"version-history":[{"count":4,"href":"https:\/\/store.todsystem.com\/fr\/wp-json\/wp\/v2\/product\/1013975\/revisions"}],"predecessor-version":[{"id":1018299,"href":"https:\/\/store.todsystem.com\/fr\/wp-json\/wp\/v2\/product\/1013975\/revisions\/1018299"}],"wp:featuredmedia":[{"embeddable":true,"href":"https:\/\/store.todsystem.com\/fr\/wp-json\/wp\/v2\/media\/1013981"}],"wp:attachment":[{"href":"https:\/\/store.todsystem.com\/fr\/wp-json\/wp\/v2\/media?parent=1013975"}],"wp:term":[{"taxonomy":"pwb-brand","embeddable":true,"href":"https:\/\/store.todsystem.com\/fr\/wp-json\/wp\/v2\/pwb-brand?post=1013975"},{"taxonomy":"product_brand","embeddable":true,"href":"https:\/\/store.todsystem.com\/fr\/wp-json\/wp\/v2\/product_brand?post=1013975"},{"taxonomy":"product_cat","embeddable":true,"href":"https:\/\/store.todsystem.com\/fr\/wp-json\/wp\/v2\/product_cat?post=1013975"},{"taxonomy":"product_tag","embeddable":true,"href":"https:\/\/store.todsystem.com\/fr\/wp-json\/wp\/v2\/product_tag?post=1013975"}],"curies":[{"name":"wp","href":"https:\/\/api.w.org\/{rel}","templated":true}]}}