{"id":1013964,"date":"2024-11-04T09:27:54","date_gmt":"2024-11-04T09:27:54","guid":{"rendered":"https:\/\/store.todsystem.com\/?post_type=product&#038;p=1013964"},"modified":"2025-07-11T07:31:02","modified_gmt":"2025-07-11T07:31:02","slug":"unitree-benben","status":"publish","type":"product","link":"https:\/\/store.todsystem.com\/fr\/produit-2\/unitree-benben\/","title":{"rendered":"Unitree BenBen"},"content":{"rendered":"<div class=\"vgblk-rw-wrapper limit-wrapper\">Le <strong>robot Unitree BenBen<\/strong> int\u00e8gre des technologies de pointe dans le cadre d'une approche modulaire, ce qui permet une personnalisation pouss\u00e9e pour des applications professionnelles. Le robot a acquis une renomm\u00e9e internationale gr\u00e2ce \u00e0 sa performance lors du CCTV Spring Festival Gala en 2021, d\u00e9montrant l'int\u00e9gration de la robotique \u00e0 la culture traditionnelle chinoise.<\/p>\n<p>&nbsp;<\/p>\n<p>Principales sp\u00e9cifications :<\/p>\n<ul>\n<li><strong>Dimensions<\/strong>: Mesure <strong>70 x 31 x 40 cm<\/strong> en position verticale et se compacte pour <strong>76 x 31 x 20 cm<\/strong> en position accroupie, ce qui garantit la maniabilit\u00e9 dans les espaces restreints.<\/li>\n<li><strong>Poids<\/strong>: <strong>15 kg<\/strong> avec pile incluse.<\/li>\n<li><strong>Mat\u00e9riaux de construction<\/strong>Les caract\u00e9ristiques de l'appareil sont les suivantes : alliage d'aluminium tr\u00e8s r\u00e9sistant et construction en mati\u00e8re plastique pour une long\u00e9vit\u00e9 optimale.<\/li>\n<li><strong>Vitesse maximale<\/strong>Capable d'atteindre jusqu'\u00e0 <strong>3,5 m\/s<\/strong>.<\/li>\n<li><strong>Charge utile<\/strong>Les donn\u00e9es de l'enqu\u00eate sur l'utilisation de l'Internet sont disponibles sur le site web de la Commission europ\u00e9enne. <strong>10 kg<\/strong>variable selon les configurations.<\/li>\n<li><strong>Autonomie de la batterie<\/strong>: Entre <strong>2 et 4 heures<\/strong> de fonctionnement continu, en fonction du type d'utilisation et des conditions de fonctionnement.<\/li>\n<li><strong>Technologies des capteurs<\/strong>LiDAR 3D pour la cartographie avanc\u00e9e, cam\u00e9ra et syst\u00e8me HD <strong>SSI 2.0<\/strong> qui permet un suivi intelligent et un contr\u00f4le lat\u00e9ral.<\/li>\n<li><strong>Connectivit\u00e9<\/strong>Compatibilit\u00e9 Wi-Fi6, Bluetooth et r\u00e9seau 4G, permettant le contr\u00f4le \u00e0 distance et la prise en charge des mises \u00e0 jour <strong>OTA<\/strong> (Over The Air).<\/li>\n<li><strong>Comp\u00e9tences en programmation et modularit\u00e9<\/strong>La conception permet une personnalisation en fonction des exigences du projet, ce qui la rend particuli\u00e8rement adapt\u00e9e aux environnements industriels et ext\u00e9rieurs complexes.<\/li>\n<\/ul>\n<p>&nbsp;<\/p>\n<p>Le mod\u00e8le <strong>BenBen<\/strong> incarne un bond en avant dans le domaine de la robotique quadrup\u00e8de, offrant une exp\u00e9rience dynamique et int\u00e9grant des \u00e9l\u00e9ments de divertissement et des capacit\u00e9s industrielles dans un seul appareil.<\/div>\n<p><!-- .vgblk-rw-wrapper --><\/p>","protected":false},"excerpt":{"rendered":"<p>Le robot <strong>Unitree BenBen<\/strong> est un quadrup\u00e8de avanc\u00e9, con\u00e7u pour des performances industrielles et de divertissement, capable de mouvements complexes et s'adaptant \u00e0 divers environnements gr\u00e2ce \u00e0 sa conception compacte et robuste.<\/p>\n<p>Il dispose d'une capacit\u00e9 de charge et d'une technologie \u00e9lev\u00e9es<\/p>\n<p>multi-capteur int\u00e9gr\u00e9 qui permet une interaction pr\u00e9cise et fluide, id\u00e9ale pour les activit\u00e9s n\u00e9cessitant agilit\u00e9 et dynamisme.<\/p>","protected":false},"featured_media":1013987,"template":"","meta":[],"pwb-brand":[585],"product_brand":[],"product_cat":[276],"product_tag":[],"class_list":{"0":"post-1013964","1":"product","2":"type-product","3":"status-publish","4":"has-post-thumbnail","6":"pwb-brand-unitree","7":"product_cat-robot-quadrupedi","9":"first","10":"instock","11":"shipping-taxable","12":"product-type-simple"},"brands":[{"id":585,"name":"Unitree","slug":"unitree"}],"_links":{"self":[{"href":"https:\/\/store.todsystem.com\/fr\/wp-json\/wp\/v2\/product\/1013964","targetHints":{"allow":["GET"]}}],"collection":[{"href":"https:\/\/store.todsystem.com\/fr\/wp-json\/wp\/v2\/product"}],"about":[{"href":"https:\/\/store.todsystem.com\/fr\/wp-json\/wp\/v2\/types\/product"}],"version-history":[{"count":5,"href":"https:\/\/store.todsystem.com\/fr\/wp-json\/wp\/v2\/product\/1013964\/revisions"}],"predecessor-version":[{"id":1018303,"href":"https:\/\/store.todsystem.com\/fr\/wp-json\/wp\/v2\/product\/1013964\/revisions\/1018303"}],"wp:featuredmedia":[{"embeddable":true,"href":"https:\/\/store.todsystem.com\/fr\/wp-json\/wp\/v2\/media\/1013987"}],"wp:attachment":[{"href":"https:\/\/store.todsystem.com\/fr\/wp-json\/wp\/v2\/media?parent=1013964"}],"wp:term":[{"taxonomy":"pwb-brand","embeddable":true,"href":"https:\/\/store.todsystem.com\/fr\/wp-json\/wp\/v2\/pwb-brand?post=1013964"},{"taxonomy":"product_brand","embeddable":true,"href":"https:\/\/store.todsystem.com\/fr\/wp-json\/wp\/v2\/product_brand?post=1013964"},{"taxonomy":"product_cat","embeddable":true,"href":"https:\/\/store.todsystem.com\/fr\/wp-json\/wp\/v2\/product_cat?post=1013964"},{"taxonomy":"product_tag","embeddable":true,"href":"https:\/\/store.todsystem.com\/fr\/wp-json\/wp\/v2\/product_tag?post=1013964"}],"curies":[{"name":"wp","href":"https:\/\/api.w.org\/{rel}","templated":true}]}}