{"id":1013962,"date":"2024-11-04T09:26:04","date_gmt":"2024-11-04T09:26:04","guid":{"rendered":"https:\/\/store.todsystem.com\/?post_type=product&#038;p=1013962"},"modified":"2025-07-11T07:36:15","modified_gmt":"2025-07-11T07:36:15","slug":"unitree-b2","status":"publish","type":"product","link":"https:\/\/store.todsystem.com\/fr\/produit-2\/unitree-b2\/","title":{"rendered":"Unitree B2"},"content":{"rendered":"<div class=\"vgblk-rw-wrapper limit-wrapper\"><strong>Unitree B2<\/strong> est un robot quadrup\u00e8de de pointe con\u00e7u pour repousser les limites des op\u00e9rations industrielles. Sa capacit\u00e9 d'adaptation innovante et ses performances \u00e9lev\u00e9es font du B2 un compagnon id\u00e9al pour les missions dans des environnements complexes, garantissant stabilit\u00e9 et fiabilit\u00e9 m\u00eame dans des conditions difficiles.<\/p>\n<p><strong>Principales caract\u00e9ristiques techniques :<\/strong><\/p>\n<ul>\n<li><strong>Dimensions (en position debout) :<\/strong> \u2248 1098 mm (hauteur) x 450 mm (largeur) x 645 mm (longueur)<\/li>\n<li><strong>Dimensions (en position couch\u00e9e) :<\/strong> \u2248 880 mm (longueur) x 460 mm (largeur) x 330 mm (hauteur)<\/li>\n<li><strong>Poids :<\/strong> \u2248 60 kg (batterie comprise)<\/li>\n<li><strong>Tension :<\/strong> 58 V<\/li>\n<li><strong>Capacit\u00e9 de la batterie :<\/strong> 45 Ah (2250 Wh)<\/li>\n<\/ul>\n<p><strong>Performance du mouvement :<\/strong><\/p>\n<ul>\n<li><strong>Vitesse maximale :<\/strong> &gt; 6 m\/s<\/li>\n<li><strong>Couple maximal de l'articulation :<\/strong> environ 360 N-m<\/li>\n<li><strong>Charge maximale en position debout :<\/strong> 120 kg<\/li>\n<li><strong>Charge continue pendant la marche :<\/strong> &gt; 40 kg<\/li>\n<li><strong>Endurance :<\/strong>\n<ul>\n<li>Marche \u00e0 vide : &gt; 5 heures, avec une autonomie de plus de 20 km<\/li>\n<li>Marche avec une charge de 20 kg : &gt; 4 heures, avec une autonomie de plus de 15 km<\/li>\n<\/ul>\n<\/li>\n<\/ul>\n<p><strong>Capacit\u00e9 \u00e0 surmonter les obstacles :<\/strong><\/p>\n<ul>\n<li><strong>Hauteur maximale des obstacles :<\/strong> jusqu'\u00e0 40 cm<\/li>\n<li><strong>Angle de mont\u00e9e :<\/strong> &gt; 45\u00b0<\/li>\n<li><strong>Capacit\u00e9 d'ascension continue :<\/strong> \u00c9chelles de 20 \u00e0 25 cm<\/li>\n<\/ul>\n<p><strong>Conception et fonctionnalit\u00e9 avanc\u00e9es :<\/strong><\/p>\n<ul>\n<li><strong>Forme hybride :<\/strong> Commutation innovante entre le mode quadrup\u00e8de et le mode roues (en option).<\/li>\n<li><strong>Autonomie de charge :<\/strong> Il prend en charge les solutions de charge autonome et les batteries \u00e0 remplacement rapide.<\/li>\n<li><strong>Surface de protection :<\/strong> Protection IP67, garantissant la r\u00e9sistance \u00e0 l'eau et \u00e0 la poussi\u00e8re.<\/li>\n<\/ul>\n<p><strong>Compone<span style=\"color: var(--vamtam-h4-color); letter-spacing: var(--vamtam-h4-letter-spacing-desktop,normal); text-transform: var(--vamtam-h4-transform,none);\">Contr\u00f4le et\u00a0<\/span>Perception<span style=\"color: var(--vamtam-h4-color); letter-spacing: var(--vamtam-h4-letter-spacing-desktop,normal); text-transform: var(--vamtam-h4-transform,none);\">:<\/span><\/strong><\/p>\n<ul>\n<li><strong>Configuration standard :<\/strong> Intel Core i5 pour les fonctionnalit\u00e9s de la plateforme ; Intel Core i7 pour le d\u00e9veloppement des utilisateurs.<\/li>\n<li><strong>Configuration optionnelle :<\/strong> Intel Core i7 et Jetson Orin NX (jusqu'\u00e0 3 appareils).<\/li>\n<li><strong>Capteurs :<\/strong> \u00c9quip\u00e9 d'un LiDAR 3D, de cam\u00e9ras de profondeur et d'optiques pour une perception avanc\u00e9e de l'environnement.<\/li>\n<\/ul>\n<p><strong>Interfaces externes :<\/strong><\/p>\n<ul>\n<li><strong>R\u00e9seau :<\/strong> 1000M-Base-Ethernet \u00d7 4<\/li>\n<li><strong>USB :<\/strong> 4 ports USB 3.0<\/li>\n<li><strong>Alimentation \u00e9lectrique :<\/strong> 12V \u00d7 4, 5V \u00d7 1, 24V \u00d7 4, BAT \u00d7 1<\/li>\n<\/ul>\n<\/div>\n<p><!-- .vgblk-rw-wrapper --><\/p>","protected":false},"excerpt":{"rendered":"<p><strong>Unitree B2<\/strong> est le robot industriel quadrup\u00e8de le plus rapide au monde, capable d'atteindre des vitesses sup\u00e9rieures \u00e0 6 m\/s. Con\u00e7u pour s'attaquer \u00e0 un large \u00e9ventail d'environnements, le B2 offre une excellente adaptabilit\u00e9 au terrain et une stabilit\u00e9 remarquable lorsqu'il s'agit de monter des escaliers et de franchir des obstacles. Avec une charge maximale de 120 kg et une autonomie impressionnante, il constitue une solution id\u00e9ale pour les op\u00e9rations industrielles de pointe.<\/p>","protected":false},"featured_media":1013965,"template":"","meta":[],"pwb-brand":[585],"product_brand":[],"product_cat":[276],"product_tag":[],"class_list":{"0":"post-1013962","1":"product","2":"type-product","3":"status-publish","4":"has-post-thumbnail","6":"pwb-brand-unitree","7":"product_cat-robot-quadrupedi","9":"first","10":"instock","11":"shipping-taxable","12":"product-type-simple"},"brands":[{"id":585,"name":"Unitree","slug":"unitree"}],"_links":{"self":[{"href":"https:\/\/store.todsystem.com\/fr\/wp-json\/wp\/v2\/product\/1013962","targetHints":{"allow":["GET"]}}],"collection":[{"href":"https:\/\/store.todsystem.com\/fr\/wp-json\/wp\/v2\/product"}],"about":[{"href":"https:\/\/store.todsystem.com\/fr\/wp-json\/wp\/v2\/types\/product"}],"version-history":[{"count":6,"href":"https:\/\/store.todsystem.com\/fr\/wp-json\/wp\/v2\/product\/1013962\/revisions"}],"predecessor-version":[{"id":1018283,"href":"https:\/\/store.todsystem.com\/fr\/wp-json\/wp\/v2\/product\/1013962\/revisions\/1018283"}],"wp:featuredmedia":[{"embeddable":true,"href":"https:\/\/store.todsystem.com\/fr\/wp-json\/wp\/v2\/media\/1013965"}],"wp:attachment":[{"href":"https:\/\/store.todsystem.com\/fr\/wp-json\/wp\/v2\/media?parent=1013962"}],"wp:term":[{"taxonomy":"pwb-brand","embeddable":true,"href":"https:\/\/store.todsystem.com\/fr\/wp-json\/wp\/v2\/pwb-brand?post=1013962"},{"taxonomy":"product_brand","embeddable":true,"href":"https:\/\/store.todsystem.com\/fr\/wp-json\/wp\/v2\/product_brand?post=1013962"},{"taxonomy":"product_cat","embeddable":true,"href":"https:\/\/store.todsystem.com\/fr\/wp-json\/wp\/v2\/product_cat?post=1013962"},{"taxonomy":"product_tag","embeddable":true,"href":"https:\/\/store.todsystem.com\/fr\/wp-json\/wp\/v2\/product_tag?post=1013962"}],"curies":[{"name":"wp","href":"https:\/\/api.w.org\/{rel}","templated":true}]}}