{"id":1013911,"date":"2024-10-31T15:24:00","date_gmt":"2024-10-31T15:24:00","guid":{"rendered":"https:\/\/store.todsystem.com\/?post_type=product&#038;p=1013911"},"modified":"2025-10-06T15:34:02","modified_gmt":"2025-10-06T15:34:02","slug":"unitree-go2-w","status":"publish","type":"product","link":"https:\/\/store.todsystem.com\/fr\/produit-2\/unitree-go2-w\/","title":{"rendered":"Unitree Go2-W"},"content":{"rendered":"<div class=\"vgblk-rw-wrapper limit-wrapper\">L'<strong>Unitree Go2-W<\/strong> est un robot quadrup\u00e8de avanc\u00e9 \u00e0 roues int\u00e9gr\u00e9es, con\u00e7u pour combiner la flexibilit\u00e9 et l'agilit\u00e9 des robots quadrup\u00e8des avec la vitesse et l'efficacit\u00e9 des v\u00e9hicules \u00e0 roues. Cette configuration hybride rend le Go2-W particuli\u00e8rement adapt\u00e9 aux surfaces planes et aux terrains plus complexes, en s'adaptant automatiquement aux conditions du sol.<\/p>\n<p>Sp\u00e9cifications techniques<\/p>\n<ul>\n<li><strong>Dimensions en position verticale<\/strong>70 cm (hauteur) x 43 cm (largeur) x 50 cm (longueur)<\/li>\n<li><strong>Poids<\/strong>Poids : environ 18 kg (avec batterie)<\/li>\n<li><strong>Tension<\/strong>: 33.6 V<\/li>\n<\/ul>\n<p>Performance du mouvement<\/p>\n<ul>\n<li><strong>Charge maximale<\/strong>3 kg, adapt\u00e9 au transport l\u00e9ger et aux t\u00e2ches d'inspection<\/li>\n<li><strong>Vitesse maximale<\/strong>jusqu'\u00e0 2,5 m\/s en mode roues<\/li>\n<li><strong>Diff\u00e9rence de hauteur maximale surmontable<\/strong>jusqu'\u00e0 70 cm, gr\u00e2ce \u00e0 la combinaison des jambes et des roues<\/li>\n<li><strong>Inclinaison maximale<\/strong>jusqu'\u00e0 35<\/li>\n<\/ul>\n<p>Composants de transformation<\/p>\n<p>Le Go2-W est \u00e9quip\u00e9 d'un processeur <strong>octa-core<\/strong> haute performance, id\u00e9al pour le traitement des donn\u00e9es des capteurs et la prise en charge des capacit\u00e9s de navigation autonome avanc\u00e9es. Le robot peut \u00eatre \u00e9quip\u00e9 d'un module d'extension d'une capacit\u00e9 de calcul de 100 TOPS, tel que le<strong>NVIDIA Orin NX<\/strong>qui permet l'ex\u00e9cution d'algorithmes complexes d'intelligence artificielle pour les t\u00e2ches de perception et d'interaction.<\/p>\n<p>Caract\u00e9ristiques distinctives<\/p>\n<ol>\n<li><strong>Capteurs avanc\u00e9s<\/strong>: \u00c9quip\u00e9 de <strong>LiDAR 4D<\/strong> Gr\u00e2ce \u00e0 ses cam\u00e9ras HD et grand angle, le Go2-W peut construire une carte d\u00e9taill\u00e9e de son environnement avec une couverture h\u00e9misph\u00e9rique de 360\u00b0 x 90\u00b0. Cela lui permet d'\u00e9viter les obstacles et de naviguer de mani\u00e8re autonome, m\u00eame dans des environnements complexes.<\/li>\n<li><strong>\u00c9clairage frontal<\/strong>Les feux avant : \u00e9quip\u00e9s de feux avant pour les missions dans des conditions de faible luminosit\u00e9, ils augmentent la s\u00e9curit\u00e9 et la capacit\u00e9 op\u00e9rationnelle de nuit.<\/li>\n<li><strong>Connectivit\u00e9 sans fil<\/strong>Compatible avec le Wi-Fi 6, la 4G et le Bluetooth, il offre une connexion stable pour le contr\u00f4le \u00e0 distance et les mises \u00e0 jour OTA (Over-The-Air), garantissant une mise \u00e0 jour ais\u00e9e des fonctionnalit\u00e9s logicielles.<\/li>\n<li><strong>Fonction vocale<\/strong>Le Go2-W est \u00e9quip\u00e9 d'une fonction d'interaction vocale qui permet une commande vocale et une interaction intuitive avec l'op\u00e9rateur.<\/li>\n<li><strong>D\u00e9veloppement secondaire<\/strong>Con\u00e7u pour la recherche et l'\u00e9ducation, le Go2-W est ouvert \u00e0 la personnalisation et offre un support pour le d\u00e9veloppement secondaire, s'adaptant \u00e0 de multiples applications professionnelles.<\/li>\n<\/ol>\n<p>Autonomie et chargement<\/p>\n<ul>\n<li><strong>Capacit\u00e9 de la batterie<\/strong>15 000 mAh, avec une autonomie d'environ 3-4 heures en fonction de l'utilisation et du terrain.<\/li>\n<li><strong>Recharge rapide<\/strong>Le syst\u00e8me prend en charge une charge de 33,6 V et de 9 A, ce qui r\u00e9duit les temps d'arr\u00eat.<\/li>\n<\/ul>\n<p>Accessoires et garantie<\/p>\n<ul>\n<li><strong>Module d'extension<\/strong>compatible avec le module 100 TOPS NVIDIA Orin NX pour les applications avanc\u00e9es d'intelligence artificielle.<\/li>\n<li><strong>Garantie<\/strong>12 mois de couverture standard.<\/li>\n<\/ul>\n<p>Ces caract\u00e9ristiques font du Go2-W l'outil id\u00e9al pour les missions n\u00e9cessitant une adaptabilit\u00e9 et des performances fiables dans des environnements mixtes. Avec des roues de 7 pouces et la possibilit\u00e9 de passer rapidement du mode quadrup\u00e8de au mode roue, le Go2-W est une solution innovante pour l'automatisation et la robotique mobile.<\/p>\n<p>&nbsp;<\/p>\n<p class=\"relative inline-flex items-center\">\n<\/div>\n<p><!-- .vgblk-rw-wrapper --><\/p>","protected":false},"excerpt":{"rendered":"<p>L'<strong>Unitree Go2-W<\/strong> est un robot quadrup\u00e8de avanc\u00e9 \u00e0 roues int\u00e9gr\u00e9es, combinant l'agilit\u00e9 de ses jambes et la vitesse de ses roues pour \u00e9voluer sur diff\u00e9rents types de terrain. \u00c9quip\u00e9 de capteurs avanc\u00e9s tels que le LiDAR 4D et des cam\u00e9ras HD, il navigue de mani\u00e8re autonome et s\u00fbre, en \u00e9vitant les obstacles. Avec une batterie de 15 000mAh et une charge rapide, il peut fonctionner jusqu'\u00e0 4 heures. Il prend \u00e9galement en charge l'interaction vocale ainsi que la connectivit\u00e9 Wi-Fi, 4G et Bluetooth, ce qui le rend id\u00e9al pour les applications dans des environnements complexes et pour des op\u00e9rations de longue dur\u00e9e.<\/p>\n<div class=\"relative inline-flex items-center\"><\/div>","protected":false},"featured_media":1013928,"template":"","meta":[],"pwb-brand":[585],"product_brand":[],"product_cat":[276],"product_tag":[],"class_list":{"0":"post-1013911","1":"product","2":"type-product","3":"status-publish","4":"has-post-thumbnail","6":"pwb-brand-unitree","7":"product_cat-robot-quadrupedi","9":"first","10":"instock","11":"shipping-taxable","12":"product-type-simple"},"brands":[{"id":585,"name":"Unitree","slug":"unitree"}],"_links":{"self":[{"href":"https:\/\/store.todsystem.com\/fr\/wp-json\/wp\/v2\/product\/1013911","targetHints":{"allow":["GET"]}}],"collection":[{"href":"https:\/\/store.todsystem.com\/fr\/wp-json\/wp\/v2\/product"}],"about":[{"href":"https:\/\/store.todsystem.com\/fr\/wp-json\/wp\/v2\/types\/product"}],"version-history":[{"count":4,"href":"https:\/\/store.todsystem.com\/fr\/wp-json\/wp\/v2\/product\/1013911\/revisions"}],"predecessor-version":[{"id":1018310,"href":"https:\/\/store.todsystem.com\/fr\/wp-json\/wp\/v2\/product\/1013911\/revisions\/1018310"}],"wp:featuredmedia":[{"embeddable":true,"href":"https:\/\/store.todsystem.com\/fr\/wp-json\/wp\/v2\/media\/1013928"}],"wp:attachment":[{"href":"https:\/\/store.todsystem.com\/fr\/wp-json\/wp\/v2\/media?parent=1013911"}],"wp:term":[{"taxonomy":"pwb-brand","embeddable":true,"href":"https:\/\/store.todsystem.com\/fr\/wp-json\/wp\/v2\/pwb-brand?post=1013911"},{"taxonomy":"product_brand","embeddable":true,"href":"https:\/\/store.todsystem.com\/fr\/wp-json\/wp\/v2\/product_brand?post=1013911"},{"taxonomy":"product_cat","embeddable":true,"href":"https:\/\/store.todsystem.com\/fr\/wp-json\/wp\/v2\/product_cat?post=1013911"},{"taxonomy":"product_tag","embeddable":true,"href":"https:\/\/store.todsystem.com\/fr\/wp-json\/wp\/v2\/product_tag?post=1013911"}],"curies":[{"name":"wp","href":"https:\/\/api.w.org\/{rel}","templated":true}]}}