{"id":1013863,"date":"2024-10-31T14:26:59","date_gmt":"2024-10-31T14:26:59","guid":{"rendered":"https:\/\/store.todsystem.com\/?post_type=product&#038;p=1013863"},"modified":"2025-07-11T07:50:05","modified_gmt":"2025-07-11T07:50:05","slug":"unitree-go2","status":"publish","type":"product","link":"https:\/\/store.todsystem.com\/fr\/produit-2\/unitree-go2\/","title":{"rendered":"Unitree Go2"},"content":{"rendered":"<div class=\"vgblk-rw-wrapper limit-wrapper\">L'<strong>Unitree Go2<\/strong> se distingue par sa combinaison d'intelligence artificielle, de capacit\u00e9s de cartographie en 3D et de grande mobilit\u00e9. Dot\u00e9 d'un syst\u00e8me de d\u00e9tection LiDAR \u00e0 360\u00b0 et de la technologie ISS 2.0, il am\u00e9liore consid\u00e9rablement la pr\u00e9cision du positionnement et \u00e9vite efficacement les obstacles. Sa capacit\u00e9 de cartographie bas\u00e9e sur une application permet \u00e0 l'utilisateur d'\u00e9tablir des itin\u00e9raires autonomes ou de le contr\u00f4ler \u00e0 distance sur une large zone, m\u00eame jusqu'\u00e0 30 m\u00e8tres. En outre, le syst\u00e8me OTA permet des mises \u00e0 jour constantes pour les nouvelles fonctionnalit\u00e9s et les am\u00e9liorations.<\/p>\n<p>Sp\u00e9cifications techniques<\/p>\n<ul>\n<li><strong>Dimensions<\/strong>610 mm x 370 mm x 503 mm<\/li>\n<li><strong>Poids<\/strong>13,7 kg avec batterie<\/li>\n<li><strong>L'autonomie<\/strong>1,5 - 2 heures de fonctionnement, avec la possibilit\u00e9 de couvrir jusqu'\u00e0 2,7 km<\/li>\n<li><strong>Charge maximale<\/strong>5 kg<\/li>\n<li><strong>Inclinaison surmontable<\/strong>: 40\u00b0<\/li>\n<li><strong>Hauteur de marche surmontable<\/strong>15 cm<\/li>\n<li><strong>Vitesse maximale<\/strong>jusqu'\u00e0 3,5 m\/s<\/li>\n<li><strong>Connectivit\u00e9<\/strong>Wi-Fi6, Bluetooth, 4G<\/li>\n<\/ul>\n<p>Le Go2 est \u00e9quip\u00e9 d'un syst\u00e8me de reconnaissance LiDAR avanc\u00e9 qui permet une vue \u00e0 360\u00b0 x 90\u00b0, r\u00e9duisant consid\u00e9rablement les angles morts. La plateforme ISS 2.0 rend la navigation plus stable et l'application de contr\u00f4le offre des options avanc\u00e9es telles que la d\u00e9tection d'objets et la navigation automatique. En outre, la construction robuste du Go2-W avec des pneus de 7 pouces offre des performances m\u00eame sur des terrains difficiles et dans des conditions m\u00e9t\u00e9orologiques changeantes.<\/p>\n<p><strong>Versions disponibles<\/strong><\/p>\n<ol>\n<li><strong>Go2 AIR<\/strong>Il s'agit de la version de base du mod\u00e8le Go2, con\u00e7ue pour offrir des mouvements essentiels et des actions autonomes, avec une connectivit\u00e9 Wi-Fi 6 et Bluetooth. Id\u00e9al pour les applications l\u00e9g\u00e8res, il maintient un bon \u00e9quilibre entre les performances et le prix.<\/li>\n<li><strong>Go2 PRO<\/strong>La version de milieu de gamme est \u00e9quip\u00e9e de fonctions avanc\u00e9es telles que la mise en \u00e9vidence intelligente des obstacles, le suivi lat\u00e9ral et la transmission d'images 4G. Elle comprend \u00e9galement une ceinture automatique et la prise en charge de l'interaction vocale, ce qui la rend id\u00e9ale pour les op\u00e9rations plus complexes et les applications n\u00e9cessitant une autonomie et une interactivit\u00e9 accrues.<\/li>\n<li><strong>Go2 EDU<\/strong>Con\u00e7ue sp\u00e9cifiquement pour la recherche et l'\u00e9ducation, cette version offre toutes les caract\u00e9ristiques du mod\u00e8le PRO, mais ajoute un capteur de force et une capacit\u00e9 de d\u00e9veloppement secondaire, permettant aux utilisateurs de personnaliser et de programmer des fonctionnalit\u00e9s avanc\u00e9es. C'est le choix id\u00e9al pour les universit\u00e9s, les laboratoires de recherche et les instituts exigeant une grande flexibilit\u00e9.<\/li>\n<\/ol>\n<p>Le Unitree Go2 est un robot quadrup\u00e8de polyvalent qui, dans ses trois versions, couvre un large \u00e9ventail d'applications, des op\u00e9rations l\u00e9g\u00e8res \u00e0 la recherche avanc\u00e9e.<\/p><\/div>\n<p><!-- .vgblk-rw-wrapper --><\/p>","protected":false},"excerpt":{"rendered":"<p>L'<strong>Unitree Go2<\/strong> est un robot quadrup\u00e8de avanc\u00e9 con\u00e7u pour des op\u00e9rations autonomes et complexes. Gr\u00e2ce \u00e0 son syst\u00e8me de d\u00e9tection LiDAR 4D, il navigue dans des environnements variables et surmonte les obstacles, ce qui le rend id\u00e9al pour les applications d'inspection, de recherche et de d\u00e9veloppement.<\/p>","protected":false},"featured_media":1018296,"template":"","meta":[],"pwb-brand":[585],"product_brand":[],"product_cat":[276],"product_tag":[],"class_list":{"0":"post-1013863","1":"product","2":"type-product","3":"status-publish","4":"has-post-thumbnail","6":"pwb-brand-unitree","7":"product_cat-robot-quadrupedi","9":"first","10":"instock","11":"shipping-taxable","12":"product-type-simple"},"brands":[{"id":585,"name":"Unitree","slug":"unitree"}],"_links":{"self":[{"href":"https:\/\/store.todsystem.com\/fr\/wp-json\/wp\/v2\/product\/1013863","targetHints":{"allow":["GET"]}}],"collection":[{"href":"https:\/\/store.todsystem.com\/fr\/wp-json\/wp\/v2\/product"}],"about":[{"href":"https:\/\/store.todsystem.com\/fr\/wp-json\/wp\/v2\/types\/product"}],"version-history":[{"count":6,"href":"https:\/\/store.todsystem.com\/fr\/wp-json\/wp\/v2\/product\/1013863\/revisions"}],"predecessor-version":[{"id":1018286,"href":"https:\/\/store.todsystem.com\/fr\/wp-json\/wp\/v2\/product\/1013863\/revisions\/1018286"}],"wp:featuredmedia":[{"embeddable":true,"href":"https:\/\/store.todsystem.com\/fr\/wp-json\/wp\/v2\/media\/1018296"}],"wp:attachment":[{"href":"https:\/\/store.todsystem.com\/fr\/wp-json\/wp\/v2\/media?parent=1013863"}],"wp:term":[{"taxonomy":"pwb-brand","embeddable":true,"href":"https:\/\/store.todsystem.com\/fr\/wp-json\/wp\/v2\/pwb-brand?post=1013863"},{"taxonomy":"product_brand","embeddable":true,"href":"https:\/\/store.todsystem.com\/fr\/wp-json\/wp\/v2\/product_brand?post=1013863"},{"taxonomy":"product_cat","embeddable":true,"href":"https:\/\/store.todsystem.com\/fr\/wp-json\/wp\/v2\/product_cat?post=1013863"},{"taxonomy":"product_tag","embeddable":true,"href":"https:\/\/store.todsystem.com\/fr\/wp-json\/wp\/v2\/product_tag?post=1013863"}],"curies":[{"name":"wp","href":"https:\/\/api.w.org\/{rel}","templated":true}]}}