{"id":1013816,"date":"2024-10-31T08:48:26","date_gmt":"2024-10-31T08:48:26","guid":{"rendered":"https:\/\/store.todsystem.com\/?post_type=product&#038;p=1013816"},"modified":"2025-07-01T17:15:47","modified_gmt":"2025-07-01T17:15:47","slug":"jaka-zu-12s","status":"publish","type":"product","link":"https:\/\/store.todsystem.com\/fr\/produit-2\/jaka-zu-12s\/","title":{"rendered":"JAKA Zu 12s"},"content":{"rendered":"<div class=\"vgblk-rw-wrapper limit-wrapper\">\n<p data-start=\"0\" data-end=\"105\"><strong>JAKA Zu 12S: Il Robot Collaborativo Avanzato per Operazioni Industriali Ad Alta Capacit\u00e0 e Precisione<\/strong><\/p>\n<p data-start=\"107\" data-end=\"688\">Il JAKA Zu 12S \u00e8 il robot collaborativo di ultima generazione progettato per affrontare le sfide pi\u00f9 impegnative dell&#8217;automazione industriale. Con una capacit\u00e0 di carico di 12 kg e un raggio di lavoro esteso, il JAKA Zu 12S \u00e8 ideale per applicazioni che richiedono alta forza e precisione, come assemblaggio, manipolazione di materiali pesanti, ispezione e pick-and-place. Questo robot avanzato combina prestazioni elevate con tecnologie di sicurezza all&#8217;avanguardia, permettendo operazioni veloci e sicure fianco a fianco con gli operatori, senza la necessit\u00e0 di barriere fisiche.<\/p>\n<p data-start=\"745\" data-end=\"785\"><strong>Principales caract\u00e9ristiques techniques<\/strong><\/p>\n<ul data-start=\"786\" data-end=\"1093\">\n<li data-start=\"786\" data-end=\"805\">Peso: 41,3 kg<\/li>\n<li data-start=\"806\" data-end=\"833\">Carico Massimo:\u00a012 kg<\/li>\n<li data-start=\"834\" data-end=\"866\">Raggio di Lavoro:\u00a01327 mm<\/li>\n<li data-start=\"867\" data-end=\"904\">Velocit\u00e0 Lineare Massima:\u00a03 m\/s<\/li>\n<li data-start=\"905\" data-end=\"1047\">Randonn\u00e9es communes :\n<ol data-start=\"940\" data-end=\"1047\">\n<li data-start=\"940\" data-end=\"959\">J1 : \u00b1360\u00b0<\/li>\n<li data-start=\"940\" data-end=\"959\">J2: -85\u00b0+265\u00b0<\/li>\n<li data-start=\"940\" data-end=\"959\">J3: \u00b1175\u00b0<\/li>\n<li data-start=\"940\" data-end=\"959\">J4: -85\u00b0+265\u00b0<\/li>\n<li data-start=\"940\" data-end=\"959\">J5 : \u00b1360\u00b0<\/li>\n<li data-start=\"940\" data-end=\"959\">J6 : \u00b1360\u00b0<\/li>\n<\/ol>\n<\/li>\n<li data-start=\"1048\" data-end=\"1093\">Velocit\u00e0 massima delle giunture:\u00a0180\u00b0\/s<\/li>\n<\/ul>\n<p><strong>Performance<\/strong><\/p>\n<p>Con un carico massimo di 12 kg e un raggio di lavoro di 1327 mm, il JAKA Zu 12S \u00e8 progettato per eseguire operazioni che richiedono elevata forza e alta precisione, come la manipolazione di componenti pesanti o l&#8217;assemblaggio di parti complesse. La ripetibilit\u00e0 di \u00b10,03 mm assicura che ogni movimento sia eseguito con una precisione costante, migliorando la qualit\u00e0 delle operazioni e riducendo gli errori. La velocit\u00e0 lineare di 3 m\/s e la velocit\u00e0 massima delle giunture di 180\u00b0\/s permettono al JAKA Zu 12S di eseguire movimenti rapidi e fluidi, ottimizzando i tempi di ciclo e aumentando l&#8217;efficienza produttiva.<\/p>\n<p><strong>Manoeuvrabilit\u00e9 et stabilit\u00e9<\/strong><\/p>\n<p>Nonostante la sua capacit\u00e0 di carico maggiore, il JAKA Zu 12S offre un design robusto e manovrabile. Con un peso di 41,3 kg, il robot \u00e8 abbastanza stabile da affrontare operazioni impegnative e, allo stesso tempo, agile abbastanza per integrarsi facilmente in spazi di lavoro ristretti. La velocit\u00e0 e la fluidit\u00e0 dei movimenti, unite alla stabilit\u00e0, consentono al JAKA Zu 12S di svolgere operazioni complesse con una precisione elevata, anche in ambienti produttivi dinamici.<\/p>\n<p><strong>Technologie et s\u00e9curit\u00e9<\/strong><\/p>\n<p>Il JAKA Zu 12S \u00e8 equipaggiato con sistemi di sicurezza avanzati che consentono di lavorare in totale sicurezza fianco a fianco con gli operatori. I sensori integrati monitorano continuamente l\u2019ambiente circostante e regolano automaticamente la velocit\u00e0 e i movimenti per evitare collisioni. La programmazione del robot \u00e8 semplice e intuitiva grazie a un\u2019interfaccia user-friendly che supporta linguaggi di programmazione come Blockly, consentendo un&#8217;integrazione rapida nei processi produttivi esistenti e riducendo i tempi di formazione.<\/p>\n<p><strong>Pourquoi le choisir ?<\/strong><\/p>\n<p>Il JAKA Zu 12S rappresenta la scelta ideale per le aziende che necessitano di un robot collaborativo potente e preciso per applicazioni industriali complesse. Con una capacit\u00e0 di carico di 12 kg, un raggio di lavoro esteso e tecnologie di sicurezza avanzate, il JAKA Zu 12S \u00e8 perfetto per ottimizzare le operazioni industriali che richiedono una combinazione di forza e precisione. Grazie alla sua facilit\u00e0 di programmazione e alla sicurezza integrata, il JAKA Zu 12S offre una soluzione ideale per migliorare l&#8217;efficienza produttiva, ridurre i costi operativi e garantire un ambiente di lavoro sicuro e collaborativo.<\/p>\n<p>&nbsp;<\/p><\/div>\n<p><!-- .vgblk-rw-wrapper --><\/p>","protected":false},"excerpt":{"rendered":"<p>Le <strong>JAKA Zu 12S<\/strong> \u00e8 un robot collaborativo avanzato, progettato per automatizzare operazioni industriali che richiedono una capacit\u00e0 di carico di <strong>12 kg<\/strong>. Con un raggio di lavoro esteso e tecnologie di sicurezza avanzate, \u00e8 la soluzione ideale per applicazioni che richiedono forza, precisione e operazioni sicure in ambienti di lavoro dinamici e collaborativi.<\/p>","protected":false},"featured_media":1013952,"template":"","meta":[],"pwb-brand":[582],"product_brand":[],"product_cat":[280],"product_tag":[],"class_list":{"0":"post-1013816","1":"product","2":"type-product","3":"status-publish","4":"has-post-thumbnail","6":"pwb-brand-jaka","7":"product_cat-robot-collaborativi","9":"first","10":"instock","11":"shipping-taxable","12":"product-type-simple"},"brands":[{"id":582,"name":"JAKA","slug":"jaka"}],"_links":{"self":[{"href":"https:\/\/store.todsystem.com\/fr\/wp-json\/wp\/v2\/product\/1013816","targetHints":{"allow":["GET"]}}],"collection":[{"href":"https:\/\/store.todsystem.com\/fr\/wp-json\/wp\/v2\/product"}],"about":[{"href":"https:\/\/store.todsystem.com\/fr\/wp-json\/wp\/v2\/types\/product"}],"version-history":[{"count":5,"href":"https:\/\/store.todsystem.com\/fr\/wp-json\/wp\/v2\/product\/1013816\/revisions"}],"predecessor-version":[{"id":1018071,"href":"https:\/\/store.todsystem.com\/fr\/wp-json\/wp\/v2\/product\/1013816\/revisions\/1018071"}],"wp:featuredmedia":[{"embeddable":true,"href":"https:\/\/store.todsystem.com\/fr\/wp-json\/wp\/v2\/media\/1013952"}],"wp:attachment":[{"href":"https:\/\/store.todsystem.com\/fr\/wp-json\/wp\/v2\/media?parent=1013816"}],"wp:term":[{"taxonomy":"pwb-brand","embeddable":true,"href":"https:\/\/store.todsystem.com\/fr\/wp-json\/wp\/v2\/pwb-brand?post=1013816"},{"taxonomy":"product_brand","embeddable":true,"href":"https:\/\/store.todsystem.com\/fr\/wp-json\/wp\/v2\/product_brand?post=1013816"},{"taxonomy":"product_cat","embeddable":true,"href":"https:\/\/store.todsystem.com\/fr\/wp-json\/wp\/v2\/product_cat?post=1013816"},{"taxonomy":"product_tag","embeddable":true,"href":"https:\/\/store.todsystem.com\/fr\/wp-json\/wp\/v2\/product_tag?post=1013816"}],"curies":[{"name":"wp","href":"https:\/\/api.w.org\/{rel}","templated":true}]}}