{"id":1013807,"date":"2024-10-31T08:39:17","date_gmt":"2024-10-31T08:39:17","guid":{"rendered":"https:\/\/store.todsystem.com\/?post_type=product&#038;p=1013807"},"modified":"2025-05-06T16:19:16","modified_gmt":"2025-05-06T16:19:16","slug":"jaka-zu-7s","status":"publish","type":"product","link":"https:\/\/store.todsystem.com\/fr\/produit-2\/jaka-zu-7s\/","title":{"rendered":"JAKA Zu 7s"},"content":{"rendered":"<div class=\"vgblk-rw-wrapper limit-wrapper\">\n<p data-start=\"0\" data-end=\"107\">JAKA Zu 7S: Il Robot Collaborativo Avanzato per Alta Capacit\u00e0 e Precisione nell\u2019Automazione Industriale<\/p>\n<p data-start=\"109\" data-end=\"746\">Il JAKA Zu 7S \u00e8 un robot collaborativo all&#8217;avanguardia, progettato per rispondere alle esigenze di automazione industriale che richiedono potenza, precisione e sicurezza. Con una capacit\u00e0 di carico massima di 7 kg e un ampio raggio di lavoro, il JAKA Zu 7S \u00e8 ideale per applicazioni che spaziano dall&#8217;assemblaggio di componenti pesanti, al pick-and-place, al controllo qualit\u00e0 e manipolazione di materiali. Grazie alla sua struttura robusta e ai sistemi di sicurezza avanzati, il JAKA Zu 7S \u00e8 perfetto per lavorare fianco a fianco con gli operatori, ottimizzando l\u2019efficienza produttiva e garantendo la sicurezza nell&#8217;ambiente di lavoro.<\/p>\n<p data-start=\"745\" data-end=\"785\">Principales caract\u00e9ristiques techniques :<\/p>\n<ul data-start=\"786\" data-end=\"1093\">\n<li data-start=\"786\" data-end=\"805\">Peso: 22,3 kg<\/li>\n<li data-start=\"806\" data-end=\"833\">Carico Massimo:\u00a07 kg<\/li>\n<li data-start=\"834\" data-end=\"866\">Raggio di Lavoro:\u00a0819\u00a0mm<\/li>\n<li data-start=\"867\" data-end=\"904\">Velocit\u00e0 Lineare Massima: 2,5 m\/s<\/li>\n<li data-start=\"905\" data-end=\"1047\">Randonn\u00e9es communes :\n<ol data-start=\"940\" data-end=\"1047\">\n<li data-start=\"940\" data-end=\"959\">J1 : \u00b1360\u00b0<\/li>\n<li data-start=\"940\" data-end=\"959\">J2: -85\u00b0+265\u00b0<\/li>\n<li data-start=\"940\" data-end=\"959\">J3: \u00b1175\u00b0<\/li>\n<li data-start=\"940\" data-end=\"959\">J4: -85\u00b0+265\u00b0<\/li>\n<li data-start=\"940\" data-end=\"959\">J5 : \u00b1360\u00b0<\/li>\n<li data-start=\"940\" data-end=\"959\">J6 : \u00b1360\u00b0<\/li>\n<\/ol>\n<\/li>\n<li data-start=\"1048\" data-end=\"1093\">Velocit\u00e0 massima delle giunture:\u00a0180\u00b0\/s<\/li>\n<\/ul>\n<p>Performance :<\/p>\n<p>Il JAKA Zu 7S si distingue per le sue prestazioni eccezionali, con un carico massimo di 7 kg e un raggio di lavoro di 819 mm che lo rendono ideale per compiti che richiedono maggiore forza, portata e precisione. Con una ripetibilit\u00e0 di \u00b10,02 mm, \u00e8 perfetto per operazioni delicate e ad alta precisione, migliorando la qualit\u00e0 del lavoro e riducendo gli errori. La velocit\u00e0 lineare massima di 2,5 m\/s e la velocit\u00e0 delle giunture di 180\u00b0\/s garantiscono movimenti rapidi, fluidi e precisi, ottimizzando i tempi di ciclo e aumentando la produttivit\u00e0.<\/p>\n<p>Manoeuvrabilit\u00e9 et stabilit\u00e9 :<\/p>\n<p>Il JAKA Zu 7S, nonostante la sua capacit\u00e0 di carico maggiore, mantiene un design compatto e una manovrabilit\u00e0 eccellente. Con un peso di 22,3 kg, il robot \u00e8 robusto ma facilmente integrabile in spazi di lavoro ristretti. Grazie alla sua struttura stabile e alla capacit\u00e0 di eseguire movimenti rapidi e precisi, il JAKA Zu 7S \u00e8 in grado di affrontare operazioni dinamiche e complesse senza compromettere la stabilit\u00e0 e la sicurezza.<\/p>\n<p>Technologie et s\u00e9curit\u00e9 :<\/p>\n<p>Il JAKA Zu 7S \u00e8 dotato delle pi\u00f9 moderne tecnologie di sicurezza per garantire un ambiente di lavoro sicuro, senza necessit\u00e0 di barriere fisiche. I sensori avanzati monitorano continuamente l\u2019ambiente e permettono al robot di adattare automaticamente i suoi movimenti per evitare collisioni. La programmazione \u00e8 semplice ed intuitiva, grazie a un\u2019interfaccia user-friendly che supporta linguaggi di programmazione come Blockly, permettendo una rapida integrazione nei processi produttivi esistenti.<\/p>\n<p>Pourquoi le choisir ?<\/p>\n<p>Il JAKA Zu 7S \u00e8 la soluzione ideale per le aziende che necessitano di un robot collaborativo potente e preciso. Con un carico massimo di 7 kg, un ampio raggio di lavoro e una velocit\u00e0 eccellente, questo robot \u00e8 perfetto per automatizzare operazioni complesse, riducendo i tempi di ciclo e migliorando la produttivit\u00e0. Grazie alla sua sicurezza avanzata e alla facilit\u00e0 di programmazione, il JAKA Zu 7S offre una soluzione affidabile ed efficiente per ottimizzare l&#8217;automazione nei processi industriali, garantendo un ambiente di lavoro sicuro e collaborativo.<\/p><\/div>\n<p><!-- .vgblk-rw-wrapper --><\/p>","protected":false},"excerpt":{"rendered":"<p>Le <strong>JAKA Zu 7S<\/strong> \u00e8 un robot collaborativo potente e preciso, progettato per automatizzare operazioni industriali complesse che richiedono un carico massimo di<strong> 7 kg<\/strong>. Con un ampio raggio di lavoro e sistemi di sicurezza avanzati, \u00e8 ideale per aumentare la produttivit\u00e0 in ambienti di lavoro dinamici, mantenendo la sicurezza e la collaborazione con gli operatori.<\/p>\n<h3><\/h3>","protected":false},"featured_media":1013813,"template":"","meta":[],"pwb-brand":[582],"product_brand":[],"product_cat":[280],"product_tag":[],"class_list":{"0":"post-1013807","1":"product","2":"type-product","3":"status-publish","4":"has-post-thumbnail","6":"pwb-brand-jaka","7":"product_cat-robot-collaborativi","9":"first","10":"instock","11":"shipping-taxable","12":"product-type-simple"},"brands":[{"id":582,"name":"JAKA","slug":"jaka"}],"_links":{"self":[{"href":"https:\/\/store.todsystem.com\/fr\/wp-json\/wp\/v2\/product\/1013807","targetHints":{"allow":["GET"]}}],"collection":[{"href":"https:\/\/store.todsystem.com\/fr\/wp-json\/wp\/v2\/product"}],"about":[{"href":"https:\/\/store.todsystem.com\/fr\/wp-json\/wp\/v2\/types\/product"}],"version-history":[{"count":6,"href":"https:\/\/store.todsystem.com\/fr\/wp-json\/wp\/v2\/product\/1013807\/revisions"}],"predecessor-version":[{"id":1016156,"href":"https:\/\/store.todsystem.com\/fr\/wp-json\/wp\/v2\/product\/1013807\/revisions\/1016156"}],"wp:featuredmedia":[{"embeddable":true,"href":"https:\/\/store.todsystem.com\/fr\/wp-json\/wp\/v2\/media\/1013813"}],"wp:attachment":[{"href":"https:\/\/store.todsystem.com\/fr\/wp-json\/wp\/v2\/media?parent=1013807"}],"wp:term":[{"taxonomy":"pwb-brand","embeddable":true,"href":"https:\/\/store.todsystem.com\/fr\/wp-json\/wp\/v2\/pwb-brand?post=1013807"},{"taxonomy":"product_brand","embeddable":true,"href":"https:\/\/store.todsystem.com\/fr\/wp-json\/wp\/v2\/product_brand?post=1013807"},{"taxonomy":"product_cat","embeddable":true,"href":"https:\/\/store.todsystem.com\/fr\/wp-json\/wp\/v2\/product_cat?post=1013807"},{"taxonomy":"product_tag","embeddable":true,"href":"https:\/\/store.todsystem.com\/fr\/wp-json\/wp\/v2\/product_tag?post=1013807"}],"curies":[{"name":"wp","href":"https:\/\/api.w.org\/{rel}","templated":true}]}}