{"id":1013784,"date":"2024-10-30T16:14:00","date_gmt":"2024-10-30T16:14:00","guid":{"rendered":"https:\/\/store.todsystem.com\/?post_type=product&#038;p=1013784"},"modified":"2025-05-07T13:23:14","modified_gmt":"2025-05-07T13:23:14","slug":"deep-robotics-lite3-lidar","status":"publish","type":"product","link":"https:\/\/store.todsystem.com\/fr\/produit-2\/deep-robotics-lite3-lidar\/","title":{"rendered":"DEEP Robotics Lite3 LIDAR"},"content":{"rendered":"<div class=\"vgblk-rw-wrapper limit-wrapper\">Le Lite 3 LiDAR est la version la plus avanc\u00e9e de la gamme Lite 3, \u00e9quip\u00e9e d'un syst\u00e8me de navigation LiDAR qui permet une perception \u00e0 360\u00b0 et une interaction maximale avec l'environnement. Cette version est parfaite pour les applications de cartographie et de navigation autonome dans des environnements complexes, gr\u00e2ce \u00e0 une connectivit\u00e9 Ethernet avanc\u00e9e et \u00e0 une interface qui permet l'int\u00e9gration avec des syst\u00e8mes de gestion avanc\u00e9s. Avec une autonomie d'environ 2 heures, une port\u00e9e de 2,7 km et une charge continue de 5 kg, le Lite 3 LiDAR est l'option ultime pour les applications dans les environnements industriels et le transport autonome.<\/p>\n<h2>Sp\u00e9cifications techniques<\/h2>\n<ul>\n<li><strong>Dimensions<\/strong><br \/>\nDimensions en position debout : 610 mm x 370 mm x 503 mm<br \/>\nPoids (avec batterie) : 13,7 kg<\/li>\n<li><strong>Performance du mouvement<\/strong><br \/>\nCharge continue : 5,0 kg<br \/>\nInclinaison maximale : 40\u00b0.<br \/>\nHauteur de marche surmontable : 15 cm<\/li>\n<li><strong>Batterie<\/strong><br \/>\nAutonomie : 1,5 - 2 heures<br \/>\nDistance maximale de marche : 2,7 km<\/li>\n<li><strong>Communication<\/strong><br \/>\nInterfaces : Type-C, USB3.0, HDMI, Ethernet, Sortie (5V\/24V)<\/li>\n<li><strong>Perception de l'environnement :\u00a0 \u00a0 \u00a0 \u00a0 \u00a0 \u00a0 \u00a0 \u00a0 \u00a0 \u00a0 \u00a0 \u00a0 \u00a0 \u00a0 \u00a0 \u00a0 \u00a0 \u00a0 \u00a0 \u00a0 \u00a0 \u00a0 \u00a0 \u00a0 \u00a0 \u00a0 \u00a0 \u00a0 \u00a0 \u00a0 \u00a0 \u00a0 \u00a0 \u00a0 \u00a0 \u00a0 \u00a0 \u00a0 \u00a0 \u00a0 \u00a0 \u00a0 \u00a0 \u00a0 \u00a0 \u00a0 \u00a0 \u00a0 \u00a0 \u00a0 \u00a0 \u00a0 \u00a0 \u00a0 \u00a0 \u00a0 \u00a0 \u00a0 \u00a0 \u00a0 \u00a0 \u00a0 \u00a0 \u00a0 \u00a0 \u00a0 \u00a0 \u00a0 \u00a0 \u00a0 \u00a0 \u00a0 \u00a0 \u00a0 \u00a0 \u00a0 \u00a0 \u00a0 \u00a0 \u00a0 \u00a0 \u00a0 <\/strong>Avant et arri\u00e8re avec arr\u00eat automatique, \u00e9vitement des obstacles, reconnaissance des objets et navigation autonome<\/li>\n<li><strong>Outils de d\u00e9veloppement :\u00a0 \u00a0 \u00a0 \u00a0 \u00a0 \u00a0 \u00a0 \u00a0 \u00a0 \u00a0 \u00a0 \u00a0 \u00a0 \u00a0 \u00a0 \u00a0 \u00a0 \u00a0 \u00a0 \u00a0 \u00a0 \u00a0 \u00a0 \u00a0 \u00a0 \u00a0 \u00a0 \u00a0 \u00a0 \u00a0 \u00a0 \u00a0 \u00a0 \u00a0 \u00a0 \u00a0 \u00a0 \u00a0 \u00a0 \u00a0 \u00a0 \u00a0 \u00a0 \u00a0 \u00a0 \u00a0 \u00a0 \u00a0 \u00a0 \u00a0 \u00a0 \u00a0 \u00a0 \u00a0 \u00a0 \u00a0 \u00a0 \u00a0 \u00a0 \u00a0 \u00a0 \u00a0 \u00a0 \u00a0 \u00a0 \u00a0 \u00a0 \u00a0 \u00a0 \u00a0 \u00a0 \u00a0 \u00a0 \u00a0 \u00a0 \u00a0 \u00a0 \u00a0 \u00a0 \u00a0 \u00a0 \u00a0 \u00a0 \u00a0 \u00a0 <\/strong>Comprend le mod\u00e8le Urdf, le SDK, l'API, la documentation relative \u00e0 la perception et les interfaces.<\/li>\n<\/ul>\n<p>&nbsp;<\/p>\n<h2>Caract\u00e9ristiques distinctives<\/h2>\n<h3><strong>Perception LiDAR avanc\u00e9e<\/strong><\/h3>\n<p>Le Lite 3 LiDAR est \u00e9quip\u00e9 d'un syst\u00e8me de capteurs LiDAR qui offre une analyse d\u00e9taill\u00e9e de l'environnement, ce qui permet de naviguer avec pr\u00e9cision et en toute s\u00e9curit\u00e9, m\u00eame dans des espaces comportant des obstacles complexes.<\/p>\n<h3><strong>Performance sur terrain irr\u00e9gulier<\/strong><\/h3>\n<p>Avec une charge continue maximale de 5,0 kg et une excellente capacit\u00e9 d'inclinaison, le Lite 3 LiDAR est con\u00e7u pour fonctionner sur des terrains accident\u00e9s et des pentes allant jusqu'\u00e0 40\u00b0, ce qui garantit sa stabilit\u00e9 m\u00eame dans des environnements industriels ou ext\u00e9rieurs.<\/p>\n<h3><strong>Autonomie de la batterie et efficacit\u00e9 \u00e9nerg\u00e9tique<\/strong><\/h3>\n<p>Avec une autonomie de 1,5 \u00e0 2 heures et un syst\u00e8me de gestion de l'\u00e9nergie optimis\u00e9, le Lite 3 LiDAR permet des sessions de travail prolong\u00e9es, en r\u00e9duisant les temps d'arr\u00eat pour la recharge.<\/p>\n<h3><strong>Connectivit\u00e9 polyvalente<\/strong><\/h3>\n<p>Dot\u00e9 de sorties USB3.0, HDMI, Ethernet et 5V\/24V, le Lite 3 LiDAR offre une large compatibilit\u00e9 avec d'autres appareils et syst\u00e8mes, facilitant ainsi son int\u00e9gration dans des solutions d'automatisation complexes.<\/p>\n<h3><strong>Modularit\u00e9 et personnalisation<\/strong><\/h3>\n<p>La structure modulaire permet d'ajouter des accessoires et des modules sp\u00e9cifiques pour des applications personnalis\u00e9es, ce qui fait du Lite 3 LiDAR un outil polyvalent adapt\u00e9 \u00e0 de nombreux secteurs.<\/p><\/div>\n<p><!-- .vgblk-rw-wrapper --><\/p>","protected":false},"excerpt":{"rendered":"<p><strong>Lite3 LiDAR : navigation avanc\u00e9e et perception environnementale de haute pr\u00e9cision.<\/strong> Avec son \u00e9quipement LiDAR, ses multiples interfaces de communication et sa modularit\u00e9, Lite 3 LiDAR est le robot id\u00e9al pour des applications dans des environnements complexes n\u00e9cessitant un niveau de perception plus \u00e9lev\u00e9 et une autonomie optimis\u00e9e.<\/p>","protected":false},"featured_media":1013878,"template":"","meta":[],"pwb-brand":[591],"product_brand":[],"product_cat":[276],"product_tag":[],"class_list":{"0":"post-1013784","1":"product","2":"type-product","3":"status-publish","4":"has-post-thumbnail","6":"pwb-brand-deep-robotics","7":"product_cat-robot-quadrupedi","9":"first","10":"instock","11":"shipping-taxable","12":"product-type-simple"},"brands":[{"id":591,"name":"Robotique profonde","slug":"robotique-profonde"}],"_links":{"self":[{"href":"https:\/\/store.todsystem.com\/fr\/wp-json\/wp\/v2\/product\/1013784","targetHints":{"allow":["GET"]}}],"collection":[{"href":"https:\/\/store.todsystem.com\/fr\/wp-json\/wp\/v2\/product"}],"about":[{"href":"https:\/\/store.todsystem.com\/fr\/wp-json\/wp\/v2\/types\/product"}],"version-history":[{"count":7,"href":"https:\/\/store.todsystem.com\/fr\/wp-json\/wp\/v2\/product\/1013784\/revisions"}],"predecessor-version":[{"id":1016284,"href":"https:\/\/store.todsystem.com\/fr\/wp-json\/wp\/v2\/product\/1013784\/revisions\/1016284"}],"wp:featuredmedia":[{"embeddable":true,"href":"https:\/\/store.todsystem.com\/fr\/wp-json\/wp\/v2\/media\/1013878"}],"wp:attachment":[{"href":"https:\/\/store.todsystem.com\/fr\/wp-json\/wp\/v2\/media?parent=1013784"}],"wp:term":[{"taxonomy":"pwb-brand","embeddable":true,"href":"https:\/\/store.todsystem.com\/fr\/wp-json\/wp\/v2\/pwb-brand?post=1013784"},{"taxonomy":"product_brand","embeddable":true,"href":"https:\/\/store.todsystem.com\/fr\/wp-json\/wp\/v2\/product_brand?post=1013784"},{"taxonomy":"product_cat","embeddable":true,"href":"https:\/\/store.todsystem.com\/fr\/wp-json\/wp\/v2\/product_cat?post=1013784"},{"taxonomy":"product_tag","embeddable":true,"href":"https:\/\/store.todsystem.com\/fr\/wp-json\/wp\/v2\/product_tag?post=1013784"}],"curies":[{"name":"wp","href":"https:\/\/api.w.org\/{rel}","templated":true}]}}