{"id":1013762,"date":"2024-10-30T15:08:04","date_gmt":"2024-10-30T15:08:04","guid":{"rendered":"https:\/\/store.todsystem.com\/?post_type=product&#038;p=1013762"},"modified":"2025-05-07T13:22:02","modified_gmt":"2025-05-07T13:22:02","slug":"deep-robotics-lite3-pro","status":"publish","type":"product","link":"https:\/\/store.todsystem.com\/fr\/produit-2\/deep-robotics-lite3-pro\/","title":{"rendered":"DEEP Robotics Lite3 Pro"},"content":{"rendered":"<div class=\"vgblk-rw-wrapper limit-wrapper\">e Lite 3 Pro est une version hautement optimis\u00e9e du Lite 3, dot\u00e9e d'un syst\u00e8me de perception avanc\u00e9 avec des capteurs d'\u00e9vitement d'obstacles, de reconnaissance d'objets et d'une capacit\u00e9 de charge continue de 6,5 kg. Dot\u00e9 d'une connectivit\u00e9 polyvalente (USB 3.0, HDMI, Type-C), le Pro est id\u00e9al pour les applications de simulation et les d\u00e9veloppements secondaires tels que les SDK, les API et le contr\u00f4le robotique avanc\u00e9. L'autonomie de la batterie, qui peut atteindre 2 heures, et la capacit\u00e9 \u00e0 parcourir 3,4 km le rendent adapt\u00e9 aux t\u00e2ches complexes sur des terrains accident\u00e9s et aux op\u00e9rations n\u00e9cessitant des mouvements de pr\u00e9cision.<\/p>\n<h2>Caract\u00e9ristiques techniques du Lite 3 Pro<\/h2>\n<ul>\n<li><strong>Dimensions :<\/strong> 610 mm x 370 mm x 445 mm<\/li>\n<li><strong>Poids (avec batterie) :<\/strong> 12,7 kg<\/li>\n<li><strong>Dur\u00e9e de vie de la batterie :<\/strong> 1,5-2 heures<\/li>\n<li><strong>Distance maximale :<\/strong> 3,4 km<\/li>\n<li><strong>Inclinaison maximale :<\/strong> 40\u00b0<\/li>\n<li><strong>Hauteur maximale de la marche :<\/strong> 15 cm<\/li>\n<li><strong>Charge continue :<\/strong> 6,5 kg<\/li>\n<li><strong>Perception de l'environnement :<\/strong> Avant et arri\u00e8re avec arr\u00eat automatique, \u00e9vitement des obstacles et reconnaissance des objets<\/li>\n<li><strong>Interface de communication :<\/strong> Type-C, USB3.0, HDMI, Ethernet, Sortie (5V\/24V)<\/li>\n<li><strong>Outils de d\u00e9veloppement :<\/strong> Comprend le mod\u00e8le Urdf, le SDK, l'API, la documentation relative \u00e0 la perception et les interfaces.<\/li>\n<\/ul>\n<p>&nbsp;<\/p>\n<h2>Caract\u00e9ristiques distinctives<\/h2>\n<ol>\n<li><strong>Une force motrice accrue<\/strong> Le Lite 3 Venture offre un couple articulaire et une densit\u00e9 de force am\u00e9lior\u00e9s, garantissant des mouvements stables et robustes, m\u00eame sur des surfaces irr\u00e9guli\u00e8res et dans des environnements complexes.<\/li>\n<li><strong>Algorithme de contr\u00f4le am\u00e9lior\u00e9<\/strong> Gr\u00e2ce \u00e0 un algorithme avanc\u00e9, le Lite 3 Venture est con\u00e7u pour offrir une plus grande agilit\u00e9 et une plus grande pr\u00e9cision de mouvement. La capacit\u00e9 de man\u0153uvre am\u00e9lior\u00e9e permet au robot d'effectuer des mouvements complexes et de r\u00e9pondre rapidement aux demandes de l'op\u00e9rateur.<\/li>\n<li><strong>Perception avanc\u00e9e de l'environnement<\/strong> \u00c9quip\u00e9 d'un syst\u00e8me de vision 3D et de multiples capteurs, le Lite 3 Venture assure une interaction pr\u00e9cise avec son environnement. Il d\u00e9tecte les obstacles et les changements de terrain, s'adaptant automatiquement pour maintenir une navigation s\u00fbre.<\/li>\n<li><strong>Modularit\u00e9 \u00e9largie<\/strong> La structure modulaire permet d'int\u00e9grer de nombreux accessoires et modules compl\u00e9mentaires pour des configurations sp\u00e9cifiques. Sa flexibilit\u00e9 permet d'utiliser le Lite 3 Venture dans des applications personnalis\u00e9es allant du transport \u00e0 la surveillance.<\/li>\n<li><strong>Interface de communication avanc\u00e9e<\/strong> Le Lite 3 Venture est \u00e9quip\u00e9 d'une interface de communication Ethernet (jusqu'\u00e0 2\u00d7100\/24V) pour faciliter la connexion avec d'autres appareils et r\u00e9seaux, assurant ainsi un contr\u00f4le \u00e0 distance stable et s\u00e9curis\u00e9.<\/li>\n<\/ol>\n<p>&nbsp;<\/p><\/div>\n<p><!-- .vgblk-rw-wrapper --><\/p>","protected":false},"excerpt":{"rendered":"<p><strong>Lite 3 Venture : le robot bionique quadrup\u00e8de dot\u00e9 d'un contr\u00f4le avanc\u00e9, d'une interaction environnementale renforc\u00e9e et d'une modularit\u00e9 maximale.<\/strong> Avec une force motrice sup\u00e9rieure, une perception environnementale avanc\u00e9e et des possibilit\u00e9s d'expansion modulaire, le Lite 3 Venture est con\u00e7u pour offrir une automatisation fiable et flexible dans des applications dynamiques.<\/p>","protected":false},"featured_media":1014372,"template":"","meta":[],"pwb-brand":[591],"product_brand":[],"product_cat":[276],"product_tag":[],"class_list":{"0":"post-1013762","1":"product","2":"type-product","3":"status-publish","4":"has-post-thumbnail","6":"pwb-brand-deep-robotics","7":"product_cat-robot-quadrupedi","9":"first","10":"instock","11":"shipping-taxable","12":"product-type-simple"},"brands":[{"id":591,"name":"Robotique profonde","slug":"robotique-profonde"}],"_links":{"self":[{"href":"https:\/\/store.todsystem.com\/fr\/wp-json\/wp\/v2\/product\/1013762","targetHints":{"allow":["GET"]}}],"collection":[{"href":"https:\/\/store.todsystem.com\/fr\/wp-json\/wp\/v2\/product"}],"about":[{"href":"https:\/\/store.todsystem.com\/fr\/wp-json\/wp\/v2\/types\/product"}],"version-history":[{"count":4,"href":"https:\/\/store.todsystem.com\/fr\/wp-json\/wp\/v2\/product\/1013762\/revisions"}],"predecessor-version":[{"id":1013841,"href":"https:\/\/store.todsystem.com\/fr\/wp-json\/wp\/v2\/product\/1013762\/revisions\/1013841"}],"wp:featuredmedia":[{"embeddable":true,"href":"https:\/\/store.todsystem.com\/fr\/wp-json\/wp\/v2\/media\/1014372"}],"wp:attachment":[{"href":"https:\/\/store.todsystem.com\/fr\/wp-json\/wp\/v2\/media?parent=1013762"}],"wp:term":[{"taxonomy":"pwb-brand","embeddable":true,"href":"https:\/\/store.todsystem.com\/fr\/wp-json\/wp\/v2\/pwb-brand?post=1013762"},{"taxonomy":"product_brand","embeddable":true,"href":"https:\/\/store.todsystem.com\/fr\/wp-json\/wp\/v2\/product_brand?post=1013762"},{"taxonomy":"product_cat","embeddable":true,"href":"https:\/\/store.todsystem.com\/fr\/wp-json\/wp\/v2\/product_cat?post=1013762"},{"taxonomy":"product_tag","embeddable":true,"href":"https:\/\/store.todsystem.com\/fr\/wp-json\/wp\/v2\/product_tag?post=1013762"}],"curies":[{"name":"wp","href":"https:\/\/api.w.org\/{rel}","templated":true}]}}