{"id":1013756,"date":"2024-10-30T14:31:55","date_gmt":"2024-10-30T14:31:55","guid":{"rendered":"https:\/\/store.todsystem.com\/?post_type=product&#038;p=1013756"},"modified":"2025-05-07T13:22:06","modified_gmt":"2025-05-07T13:22:06","slug":"deep-robotics-lite3-venture","status":"publish","type":"product","link":"https:\/\/store.todsystem.com\/fr\/produit-2\/deep-robotics-lite3-venture\/","title":{"rendered":"DEEP Robotics Lite3 Venture"},"content":{"rendered":"<div class=\"vgblk-rw-wrapper limit-wrapper\">Le Lite 3 Venture est un robot bionique quadrup\u00e8de con\u00e7u pour les op\u00e9rations industrielles avanc\u00e9es et les environnements exigeant une grande man\u0153uvrabilit\u00e9 et une grande pr\u00e9cision. Avec une capacit\u00e9 de charge continue de 7 kg, une autonomie de 2 heures et une port\u00e9e de 4 km, le Venture assure une grande efficacit\u00e9 dans les t\u00e2ches lourdes. \u00c9quip\u00e9 d'une connectivit\u00e9 Ethernet, parfait pour les t\u00e2ches n\u00e9cessitant de l'agilit\u00e9 sur des pentes allant jusqu'\u00e0 40\u00b0 et des marches de 15 cm, le Venture est particuli\u00e8rement adapt\u00e9 aux applications n\u00e9cessitant un syst\u00e8me de perception avanc\u00e9 avec des capteurs d'\u00e9vitement d'obstacles et de reconnaissance d'objets.<\/p>\n<h2>Sp\u00e9cifications techniques<\/h2>\n<ul>\n<li><strong>Dimensions :<\/strong> 610 mm x 370 mm x 445 mm<\/li>\n<li><strong>Poids (avec batterie) :<\/strong> 12,2 kg<\/li>\n<li><strong>Dur\u00e9e de vie de la batterie :<\/strong> 1,5-2 heures<\/li>\n<li><strong>Distance maximale :<\/strong> 4 km<\/li>\n<li><strong>Inclinaison maximale :<\/strong> 40\u00b0<\/li>\n<li><strong>Hauteur maximale de la marche :<\/strong> 15 cm<\/li>\n<li><strong>Charge continue :<\/strong> 7 kg<\/li>\n<li><strong>Perception de l'environnement :<\/strong> Avant et arri\u00e8re avec arr\u00eat automatique et reconnaissance des objets<\/li>\n<li><strong>Interface de communication :<\/strong> Ethernet, Sortie (5V\/12V\/24V)<\/li>\n<\/ul>\n<ul>\n<li style=\"list-style-type: none;\">\n<ul>\n<li style=\"list-style-type: none;\"><\/li>\n<\/ul>\n<\/li>\n<\/ul>\n<h2>Contr\u00f4le algorithmique avanc\u00e9<\/h2>\n<p>Gr\u00e2ce \u00e0 un contr\u00f4le algorithmique de pr\u00e9cision, le Lite 3 Venture est agile et r\u00e9actif, s'adaptant rapidement aux changements de l'environnement et conservant sa stabilit\u00e9 m\u00eame dans les man\u0153uvres les plus complexes. Cette capacit\u00e9 de contr\u00f4le pr\u00e9cis rend le robot id\u00e9al pour les applications dans des environnements dynamiques qui n\u00e9cessitent une manipulation rapide et pr\u00e9cise.<\/p>\n<h2>Am\u00e9lioration de la perception et de la s\u00e9curit\u00e9<\/h2>\n<p>Le syst\u00e8me de perception du Lite 3 Venture comprend des capacit\u00e9s d'arr\u00eat automatique et de d\u00e9tection d'objets \u00e0 l'avant et \u00e0 l'arri\u00e8re, ce qui renforce la s\u00e9curit\u00e9 op\u00e9rationnelle. Ce syst\u00e8me permet au robot d'\u00e9viter les collisions et de se d\u00e9placer avec une plus grande autonomie, optimisant ainsi l'efficacit\u00e9 des op\u00e9rations et garantissant la s\u00e9curit\u00e9 autour des personnes ou des obstacles.<\/p>\n<h2>Modularit\u00e9 et personnalisation<\/h2>\n<p>La structure modulaire du Lite 3 Venture supporte de nombreux modules additionnels, offrant des possibilit\u00e9s d'extension fonctionnelle pour r\u00e9pondre \u00e0 des besoins sp\u00e9cifiques. Gr\u00e2ce \u00e0 l'interface Ethernet, le robot peut \u00eatre int\u00e9gr\u00e9 dans les syst\u00e8mes de r\u00e9seau d'entreprise, ce qui facilite le contr\u00f4le \u00e0 distance et la communication avec d'autres infrastructures.<\/p>\n<h2>Dur\u00e9e et autonomie optimis\u00e9es<\/h2>\n<p>Le Lite 3 Venture est con\u00e7u pour fonctionner en continu jusqu'\u00e0 2 heures, ce qui permet d'allonger les cycles de travail et de r\u00e9duire le besoin de recharges fr\u00e9quentes. Cette autonomie accrue augmente la productivit\u00e9 et r\u00e9duit les temps d'arr\u00eat, ce qui le rend particuli\u00e8rement adapt\u00e9 aux op\u00e9rations industrielles et logistiques.<\/p><\/div>\n<p><!-- .vgblk-rw-wrapper --><\/p>","protected":false},"excerpt":{"rendered":"<p>Il Lite 3 Venture \u00e8 un robot quadrupede bionico, progettato per operazioni industriali avanzate e ambienti che richiedono alta manovrabilit\u00e0 e precisione. Con una capacit\u00e0 di carico continuo di 7 kg, durata della batteria fino a 2 ore e un&#8217;autonomia di 4 km, il Venture assicura un&#8217;elevata efficienza nei compiti pesanti. Dotato di connettivit\u00e0 Ethernet,&#8230;<\/p>","protected":false},"featured_media":1013901,"template":"","meta":[],"pwb-brand":[591],"product_brand":[],"product_cat":[276],"product_tag":[],"class_list":{"0":"post-1013756","1":"product","2":"type-product","3":"status-publish","4":"has-post-thumbnail","6":"pwb-brand-deep-robotics","7":"product_cat-robot-quadrupedi","9":"first","10":"instock","11":"shipping-taxable","12":"product-type-simple"},"brands":[{"id":591,"name":"Robotique profonde","slug":"robotique-profonde"}],"_links":{"self":[{"href":"https:\/\/store.todsystem.com\/fr\/wp-json\/wp\/v2\/product\/1013756","targetHints":{"allow":["GET"]}}],"collection":[{"href":"https:\/\/store.todsystem.com\/fr\/wp-json\/wp\/v2\/product"}],"about":[{"href":"https:\/\/store.todsystem.com\/fr\/wp-json\/wp\/v2\/types\/product"}],"version-history":[{"count":10,"href":"https:\/\/store.todsystem.com\/fr\/wp-json\/wp\/v2\/product\/1013756\/revisions"}],"predecessor-version":[{"id":1016281,"href":"https:\/\/store.todsystem.com\/fr\/wp-json\/wp\/v2\/product\/1013756\/revisions\/1016281"}],"wp:featuredmedia":[{"embeddable":true,"href":"https:\/\/store.todsystem.com\/fr\/wp-json\/wp\/v2\/media\/1013901"}],"wp:attachment":[{"href":"https:\/\/store.todsystem.com\/fr\/wp-json\/wp\/v2\/media?parent=1013756"}],"wp:term":[{"taxonomy":"pwb-brand","embeddable":true,"href":"https:\/\/store.todsystem.com\/fr\/wp-json\/wp\/v2\/pwb-brand?post=1013756"},{"taxonomy":"product_brand","embeddable":true,"href":"https:\/\/store.todsystem.com\/fr\/wp-json\/wp\/v2\/product_brand?post=1013756"},{"taxonomy":"product_cat","embeddable":true,"href":"https:\/\/store.todsystem.com\/fr\/wp-json\/wp\/v2\/product_cat?post=1013756"},{"taxonomy":"product_tag","embeddable":true,"href":"https:\/\/store.todsystem.com\/fr\/wp-json\/wp\/v2\/product_tag?post=1013756"}],"curies":[{"name":"wp","href":"https:\/\/api.w.org\/{rel}","templated":true}]}}