{"id":1013728,"date":"2024-10-30T14:19:36","date_gmt":"2024-10-30T14:19:36","guid":{"rendered":"https:\/\/store.todsystem.com\/?post_type=product&#038;p=1013728"},"modified":"2025-05-07T13:23:06","modified_gmt":"2025-05-07T13:23:06","slug":"deep-robotics-lite3-basic","status":"publish","type":"product","link":"https:\/\/store.todsystem.com\/fr\/produit-2\/deep-robotics-lite3-basic\/","title":{"rendered":"DEEP Robotics Lite3 Basic"},"content":{"rendered":"<div class=\"vgblk-rw-wrapper limit-wrapper\">Le <strong>Lite 3 Basic<\/strong> rappresenta la versione pi\u00f9 accessibile e versatile della linea Lite 3. Progettato per compiti essenziali in ambienti industriali e di ricerca, questo robot quadrupede unisce semplicit\u00e0 d\u2019uso e prestazioni affidabili, mantenendo dimensioni compatte e un peso leggero di 12 kg. Con una durata della batteria di circa 2 ore e un\u2019autonomia di 5 km, il Lite 3 Basic \u00e8 ideale per operazioni ripetitive e trasporto leggero. Grazie alla capacit\u00e0 di scalare pendenze fino a 40\u00b0 e superare ostacoli fino a 10 cm<\/p>\n<p>Sp\u00e9cifications techniques<\/p>\n<ul>\n<li><strong>Dimensions (en position debout) :<\/strong> 610 mm x 370 mm x 406 mm<\/li>\n<li><strong>Poids (avec batterie) :<\/strong> 12 kg<\/li>\n<li><strong>Charge durable (en continu) :<\/strong> jusqu'\u00e0 7,5 kg<\/li>\n<li><strong>Inclinaison :<\/strong> jusqu'\u00e0 40<\/li>\n<li><strong>Superbe d\u00e9marche :<\/strong> jusqu'\u00e0 15 cm<\/li>\n<li><strong>Autonomie de la batterie :<\/strong> 1,5 \u00e0 2 heures<\/li>\n<li><strong>Distance maximale parcourue :<\/strong> 5 km<\/li>\n<li><strong>Perception de l'environnement : <\/strong>avant et arri\u00e8re avec arr\u00eat automatique et reconnaissance des objets<strong>i<\/strong><\/li>\n<li><strong>Interface de communication :<\/strong> compatibilit\u00e9 avec divers modules d'extension<\/li>\n<\/ul>\n<p style=\"text-align: left;\">Force motrice et stabilit\u00e9<\/p>\n<p style=\"text-align: left;\">Le Lite 3 Basic est \u00e9quip\u00e9 d'un syst\u00e8me d'articulation qui lui conf\u00e8re une grande puissance de conduite et une grande stabilit\u00e9 sur les terrains de base. Cette puissance permet au robot de se d\u00e9placer en toute s\u00e9curit\u00e9 et avec pr\u00e9cision dans des environnements standard, tout en conservant un excellent contr\u00f4le, m\u00eame dans des conditions d'utilisation courantes.<\/p>\n<p>&nbsp;<\/p>\n<p>Algorithme de contr\u00f4le essentiel<\/p>\n<p>Gr\u00e2ce \u00e0 un algorithme de contr\u00f4le efficace, le Lite 3 Basic est capable d'effectuer des mouvements pr\u00e9cis tout en conservant un bon \u00e9quilibre et en offrant une grande maniabilit\u00e9 pour des applications dans des environnements r\u00e9guliers. La capacit\u00e9 \u00e0 \u00e9viter les obstacles et \u00e0 s'arr\u00eater automatiquement garantit la s\u00e9curit\u00e9 lors des op\u00e9rations quotidiennes.<\/p>\n<p>Syst\u00e8me de perception de base<\/p>\n<p>Le Lite 3 Basic est \u00e9quip\u00e9 de capteurs avant et arri\u00e8re qui d\u00e9tectent les objets et activent la fonction d'arr\u00eat automatique en cas d'obstacles, garantissant une interaction environnementale s\u00fbre pour les t\u00e2ches de routine.<\/p>\n<p style=\"text-align: left;\">Une modularit\u00e9 essentielle<\/p>\n<p>La struttura modulare del Lite 3 Basic consente una personalizzazione di base, offrendo la possibilit\u00e0 di aggiungere strumenti e moduli essenziali per adattarlo a diversi compiti. Questa flessibilit\u00e0 lo rende un&#8217;opzione economica e versatile per diverse applicazioni. Il Lite 3 Basic rappresenta una combinazione unica di potenza, precisione e flessibilit\u00e0, che lo rende ideale per compiti impegnativi e ambienti operativi complessi. Grazie alla capacit\u00e0 di affrontare pendenze e scalare gradini, oltre a un\u2019autonomia prolungata e un\u2019interfaccia di controllo avanzata, il Lite 3 Basic \u00e8 uno strumento innovativo e potente per applicazioni industriali e operative di alto livello.<\/p><\/div>\n<p><!-- .vgblk-rw-wrapper --><\/p>","protected":false},"excerpt":{"rendered":"<p>Le Lite 3 Basic est un robot quadrup\u00e8de avanc\u00e9 con\u00e7u pour offrir des performances exceptionnelles et une flexibilit\u00e9 totale. Dot\u00e9 du couple accru du 50%, d'un algorithme de contr\u00f4le pr\u00e9cis et d'une autonomie de 2 heures, il offre une capacit\u00e9 de charge \u00e9lev\u00e9e, la possibilit\u00e9 de le personnaliser \u00e0 l'aide de modules compl\u00e9mentaires et une interface intuitive. Il est id\u00e9al pour les environnements industriels et les applications n\u00e9cessitant de l'agilit\u00e9 et une interaction visuelle en temps r\u00e9el.<\/p>","protected":false},"featured_media":1013865,"template":"","meta":[],"pwb-brand":[591],"product_brand":[],"product_cat":[276],"product_tag":[],"class_list":{"0":"post-1013728","1":"product","2":"type-product","3":"status-publish","4":"has-post-thumbnail","6":"pwb-brand-deep-robotics","7":"product_cat-robot-quadrupedi","9":"first","10":"instock","11":"shipping-taxable","12":"product-type-simple"},"brands":[{"id":591,"name":"Robotique profonde","slug":"robotique-profonde"}],"_links":{"self":[{"href":"https:\/\/store.todsystem.com\/fr\/wp-json\/wp\/v2\/product\/1013728","targetHints":{"allow":["GET"]}}],"collection":[{"href":"https:\/\/store.todsystem.com\/fr\/wp-json\/wp\/v2\/product"}],"about":[{"href":"https:\/\/store.todsystem.com\/fr\/wp-json\/wp\/v2\/types\/product"}],"version-history":[{"count":10,"href":"https:\/\/store.todsystem.com\/fr\/wp-json\/wp\/v2\/product\/1013728\/revisions"}],"predecessor-version":[{"id":1016282,"href":"https:\/\/store.todsystem.com\/fr\/wp-json\/wp\/v2\/product\/1013728\/revisions\/1016282"}],"wp:featuredmedia":[{"embeddable":true,"href":"https:\/\/store.todsystem.com\/fr\/wp-json\/wp\/v2\/media\/1013865"}],"wp:attachment":[{"href":"https:\/\/store.todsystem.com\/fr\/wp-json\/wp\/v2\/media?parent=1013728"}],"wp:term":[{"taxonomy":"pwb-brand","embeddable":true,"href":"https:\/\/store.todsystem.com\/fr\/wp-json\/wp\/v2\/pwb-brand?post=1013728"},{"taxonomy":"product_brand","embeddable":true,"href":"https:\/\/store.todsystem.com\/fr\/wp-json\/wp\/v2\/product_brand?post=1013728"},{"taxonomy":"product_cat","embeddable":true,"href":"https:\/\/store.todsystem.com\/fr\/wp-json\/wp\/v2\/product_cat?post=1013728"},{"taxonomy":"product_tag","embeddable":true,"href":"https:\/\/store.todsystem.com\/fr\/wp-json\/wp\/v2\/product_tag?post=1013728"}],"curies":[{"name":"wp","href":"https:\/\/api.w.org\/{rel}","templated":true}]}}